{"id":19146,"date":"2020-11-04T10:54:11","date_gmt":"2020-11-04T10:54:11","guid":{"rendered":"https:\/\/sofiaimplantcentre.com\/privacy\/"},"modified":"2023-03-21T17:08:42","modified_gmt":"2023-03-21T15:08:42","slug":"privacy","status":"publish","type":"page","link":"https:\/\/sofiaimplantcentre.com\/de\/privacy\/","title":{"rendered":"Privacy Policy"},"content":{"rendered":"\r\n<p>Wir freuen uns \u00fcber Ihr Interesse an unseren Dienstleistungen und unserer Website (https:\/\/sofiaimplantcentre.com\/) (unsere \u201eWebsite\u201c und zusammen mit unseren Dienstleistungen und Produkten unsere \u201eDienstleistungen\u201c). Datenschutz ist uns sehr wichtig und wir verpflichten uns, Ihre Privatsph\u00e4re zu sch\u00fctzen und zu respektieren. Diese Datenschutzrichtlinie enth\u00e4lt Informationen dar\u00fcber, wie wir Daten erheben, speichern, verarbeiten, \u00fcbertragen und nutzen, die Sie als nat\u00fcrliche Person identifizieren oder mit Ihnen in Verbindung gebracht werden (im Folgenden \u201epersonenbezogene Daten\u201c) und die der Europ\u00e4ischen Datenschutzverordnung ( der \u201eDSGVO\u201c). Personenbezogene Daten sind alle personenbezogenen Daten im Sinne von Art. 4(1) DSGVO.<\/p>\r\n<p>Diese Datenschutzrichtlinie beschreibt nicht die Verarbeitung personenbezogener Daten, bei der das Sofia Implant Center personenbezogene Daten im Auftrag anderer Datenverantwortlicher verarbeitet, beispielsweise wenn wir personenbezogene Daten verarbeiten, wenn wir Dienstleistungen f\u00fcr Kunden in der EU im Auftrag einer Datenverarbeitungsvereinbarung erbringen die Kapazit\u00e4t eines Datenverarbeiters. Wenn Sie Fragen zu unserer Verarbeitung der beschriebenen personenbezogenen Daten haben, wenden Sie sich bitte an die EU-Einheit, die f\u00fcr die Verarbeitung Ihrer personenbezogenen Daten verantwortlich ist.<\/p>\r\n<p>1. Wer ist der Datenverantwortliche f\u00fcr Ihre personenbezogenen Daten?<\/p>\r\n<p>Wir, das hei\u00dft \u201eMedical And Dental Center Sofia Implant\u201c Ltd., mit eingetragener Adresse 251G Ring Road, Sofia, 1715, Bulgarien, und Handelsregisternummer 206304001 (\u201eSofia Implant Centre\u201c oder \u201ewir\u201c) sind ein Verantwortlicher oder ggf. Auftragsverarbeiter der personenbezogenen Daten des Kunden gem\u00e4\u00df der europ\u00e4ischen Datenschutzgesetzgebung. Wir sind f\u00fcr die Verarbeitung Ihrer personenbezogenen Daten verantwortlich und kontrollieren diese. Wenn Sie uns kontaktieren m\u00f6chten, finden Sie unsere Kontaktdaten am Ende dieser Datenschutzerkl\u00e4rung.<\/p>\r\n<p>2. Welche personenbezogenen Daten erfassen wir?<\/p>\r\n<p>Im Zusammenhang mit der Erbringung unserer Dienste k\u00f6nnen wir Informationen \u00fcber Sie sammeln. Diese Informationen umfassen regelm\u00e4\u00dfig Folgendes:<\/p>\r\n<p>\u25cf Wenn Sie ein Konto erstellen: Ihr Name, Ihre E-Mail-Adresse, Telefonnummer, IP-Adresse, Zeitzone, Spracheinstellungen, Arbeitgeber, Position sowie Informationen zur Verwaltung Ihres Kontos; Informationen, um die Nutzung der Dienste zu erm\u00f6glichen; Informationen zur Rechnungsstellung und Zahlungsverfolgung.<\/p>\r\n<p>\u25cf Wenn Sie unsere Dienste nutzen: Ihr Name, Ihre E-Mail-Adresse, Telefonnummer, Zeitzone, Arbeitgeber, Position, Spracheinstellungen, IP-Adresse, Zeitzone, Avatarbild sowie Informationen zu unserer Kommunikation mit Ihnen und alle zus\u00e4tzlichen Informationen, die Sie bereitstellen uns mit, solange Ihre Datenschutzeinstellungen den Zugriff auf diese Informationen zulassen.<\/p>\r\n<p>\u25cf Wenn Sie Anmeldeinformationen f\u00fcr Drittanbieter-Konten verwenden, um sich bei unseren Diensten anzumelden: Wir k\u00f6nnen einige Informationen erfassen, die mit Ihrem Drittanbieter-Konto verkn\u00fcpft sind, wie z , IDs, Kategorien, Anzahl der Likes).<\/p>\r\n<p>\u25cf Wenn Sie uns kontaktieren (\u00fcber unsere Website oder per Telefon, E-Mail oder Brief) oder uns eine Anfrage senden: Name, E-Mail-Adresse, IP-Adresse, Informationen zu unserer Kommunikation mit Ihnen und alle zus\u00e4tzlichen Informationen, die Sie uns zur Verf\u00fcgung stellen.<\/p>\r\n<p>\u25cf Wenn Sie lediglich unsere Website nutzen\u200b: Unser Server protokolliert Ihren Browser oder Ihr Ger\u00e4t, was IP-Adresse, Geolokalisierungsdaten, Ger\u00e4teidentifikation, Browserdaten, Browsertyp (Benutzeragent, Browserversion usw.), Ger\u00e4tetyp, Ger\u00e4temodell beinhalten kann , Betriebssystemversion, Bildschirmaufl\u00f6sung, Informationen \u00fcber Ihre Nutzung unserer Website (Auflistung besuchter Seiten usw.) und Online-Aktivit\u00e4ten und Informationen, die mit der Verwendung von Cookies erhalten wurden (siehe Abschnitt 9 unten).<\/p>\r\n<p>3. Wie erfassen wir Ihre Daten?<\/p>\r\n<p>Diese personenbezogenen Daten werden auf vielf\u00e4ltige Weise erfasst und k\u00f6nnen Folgendes umfassen:<\/p>\r\n<p>\u25cf personenbezogene Daten, die Sie uns zur Verf\u00fcgung stellen: Die meisten personenbezogenen Daten, die wir erhalten, erhalten wir freiwillig von unseren Benutzern im Laufe der Nutzung unserer Dienste, z. B. beim Besuch unserer Website, bei der Kommunikation mit uns oder bei der Anforderung unserer Dienste.<\/p>\r\n<p>Es steht Ihnen frei, welche Informationen Sie uns zur Verf\u00fcgung stellen m\u00f6chten oder ob Sie uns \u00fcberhaupt Informationen zur Verf\u00fcgung stellen m\u00f6chten. Einige Informationen, wie z. B. Ihr Name, Ihre E-Mail-Adresse, Telefonnummer und Informationen zu Ihren angeforderten Dienstleistungen, k\u00f6nnen jedoch f\u00fcr die Erf\u00fcllung unserer vertraglichen Verpflichtungen erforderlich sein. Ohne die Bereitstellung dieser Informationen k\u00f6nnen Sie bestimmte Dienste nicht bestellen oder einen Vertrag mit uns abschlie\u00dfen.<\/p>\r\n<p>\u25cf Mittels Technologie erfasste personenbezogene Daten\u200b: Wenn Sie unsere Website nutzen, erfassen wir m\u00f6glicherweise passive Daten durch die Verwendung von Cookies. Weitere Informationen finden Sie in Abschnitt 9 unten.<\/p>\r\n<p>\u25cf personenbezogene Daten, die wir von anderen erhalten:\u200b Wir k\u00f6nnen personenbezogene Daten \u00fcber Benutzer von Dritten erhalten, z. B. von Social-Media-Websites, Strafverfolgungsbeh\u00f6rden, Anbietern von Denied-Party-Screening und Marketingberatern.<\/p>\r\n<p>4. Warum und auf welcher Rechtsgrundlage erheben und verwenden wir Ihre personenbezogenen Daten?<\/p>\r\n<p>Bitte beachten Sie, dass sich der Hinweis zur Rechtsgrundlage auf die Rechtsgrundlagen nach der DSGVO bezieht. Die Gr\u00fcnde f\u00fcr die Verwendung Ihrer personenbezogenen Daten k\u00f6nnen je nach Zweck der Erhebung unterschiedlich sein<\/p>\r\n<p>nung. Wir verwenden Ihre Informationen regelm\u00e4\u00dfig f\u00fcr die folgenden Zwecke und aus den folgenden rechtlichen Gr\u00fcnden:<\/p>\r\n<p>\u25cf Wir verwenden Ihre Daten, um unsere vertraglichen Leistungen zu erbringen oder vor Abschluss eines Vertrages mit Ihnen. Wenn Sie Dienstleistungen vom Sofia Implant Center bestellen oder uns kontaktieren, um unsere Dienstleistungen anzufordern, verwenden wir Ihre Daten, um Ihnen diese Dienstleistungen bereitzustellen. Zu den von uns verwendeten Informationen geh\u00f6ren: Informationen, die wir ben\u00f6tigen, um Sie zu kontaktieren oder anderweitig mit Ihnen zu kommunizieren; wenn Sie ein registrierter Benutzer sind: Informationen zur Verwaltung Ihres Kontos; Informationen, um die Nutzung der Dienste zu erm\u00f6glichen; Informationen zur Rechnungsstellung und Zahlungsverfolgung.<\/p>\r\n<p>\u25cf Wir verwenden Ihre Informationen, wenn dies durch unsere berechtigten Interessen gerechtfertigt ist. Die Nutzung Ihrer Daten kann auch f\u00fcr unsere eigenen Gesch\u00e4ftsinteressen erforderlich sein. Beispielsweise k\u00f6nnen wir einige Ihrer Informationen verwenden, um unsere Gesch\u00e4ftsleistung zu bewerten und zu \u00fcberpr\u00fcfen, Jahresabschl\u00fcsse zu erstellen; um unsere Dienste zu verbessern oder um potenzielle Cyber-Sicherheitsbedrohungen zu identifizieren. Gegebenenfalls k\u00f6nnen wir Ihre Daten auch zur Geltendmachung oder Abwehr von Rechtsanspr\u00fcchen verwenden.<\/p>\r\n<p>\u25cf Wir verwenden Ihre Daten nach Einholung Ihrer Zustimmung\u200b. In einigen F\u00e4llen k\u00f6nnen wir Sie bitten, uns eine gesonderte Zustimmung zur Verwendung Ihrer Daten zu erteilen. Es steht Ihnen frei, Ihre Zustimmung zu verweigern, und die Verweigerung hat keine negativen Folgen f\u00fcr Sie. Ihre Einwilligung k\u00f6nnen Sie jederzeit mit Wirkung f\u00fcr die Zukunft widerrufen. Wenn Sie uns Ihre Einwilligung zur Nutzung Ihrer Daten erteilt haben, verwenden wir diese nur f\u00fcr die im Einwilligungsformular angegebenen Zwecke. Dazu geh\u00f6ren auch unsere Marketingkampagnen. Wenn Sie sich f\u00fcr unseren E-Mail-Newsletter anmelden oder uns Ihre E-Mail-Adresse mitteilen, damit wir diese E-Mail-Adresse f\u00fcr E-Mail-Marketing verwenden k\u00f6nnen, verwenden wir Ihre personenbezogenen Daten in unseren E-Mail-Marketingkampagnen. Sie k\u00f6nnen unseren E-Mail-Newsletter jederzeit abbestellen, indem Sie dem Link zum Abbestellen am Ende unserer Marketing-E-Mails folgen. Sie k\u00f6nnen uns auch \u00fcber die am Ende dieser Datenschutzrichtlinie angegebene E-Mail-Adresse kontaktieren, um zu verlangen, dass wir Sie aus unserer E-Mail-Liste entfernen.<\/p>\r\n<p>\u25cf Wir verwenden Ihre Informationen, um gesetzlichen Verpflichtungen nachzukommen\u200b. Wir sind aufgrund gesetzlicher Vorgaben, beispielsweise steuer- oder handelsrechtlicher Art, verpflichtet, bestimmte Informationen aufzubewahren. Wir werden Ihre Daten nur f\u00fcr die Zwecke verwenden, f\u00fcr die wir sie erhoben haben. Wir werden Ihre Informationen nicht f\u00fcr andere Zwecke verwenden. Wir verwenden Ihre personenbezogenen Daten nicht f\u00fcr automatisierte Entscheidungen im Einzelfall.<\/p>\r\n<p>5. An wen geben wir Ihre personenbezogenen Daten weiter?<\/p>\r\n<p>Wir geben Ihre personenbezogenen Daten an folgende Dritte weiter:<\/p>\r\n<p>\u25cf Dienstleister und Berater\u200b: Drittanbieter und andere Dienstleister, die Dienstleistungen f\u00fcr uns oder in unserem Auftrag erbringen, darunter Marketingkampagnendienste, Bereitstellung von Post- oder E-Mail-Diensten, Steuer- und Buchhaltungsdienste, Produkterf\u00fcllung, Zahlungsabwicklung, Datenverbesserung Dienstleistungen, Betrugspr\u00e4vention, Webhosting oder Bereitstellung von Analysediensten; Zu diesen Drittparteien geh\u00f6ren: Google Cloud, Microsoft Azure, MailChimp, Intercom, Stripe, Facebook usw. Alle diese Dienstleister sind durch entsprechende Datenverarbeitungsvereinbarungen verpflichtet, die Daten nur im Namen des Sofia Implant Centre und gem\u00e4\u00df seinen Anweisungen zu verarbeiten.<\/p>\r\n<p>\u25cf Werbepartner\u200b: Dritte, mit denen wir zusammenarbeiten, um Werbeaktivit\u00e4ten anzubieten, die im Zusammenhang mit diesen Aktivit\u00e4ten namentlich identifiziert werden. Das Sofia Implant Center hat in der Vergangenheit keine Partnerschaften mit Dritten geschlossen, die Werbeaktivit\u00e4ten anbieten, beabsichtigt jedoch, in Zukunft mit solchen zusammenzuarbeiten. Das Sofia Implant Center arbeitet jedoch derzeit nicht mit solchen Dritten zusammen. Diese Partner werden im Rahmen dieser Aktivit\u00e4ten namentlich genannt. Zur Klarstellung: Sofia Implant Center verarbeitet keine personenbezogenen Kundendaten f\u00fcr Werbezwecke oder dient der Werbung in den Diensten.<\/p>\r\n<p>\u25cf K\u00e4ufer und Dritte im Zusammenhang mit einer Gesch\u00e4ftstransaktion: Personenbezogene Daten k\u00f6nnen im Zusammenhang mit einer Transaktion im Zusammenhang mit dem Sofia Implant Centre, wie einer Fusion, dem Verkauf von Verm\u00f6genswerten oder Anteilen des Sofia Implant Centre, einer Umstrukturierung, Finanzierung, Kontrollwechsel oder \u00dcbernahme des gesamten oder eines Teils unseres Unternehmens oder im Falle eines Konkurses oder eines \u00e4hnlichen Verfahrens.<\/p>\r\n<p>\u25cf Strafverfolgungsbeh\u00f6rden, Aufsichtsbeh\u00f6rden und andere Parteien aus rechtlichen Gr\u00fcnden: Dritte, wenn dies gesetzlich oder durch Vorladung erforderlich ist oder wenn wir vern\u00fcnftigerweise glauben, dass eine solche Ma\u00dfnahme erforderlich ist, um (a) dem Gesetz und den angemessenen Forderungen der Strafverfolgungsbeh\u00f6rden nachzukommen; (b) zur Durchsetzung unserer Rechtsanspr\u00fcche oder zum Schutz der Sicherheit oder Integrit\u00e4t unserer Dienste; und\/oder (c) um die Rechte, das Eigentum oder die pers\u00f6nliche Sicherheit des Sofia Implant Centre, unserer Besucher oder anderer auszu\u00fcben oder zu sch\u00fctzen.<\/p>\r\n<p>6. Wie lange bewahren wir Ihre Informationen auf?<\/p>\r\n<p>Wir werden personenbezogene Daten so lange speichern, wie es zur Erf\u00fcllung der Zwecke, f\u00fcr die wir die personenbezogenen Daten erheben, gem\u00e4\u00df unseren gesetzlichen Verpflichtungen und berechtigten Gesch\u00e4ftsinteressen erforderlich ist. Im Allgemeinen erhalten Informationen<\/p>\r\n<p>Im Rahmen der Erbringung unseres Dienstes gespeicherte Daten werden innerhalb weniger Tage f\u00fcr den allgemeinen Zugriff gesperrt und sp\u00e4testens 3 Jahre nach Ende unserer Erbringung unseres Dienstes gel\u00f6scht, sofern nicht eine fr\u00fchere L\u00f6schung verlangt oder vereinbart wurde oder gesetzliche Aufbewahrungspflichten bestehen eine l\u00e4ngere Aufbewahrung oder wir m\u00fcssen solche Daten f\u00fcr eigene berechtigte Interessen aufbewahren, beispielsweise zur Abwehr von IT-Sicherheitsbedrohungen. Beispielsweise k\u00f6nnen nationale Handels- oder Finanzgesetze verlangen, dass bestimmte Informationen bis zu 10 Jahre aufbewahrt werden.<\/p>\r\n<p>7. Wie sch\u00fctzen wir Ihre Daten?<\/p>\r\n<p>Wir implementieren eine Vielzahl von Sicherheitsma\u00dfnahmen, um die Sicherheit Ihrer personenbezogenen Daten zu gew\u00e4hrleisten, wenn Sie unsere Dienste nutzen. F\u00fcr den Fall, dass Informationen unter unserer Kontrolle infolge einer Sicherheitsverletzung kompromittiert werden, werden wir angemessene Schritte unternehmen, um die Situation zu untersuchen und gegebenenfalls diejenigen Personen zu benachrichtigen, deren Informationen m\u00f6glicherweise kompromittiert wurden, und andere entsprechende Schritte unternehmen mit allen geltenden Gesetzen und Vorschriften.<\/p>\r\n<p>8. Wie sch\u00fctzen wir Ihre personenbezogenen Daten bei einer internationalen \u00dcbertragung?<\/p>\r\n<p>Da wir in der EU ans\u00e4ssig sind, werden alle von Ihnen bereitgestellten Informationen in der EU verarbeitet und gespeichert. Wenn Sie sich au\u00dferhalb der Europ\u00e4ischen Union oder des Europ\u00e4ischen Wirtschaftsraums befinden, kann dies bedeuten, dass Ihre personenbezogenen Daten in einer Gerichtsbarkeit gespeichert werden, die ein Schutzniveau bietet, das in bestimmten F\u00e4llen m\u00f6glicherweise weniger Schutz f\u00fcr Ihre personenbezogenen Daten bietet als die Gerichtsbarkeit f\u00fcr Sie in der Regel ans\u00e4ssig sind. Wenn wir Daten aus der Europ\u00e4ischen Union an Dritte au\u00dferhalb der Europ\u00e4ischen Union und in L\u00e4nder \u00fcbermitteln, die keinen Regelungen unterliegen, die als angemessen angesehen werden, schlie\u00dfen wir entweder Vertr\u00e4ge ab, die auf der Grundlage der EU-Standardvertragsklauseln mit diesen Parteien oder \u00fcbermitteln Informationen im Rahmen des EU\/US-Datenschutzschilds. Wenn Sie weitere Fragen zu den von uns verwendeten Sicherheitsvorkehrungen haben m\u00f6chten, kontaktieren Sie uns bitte unter Verwendung der am Ende dieser Datenschutzrichtlinie angegebenen Kontaktdaten.<\/p>\r\n<p>Wir werden angemessene Schritte unternehmen, um sicherzustellen, dass Ihre personenbezogenen Daten sicher und in \u00dcbereinstimmung mit geltendem Recht und dieser Datenschutzrichtlinie behandelt werden.<\/p>\r\n<p>9. Cookies und andere Tracking-Technologien.<\/p>\r\n<p>Die Dienste verwenden Cookies, Web Beacons, Dateiinformationen und \u00e4hnliche Technologien, um Sie von anderen Benutzern der Dienste zu unterscheiden. Dies hilft uns, Ihnen beim Surfen in den Diensten eine gute Erfahrung zu bieten, und erm\u00f6glicht es uns auch, die Dienste zu verbessern. Cookies sind Codeteile, die eine Personalisierung des Serviceerlebnisses erm\u00f6glichen, indem Ihre Informationen wie Benutzer-ID und andere Einstellungen gespeichert werden. Ein Cookie ist eine kleine Datendatei, die wir zu Aufzeichnungszwecken auf die Festplatte Ihres Ger\u00e4ts (z. B. Ihren Computer oder Ihr Smartphone) \u00fcbertragen. Wir verwenden oder k\u00f6nnen die durch Tracking-Technologien gesammelten Daten verwenden, um:<\/p>\r\n<p>(a) sich Informationen zu merken, damit Sie sie w\u00e4hrend Ihres Besuchs oder beim n\u00e4chsten Besuch der Website nicht erneut eingeben m\u00fcssen;<\/p>\r\n<p>(b) Bereitstellung von benutzerdefinierten, personalisierten Inhalten und Informationen, einschlie\u00dflich zielgerichteter Inhalte und Werbung;<\/p>\r\n<p>(c) Sie \u00fcber mehrere Ger\u00e4te hinweg zu identifizieren;<\/p>\r\n<p>(d) Bereitstellung und \u00dcberwachung der Wirksamkeit unserer Dienste;<\/p>\r\n<p>(e) aggregierte Metriken wie Gesamtzahl der Besucher, Verkehr, Nutzung und demografische Muster auf unserer Website zu \u00fcberwachen;<\/p>\r\n<p>(f) Technologieprobleme diagnostizieren oder beheben; Und<\/p>\r\n<p>(g) anderweitig, um unsere Dienste zu planen und zu verbessern.<\/p>\r\n<p>Wir verwenden die folgenden Arten von Cookies:<\/p>\r\n<p>\u25cf Unbedingt erforderliche Cookies. Dies sind Cookies, die f\u00fcr den wesentlichen Betrieb der Dienste erforderlich sind, z. B. um Benutzer zu authentifizieren und betr\u00fcgerische Nutzung zu verhindern.<\/p>\r\n<p>\u25cf Analyse-\/Leistungs-Cookies\u200b. Diese erm\u00f6glichen es uns, die Anzahl der Besucher zu erkennen und zu z\u00e4hlen und zu sehen, wie sich Besucher auf den Diensten bewegen, wenn sie diese nutzen. Dies hilft uns, die Funktionsweise der Dienste zu verbessern, indem wir beispielsweise sicherstellen, dass Benutzer leicht finden, wonach sie suchen.<\/p>\r\n<p>\u25cf Funktionalit\u00e4ts-Cookies\u200b. Diese werden verwendet, um Sie wiederzuerkennen, wenn Sie zu den Diensten zur\u00fcckkehren. Dies erm\u00f6glicht es uns, unsere Inhalte f\u00fcr Sie zu personalisieren, Sie mit Namen zu begr\u00fc\u00dfen und sich an Ihre Pr\u00e4ferenzen zu erinnern (z. B. Ihre Sprach- oder Regionswahl).<\/p>\r\n<p>\u25cf Targeting-Cookies\u200b. Diese Cookies zeichnen Ihren Besuch auf unserer Website, die von Ihnen besuchten Seiten, die Links, denen Sie gefolgt sind, auf und k\u00f6nnen auch Informationen \u00fcber Ihre Online-Aktivit\u00e4ten sammeln, nachdem Sie unsere Website verlassen haben. Wir verwenden diese Informationen, um unsere Website, die darauf angezeigte Werbung und die Marketingbotschaften, die wir Ihnen senden, f\u00fcr Ihre Interessen relevanter zu gestalten. Wir k\u00f6nnen diese Informationen auch an Dritte weitergeben, die uns zu diesem Zweck eine Dienstleistung erbringen.<\/p>\r\n<p>\u25cf Cookies von Drittanbietern\u200b. Bitte beachten Sie, dass Werbetreibende und andere Dritte ihre eigenen Cookies-Tags verwenden k\u00f6nnen, wenn Sie auf eine Anzeige oder einen Link auf unserer Website klicken. Diese Drittanbieter sind f\u00fcr die Festlegung ihrer eigenen Cookie- und Datenschutzrichtlinien verantwortlich.<\/p>\r\n<p>Wie verwaltet man Cookies? Die von uns verwendeten Cookies sollen Ihnen dabei helfen, das Beste aus f<\/p>\r\n<p>Wenn Sie jedoch keine Cookies erhalten m\u00f6chten, erlauben Ihnen die meisten Browser, Ihre Cookie-Einstellungen zu \u00e4ndern. Bitte beachten Sie, dass Sie m\u00f6glicherweise nicht die volle Funktionalit\u00e4t der Dienste nutzen k\u00f6nnen, wenn Sie Cookies ablehnen. Diese Einstellungen finden Sie normalerweise im Men\u00fc \u201eOptionen\u201c oder \u201eEinstellungen\u201c Ihres Browsers. Um diese Einstellungen zu verstehen, k\u00f6nnen die folgenden Links hilfreich sein, andernfalls sollten Sie die &#8222;Hilfe&#8220;-Option in Ihrem Browser f\u00fcr weitere Details verwenden.<\/p>\r\n<p>Andere Tools: Wir k\u00f6nnen Analysedaten sammeln oder Analysetools von Drittanbietern wie Yandex Metrica, Google Tag Manager, Fullstory, Appcues und Intercom verwenden, um uns dabei zu helfen, Verkehrs- und Nutzungstrends f\u00fcr den Dienst zu messen und mehr \u00fcber die demografischen Daten von zu verstehen unsere Benutzer.<\/p>\r\n<p>10. Ihre kalifornischen Datenschutzrechte.<\/p>\r\n<p>Wenn Sie in Kalifornien ans\u00e4ssig sind, erlaubt Ihnen der California Civil Code Section 1798.83, Informationen \u00fcber die Weitergabe personenbezogener Daten an Dritte f\u00fcr deren Direktmarketingzwecke w\u00e4hrend des unmittelbar vorangegangenen Kalenderjahres anzufordern. Sie k\u00f6nnen jedes Jahr eine Anfrage stellen, indem Sie uns eine E-Mail an info@sofiaimplantcentre.com senden.<\/p>\r\n<p>11. Welche Rechte und Wahlm\u00f6glichkeiten haben Sie?<\/p>\r\n<p>Wir m\u00f6chten, dass Sie Ihre Rechte und Wahlm\u00f6glichkeiten bez\u00fcglich der Verwendung Ihrer personenbezogenen Daten verstehen. Je nachdem, wie Sie Ihre Informationen verwenden, k\u00f6nnen diese Rechte und Wahlm\u00f6glichkeiten Folgendes umfassen:<\/p>\r\n<p>\u25cf Individuelle Rechte\u200b. Sie haben nach geltendem Datenschutzrecht bestimmte Rechte in Bezug auf Ihre von uns gespeicherten personenbezogenen Daten, einschlie\u00dflich eines Rechts auf Auskunft und L\u00f6schung und eines Rechts, bestimmte Verarbeitungsaktivit\u00e4ten zu verhindern. Sie haben die folgenden Rechte in Bezug auf Ihre von uns gespeicherten personenbezogenen Daten:<\/p>\r\n<p>\u25cf Auskunftsrecht\u200b. Das Recht, Zugang zu Ihren pers\u00f6nlichen Daten zu erhalten.<\/p>\r\n<p>\u25cf Recht auf Berichtigung\u200b. Das Recht auf unverz\u00fcgliche Berichtigung Ihrer personenbezogenen Daten, wenn diese personenbezogenen Daten ungenau oder unvollst\u00e4ndig sind.<\/p>\r\n<p>\u25cf Recht auf L\u00f6schung. Das Recht, unter bestimmten Umst\u00e4nden unverz\u00fcglich die L\u00f6schung Ihrer personenbezogenen Daten zu verlangen, beispielsweise wenn die personenbezogenen Daten f\u00fcr die Zwecke, f\u00fcr die sie erhoben oder verarbeitet wurden, nicht mehr erforderlich sind.<\/p>\r\n<p>\u25cf Recht auf Einschr\u00e4nkung. Das Recht, unter bestimmten Umst\u00e4nden die Einschr\u00e4nkung der von uns vorgenommenen Verarbeitung Ihrer personenbezogenen Daten zu verlangen, z. B. wenn die Richtigkeit der personenbezogenen Daten von Ihnen bestritten wird, f\u00fcr einen Zeitraum, der es uns erm\u00f6glicht, die Richtigkeit dieser personenbezogenen Daten zu \u00fcberpr\u00fcfen.<\/p>\r\n<p>\u25cf Recht auf \u00dcbertragbarkeit. Das Recht auf \u00dcbertragbarkeit erm\u00f6glicht es Ihnen, personenbezogene Daten problemlos von einer Organisation zu einer anderen zu verschieben, zu kopieren oder zu \u00fcbertragen.<\/p>\r\n<p>\u25cf Widerspruchsrecht\u200b. Sie haben das Recht, jeder Verarbeitung auf Grundlage unserer berechtigten Interessen zu widersprechen, wenn Gr\u00fcnde vorliegen, die sich aus Ihrer besonderen Situation ergeben. Sie k\u00f6nnen Marketingaktivit\u00e4ten aus beliebigen Gr\u00fcnden widersprechen.<\/p>\r\n<p>Wenn Sie eines dieser Rechte aus\u00fcben m\u00f6chten, kontaktieren Sie uns bitte \u00fcber die untenstehenden Kontaktdaten.<\/p>\r\n<p>F\u00fcr Cookies oder E-Mail-Marketing stellen wir Ihnen folgende einfach nutzbare M\u00f6glichkeit zur Verf\u00fcgung:<\/p>\r\n<p>\u25cf Cookie-Einstellungen und -Pr\u00e4ferenzen. Sie k\u00f6nnen Cookies und andere Tracking-Technologien \u00fcber die Einstellungen Ihres Browsers deaktivieren.<\/p>\r\n<p>\u25cf E-Mail-Einstellungen und -Pr\u00e4ferenzen. Wenn Sie keine Marketing-E-Mails mehr von uns erhalten m\u00f6chten, k\u00f6nnen Sie sich jederzeit abmelden, indem Sie dem Link zum Abbestellen in jeder von uns gesendeten E-Mail folgen.<\/p>\r\n<p>Zus\u00e4tzlich zu den oben aufgef\u00fchrten Rechten haben Sie als EU-B\u00fcrger das Recht, eine Beschwerde bei Ihrer \u00f6rtlichen Datenschutzbeh\u00f6rde einzureichen. Weitere Informationen dar\u00fcber, wie Sie Ihre \u00f6rtliche Datenschutzbeh\u00f6rde kontaktieren k\u00f6nnen, finden Sie unter http:\/\/ec.europa.eu\/justice\/data-protection\/bodies\/authorities\/index_en.htm.<\/p>\r\n<p>12. Wie erreichen Sie uns?<\/p>\r\n<p>Wenn Sie Fragen oder Bedenken zu unserer Datenschutzrichtlinie haben oder Ihre Rechte aus\u00fcben m\u00f6chten, senden Sie bitte eine E-Mail an info@sofiaimplantcentre.com oder schreiben Sie uns an 251G Ring Road, Sofia, 1715, Bulgarien.<\/p>\r\n<p>13. Aktualisierungen der Online-Datenschutzrichtlinie<\/p>\r\n<p>Wir k\u00f6nnen von Zeit zu Zeit \u00c4nderungen an unserer Datenschutzrichtlinie vornehmen. Bitte \u00fcberpr\u00fcfen Sie unsere Richtlinien regelm\u00e4\u00dfig, da aktualisierte Richtlinien f\u00fcr Ihre zuk\u00fcnftige Nutzung unserer Dienste gelten.<\/p>\r\n","protected":false},"excerpt":{"rendered":"<p>Wir freuen uns \u00fcber Ihr Interesse an unseren Dienstleistungen und unserer Website (https:\/\/sofiaimplantcentre.com\/) (unsere \u201eWebsite\u201c und zusammen mit unseren Dienstleistungen und Produkten unsere \u201eDienstleistungen\u201c). Datenschutz ist uns sehr wichtig und wir verpflichten uns, Ihre Privatsph\u00e4re zu sch\u00fctzen und zu respektieren. Diese Datenschutzrichtlinie enth\u00e4lt Informationen dar\u00fcber, wie wir Daten erheben, speichern, verarbeiten, \u00fcbertragen und nutzen, die <\/p>\n<div class=\"btn-more-wrapper\"><a href=\"https:\/\/sofiaimplantcentre.com\/de\/privacy\/\" class=\"btn btn-sm btn-hover-fill\"><svg class=\"icon icon-right-arrow\" version=\"1.1\" xmlns=\"http:\/\/www.w3.org\/2000\/svg\" width=\"32\" height=\"32\" viewBox=\"0 0 32 32\"><path d=\"M21.548 5.088c-0.436-0.451-1.162-0.451-1.613 0-0.436 0.436-0.436 1.162 0 1.596l8.177 8.177h-26.984c-0.629 0.001-1.129 0.501-1.129 1.13s0.5 1.145 1.129 1.145h26.984l-8.177 8.162c-0.436 0.451-0.436 1.178 0 1.613 0.451 0.451 1.178 0.451 1.613 0l10.113-10.113c0.451-0.436 0.451-1.162 0-1.596l-10.113-10.114z\"><\/path><\/svg>Read More<span class=\"screen-reader-text\"> &#8222;Privacy Policy&#8220;<\/span><svg class=\"icon icon-right-arrow\" version=\"1.1\" xmlns=\"http:\/\/www.w3.org\/2000\/svg\" width=\"32\" height=\"32\" viewBox=\"0 0 32 32\"><path d=\"M21.548 5.088c-0.436-0.451-1.162-0.451-1.613 0-0.436 0.436-0.436 1.162 0 1.596l8.177 8.177h-26.984c-0.629 0.001-1.129 0.501-1.129 1.13s0.5 1.145 1.129 1.145h26.984l-8.177 8.162c-0.436 0.451-0.436 1.178 0 1.613 0.451 0.451 1.178 0.451 1.613 0l10.113-10.113c0.451-0.436 0.451-1.162 0-1.596l-10.113-10.114z\"><\/path><\/svg><\/a><\/div>\n","protected":false},"author":1,"featured_media":0,"parent":0,"menu_order":0,"comment_status":"closed","ping_status":"open","template":"","meta":{"footnotes":""},"class_list":["post-19146","page","type-page","status-publish","hentry"],"_links":{"self":[{"href":"https:\/\/sofiaimplantcentre.com\/de\/wp-json\/wp\/v2\/pages\/19146","targetHints":{"allow":["GET"]}}],"collection":[{"href":"https:\/\/sofiaimplantcentre.com\/de\/wp-json\/wp\/v2\/pages"}],"about":[{"href":"https:\/\/sofiaimplantcentre.com\/de\/wp-json\/wp\/v2\/types\/page"}],"author":[{"embeddable":true,"href":"https:\/\/sofiaimplantcentre.com\/de\/wp-json\/wp\/v2\/users\/1"}],"replies":[{"embeddable":true,"href":"https:\/\/sofiaimplantcentre.com\/de\/wp-json\/wp\/v2\/comments?post=19146"}],"version-history":[{"count":2,"href":"https:\/\/sofiaimplantcentre.com\/de\/wp-json\/wp\/v2\/pages\/19146\/revisions"}],"predecessor-version":[{"id":19148,"href":"https:\/\/sofiaimplantcentre.com\/de\/wp-json\/wp\/v2\/pages\/19146\/revisions\/19148"}],"wp:attachment":[{"href":"https:\/\/sofiaimplantcentre.com\/de\/wp-json\/wp\/v2\/media?parent=19146"}],"curies":[{"name":"wp","href":"https:\/\/api.w.org\/{rel}","templated":true}]}}