{"id":19155,"date":"2023-03-21T17:36:06","date_gmt":"2023-03-21T15:36:06","guid":{"rendered":"https:\/\/sofiaimplantcentre.com\/cookies\/"},"modified":"2023-03-21T17:54:58","modified_gmt":"2023-03-21T15:54:58","slug":"cookies","status":"publish","type":"page","link":"https:\/\/sofiaimplantcentre.com\/de\/cookies\/","title":{"rendered":"COOKIE-RICHTLINIE VON MDC SOFIA IMPLANT CENTER LTD"},"content":{"rendered":"<p>COOKIE-RICHTLINIE VON MDC SOFIA IMPLANT CENTER LTD<\/p>\n<p>Wir verwenden Cookies oder \u00e4hnliche Tools auf unseren Websites, um deren Leistung und Ihr Erlebnis zu verbessern. Diese Richtlinie erl\u00e4utert, wie wir dies tun.<\/p>\n<p>Was sind Cookies?<\/p>\n<p>Cookies sind kleine Textdateien, die eine Website auf Ihrem Computer oder Mobilger\u00e4t speichern kann, wenn Sie eine Seite oder Website besuchen. Ein Cookie hilft der Website oder anderen Websites, Ihr Ger\u00e4t bei Ihrem n\u00e4chsten Besuch wiederzuerkennen. Web Beacons oder andere \u00e4hnliche Dateien k\u00f6nnen dasselbe tun. Wir verwenden den Begriff Cookies in dieser Richtlinie, um auf alle Dateien zu verweisen, die Informationen auf diese Weise sammeln.<\/p>\n<p>Cookies erf\u00fcllen viele verschiedene Funktionen. Sie helfen uns beispielsweise dabei, Ihren Benutzernamen oder Ihre Pr\u00e4ferenzen zu speichern, die Leistung unserer Websites zu analysieren oder Ihnen sogar Inhalte zu empfehlen, von denen wir glauben, dass sie f\u00fcr Sie von Interesse sind.<\/p>\n<p>Einige Cookies enthalten pers\u00f6nliche Informationen \u2013 wenn Sie beispielsweise bei der Anmeldung auf \u201eMerken\u201c geklickt haben, merkt sich das Cookie Ihren Benutzernamen. Die meisten Cookies sammeln keine Informationen, die Sie identifizieren k\u00f6nnen, sondern sammeln allgemeine Informationen dar\u00fcber, wie Benutzer unsere Websites erreichen und nutzen oder wo sie sich befinden.<\/p>\n<p>Welche Arten von Cookies verwenden unsere Websites?<\/p>\n<p>Grunds\u00e4tzlich erf\u00fcllen Cookies 4 verschiedene Funktionen:<\/p>\n<p>1. Wichtige Cookies<\/p>\n<p>Einige Cookies sind f\u00fcr das Funktionieren unserer Websites unerl\u00e4sslich. Sie erm\u00f6glichen es uns, registrierte Benutzer sowie diejenigen zu identifizieren, die unsere zahlenden Abonnenten sind. Sie stellen sicher, dass diese Benutzer beispielsweise Artikel kommentieren k\u00f6nnen und zahlende Abonnenten den erforderlichen Zugriff auf Artikel und Abschnitte auf Websites haben. Wenn ein abonnierter Benutzer diese Cookies stoppt, kann er nicht auf die Inhalte zugreifen, die nur f\u00fcr Abonnenten gelten.<\/p>\n<p>2. Cookies in Bezug auf die Leistung der Website<\/p>\n<p>Wir verwenden andere Cookies, um zu analysieren, wie Besucher unsere Websites nutzen, und um die Leistung unserer Website zu \u00fcberwachen. Auf diese Weise k\u00f6nnen wir Ihnen ein qualitativ hochwertiges Erlebnis bieten, indem wir die angebotenen Inhalte personalisieren und verschiedene Probleme schnell identifizieren und beheben. Beispielsweise k\u00f6nnten wir Cookies verwenden, um zu verfolgen, welche Seiten am beliebtesten sind. Wir k\u00f6nnen Cookies auch verwenden, um Ihnen Artikel oder Dienstleistungen anzuzeigen, von denen wir glauben, dass sie aufgrund Ihrer Nutzung der Website f\u00fcr Sie von Interesse sein k\u00f6nnten.<\/p>\n<p>3. Funktionale Cookies<\/p>\n<p>Funktionalit\u00e4ts-Cookies erm\u00f6glichen es uns, Ihre Vorlieben wie Schriftgr\u00f6\u00dfe und andere pers\u00f6nliche Einstellungen zu speichern. Cookies ersparen Ihnen beispielsweise die Zeit und M\u00fche, bei jedem Besuch unserer Seite einen Benutzernamen einzugeben.<\/p>\n<p>4. Verhaltensbezogene Werbe-Cookies<\/p>\n<p>Das Sofia Implant Center und unsere Werbetreibenden verwenden Cookies, um Ihnen Anzeigen zu zeigen, von denen wir glauben, dass sie f\u00fcr Ihre Interessen relevant sind. Wenn Sie beispielsweise mehrere Artikel zu Autos auf unserer Website oder auf anderen Websites gelesen haben, kann ein Autohersteller davon ausgehen, dass Sie an diesem Thema interessiert sind, und Ihnen seine avomobile-Anzeigen zeigen. Sie k\u00f6nnen diese Anzeigen auf den Websites des Sofia Implant Center und auf anderen von Ihnen besuchten Websites sehen. Wir geben Ihre Identit\u00e4t jedoch nicht an unsere Werbetreibenden weiter.<br \/>\nF\u00fcr verhaltensbezogene Werbung verwenden wir einen Dienst von Google Inc., der als Remarketing bezeichnet wird. Laut eigenen Richtlinien erhebt Google bei diesem Vorgang keine personenbezogenen Daten. Sollten Sie Remarketing dennoch nicht w\u00fcnschen, k\u00f6nnen Sie es deaktivieren, indem Sie Ihre Einstellungen unter diesem Link \u00e4ndern: http:\/\/www.google.com\/settings\/ads. Sie k\u00f6nnen auch die Verwendung von Cookies f\u00fcr verhaltensorientierte Werbezwecke deaktivieren, indem Sie den Anweisungen auf dieser Seite folgen: http:\/\/www.networkadvertising.org\/managing\/opt_out.asp.<\/p>\n<p>Verwendet noch jemand Cookies auf den Websites des Sofia Implant Center?<\/p>\n<p>Werbetreibende verwenden manchmal ihre Cookies, um Ihnen gezielte Werbung anzuzeigen. Beispielsweise k\u00f6nnen Werbetreibende ein Profil verwenden, das auf den Websites basiert, die Sie zuvor besucht haben, um Ihnen relevantere Anzeigen zu zeigen, wenn Sie die Websites des Sofia Implant Center besuchen. Wir glauben, dass es f\u00fcr unsere Nutzer von Vorteil ist, Werbung zu sehen, die auf ihre Interessen ausgerichtet ist.<\/p>\n<p>Wir verwenden oder gestatten Dritten, auf unseren Websites Cookies zu verwenden, die in die vier oben genannten Kategorien fallen. Beispielsweise verwenden wir wie viele Unternehmen Google Analytics, um den Verkehr auf unseren Websites zu \u00fcberwachen. Wenn Sie einen Artikel \u00fcber die Schaltfl\u00e4chen sozialer Netzwerke (z. B. Facebook) auf der Sofia Implant Center-Website teilen, speichert das soziale Netzwerk, das diese Schaltfl\u00e4che erstellt hat, Ihre Aktion.<\/p>\n<p>Wir k\u00f6nnen Cookies weiter verwenden Dritte, die uns bei der Marktforschung, der Verfolgung von Einnahmen, der Verbesserung der Funktionalit\u00e4t und der \u00dcberwachung der Einhaltung unserer Allgemeinen Gesch\u00e4ftsbedingungen und Urheberrechtsrichtlinien unterst\u00fctzen.<\/p>\n<p>Wie schalte ich Cookies aus?<\/p>\n<p>In allen modernen Browsern k\u00f6nnen Sie die Cookie-Einstellungen \u00e4ndern. Sie finden diese Einstellungen normalerweise im Men\u00fc \u201eOptionen\u201c oder \u201eEinstellungen\u201c Ihres Browsers. Um sich dieser Einstellungen bewusst zu sein, k\u00f6nnen Ihnen die folgenden Links helfen, oder Sie k\u00f6nnen die Schaltfl\u00e4che \u201eHilfe\u201c in den Men\u00fcs Ihres Browsers verwenden, um weitere Informationen zu erhalten:<\/p>\n<p>Cookie-Einstellungen im Internet Explorer<br \/>\nCookie-Einstellungen in Firefox<br \/>\nCookie-Einstellungen in Chrome<br \/>\nCookie-Einstellungen in Safari Web und iOS.<\/p>\n<p>Wenn Sie sich am meisten Sorgen \u00fcber Werbe-Cookies von Drittanbietern machen, die von Werbetreibenden generiert werden, k\u00f6nnen Sie sie hier deaktivieren: Ihre Online-Auswahl-Website.<\/p>\n<p>Bitte denken Sie daran, dass einige Bereiche unserer Website m\u00f6glicherweise nicht richtig funktionieren, wenn Sie sich entscheiden, Cookies zu stoppen.<\/p>\n<p>Verwendet Sofia Implant Center Cookies, die meine pers\u00f6nlichen Daten enthalten?<\/p>\n<p>Nein, die von uns verwendeten Cookies sind anonym und enthalten keine personenbezogenen Daten.<\/p>\n<p>Mehr Info<\/p>\n<p>Weitere Informationen dar\u00fcber, wie Unternehmen Cookies verwenden, finden Sie unter:\u00a0www.allaboutcookies.org.<\/p>\n<p>Wenn Sie Fragen zu dieser Cookie-Richtlinie haben, kontaktieren Sie uns bitte per E-Mail:<\/p>\n<p>Dieses Dokument wurde zuletzt am 21. M\u00e4rz 2023 aktualisiert.<\/p>\n","protected":false},"excerpt":{"rendered":"<p>COOKIE-RICHTLINIE VON MDC SOFIA IMPLANT CENTER LTD Wir verwenden Cookies oder \u00e4hnliche Tools auf unseren Websites, um deren Leistung und Ihr Erlebnis zu verbessern. Diese Richtlinie erl\u00e4utert, wie wir dies tun. Was sind Cookies? Cookies sind kleine Textdateien, die eine Website auf Ihrem Computer oder Mobilger\u00e4t speichern kann, wenn Sie eine Seite oder Website besuchen. <\/p>\n<div class=\"btn-more-wrapper\"><a href=\"https:\/\/sofiaimplantcentre.com\/de\/cookies\/\" class=\"btn btn-sm btn-hover-fill\"><svg class=\"icon icon-right-arrow\" version=\"1.1\" xmlns=\"http:\/\/www.w3.org\/2000\/svg\" width=\"32\" height=\"32\" viewBox=\"0 0 32 32\"><path d=\"M21.548 5.088c-0.436-0.451-1.162-0.451-1.613 0-0.436 0.436-0.436 1.162 0 1.596l8.177 8.177h-26.984c-0.629 0.001-1.129 0.501-1.129 1.13s0.5 1.145 1.129 1.145h26.984l-8.177 8.162c-0.436 0.451-0.436 1.178 0 1.613 0.451 0.451 1.178 0.451 1.613 0l10.113-10.113c0.451-0.436 0.451-1.162 0-1.596l-10.113-10.114z\"><\/path><\/svg>Read More<span class=\"screen-reader-text\"> &#8222;COOKIE-RICHTLINIE VON MDC SOFIA IMPLANT CENTER LTD&#8220;<\/span><svg class=\"icon icon-right-arrow\" version=\"1.1\" xmlns=\"http:\/\/www.w3.org\/2000\/svg\" width=\"32\" height=\"32\" viewBox=\"0 0 32 32\"><path d=\"M21.548 5.088c-0.436-0.451-1.162-0.451-1.613 0-0.436 0.436-0.436 1.162 0 1.596l8.177 8.177h-26.984c-0.629 0.001-1.129 0.501-1.129 1.13s0.5 1.145 1.129 1.145h26.984l-8.177 8.162c-0.436 0.451-0.436 1.178 0 1.613 0.451 0.451 1.178 0.451 1.613 0l10.113-10.113c0.451-0.436 0.451-1.162 0-1.596l-10.113-10.114z\"><\/path><\/svg><\/a><\/div>\n","protected":false},"author":1,"featured_media":0,"parent":0,"menu_order":0,"comment_status":"closed","ping_status":"closed","template":"","meta":{"footnotes":""},"class_list":["post-19155","page","type-page","status-publish","hentry"],"_links":{"self":[{"href":"https:\/\/sofiaimplantcentre.com\/de\/wp-json\/wp\/v2\/pages\/19155","targetHints":{"allow":["GET"]}}],"collection":[{"href":"https:\/\/sofiaimplantcentre.com\/de\/wp-json\/wp\/v2\/pages"}],"about":[{"href":"https:\/\/sofiaimplantcentre.com\/de\/wp-json\/wp\/v2\/types\/page"}],"author":[{"embeddable":true,"href":"https:\/\/sofiaimplantcentre.com\/de\/wp-json\/wp\/v2\/users\/1"}],"replies":[{"embeddable":true,"href":"https:\/\/sofiaimplantcentre.com\/de\/wp-json\/wp\/v2\/comments?post=19155"}],"version-history":[{"count":2,"href":"https:\/\/sofiaimplantcentre.com\/de\/wp-json\/wp\/v2\/pages\/19155\/revisions"}],"predecessor-version":[{"id":19157,"href":"https:\/\/sofiaimplantcentre.com\/de\/wp-json\/wp\/v2\/pages\/19155\/revisions\/19157"}],"wp:attachment":[{"href":"https:\/\/sofiaimplantcentre.com\/de\/wp-json\/wp\/v2\/media?parent=19155"}],"curies":[{"name":"wp","href":"https:\/\/api.w.org\/{rel}","templated":true}]}}