{"id":6163,"date":"2021-07-23T16:01:30","date_gmt":"2021-07-23T13:01:30","guid":{"rendered":"https:\/\/sofiaimplantcentre.com\/preguntas-frecuentes-2\/"},"modified":"2021-07-23T16:10:50","modified_gmt":"2021-07-23T13:10:50","slug":"preguntas-frecuentes-2","status":"publish","type":"page","link":"https:\/\/sofiaimplantcentre.com\/es\/preguntas-frecuentes-2\/","title":{"rendered":"Preguntas frecuentes"},"content":{"rendered":"<style>#sp-ea-6110 .spcollapsing { height: 0; overflow: hidden; transition-property: height;transition-duration: 500ms;}#sp-ea-6110.sp-easy-accordion>.sp-ea-single {margin-bottom: 10px; border: 1px solid #2eacc2; }#sp-ea-6110.sp-easy-accordion>.sp-ea-single>.ea-header a {color: #444;}#sp-ea-6110.sp-easy-accordion>.sp-ea-single>.sp-collapse>.ea-body {background: #ffffff; color: #444;}#sp-ea-6110.sp-easy-accordion>.sp-ea-single {background: #ffffff;}#sp-ea-6110.sp-easy-accordion>.sp-ea-single>.ea-header a .ea-expand-icon { float: left; color: #2eacc2;font-size: 16px;}<\/style><div id=\"sp_easy_accordion-1776873187\"><div id=\"sp-ea-6110\" class=\"sp-ea-one sp-easy-accordion\" data-ea-active=\"ea-click\" data-ea-mode=\"vertical\" data-preloader=\"\" data-scroll-active-item=\"\" data-offset-to-scroll=\"0\"><div class=\"ea-card sp-ea-single\"><h3 class=\"ea-header\"><a class=\"collapsed\" id=\"ea-header-61100\" role=\"button\" data-sptoggle=\"spcollapse\" data-sptarget=\"#collapse61100\" aria-controls=\"collapse61100\" href=\"#\" aria-expanded=\"false\" tabindex=\"0\"><i aria-hidden=\"true\" role=\"presentation\" class=\"ea-expand-icon eap-icon-ea-expand-plus\"><\/i> \u00bfQu\u00e9 se incluye en el precio indicado?<\/a><\/h3><div class=\"sp-collapse spcollapse spcollapse\" id=\"collapse61100\" data-parent=\"#sp-ea-6110\" role=\"region\" aria-labelledby=\"ea-header-61100\"> <div class=\"ea-body\"><ul><li><span style=\"color: #808080\">Primer examen gratuito en l\u00ednea mediante una radiograf\u00eda panor\u00e1mica del paciente<\/span><\/li><li><span style=\"color: #808080\">Traslado del aeropuerto al hotel y visitas posteriores a la cl\u00ednica, al laboratorio certificado para pruebas de covid y otras pruebas, si fuera necesario<\/span><\/li><li><span style=\"color: #808080\">Exploraci\u00f3n intraoral en la cl\u00ednica y un plan de tratamiento<\/span><\/li><li><span style=\"color: #808080\">Todo lo que incluye el proceso de tratamiento<\/span><\/li><li><span style=\"color: #808080\">Medicaci\u00f3n posoperatoria, incluyendo antibi\u00f3ticos y analg\u00e9sicos<\/span><\/li><li><span style=\"color: #808080\">Kit de higiene bucal<\/span><\/li><li><span style=\"color: #808080\">Todos las revisiones sucesivas<\/span><\/li><\/ul><\/div><\/div><\/div><div class=\"ea-card sp-ea-single\"><h3 class=\"ea-header\"><a class=\"collapsed\" id=\"ea-header-61101\" role=\"button\" data-sptoggle=\"spcollapse\" data-sptarget=\"#collapse61101\" aria-controls=\"collapse61101\" href=\"#\" aria-expanded=\"false\" tabindex=\"0\"><i aria-hidden=\"true\" role=\"presentation\" class=\"ea-expand-icon eap-icon-ea-expand-plus\"><\/i> \u00bfPor qu\u00e9 es tan asequible?<\/a><\/h3><div class=\"sp-collapse spcollapse spcollapse\" id=\"collapse61101\" data-parent=\"#sp-ea-6110\" role=\"region\" aria-labelledby=\"ea-header-61101\"> <div class=\"ea-body\"><p><span style=\"color: #808080\">Como un equipo especializado en implantes con sede en Bulgaria, disponemos de importantes econom\u00edas de escala, al mismo tiempo que mantenemos una excelente relaci\u00f3n calidad-precio:<\/span><\/p><ul><li><span style=\"color: #808080\">\u00a0trabajamos con grandes vol\u00famenes, podemos adquirir implantes y todos los dem\u00e1s materiales directamente de los fabricantes con grandes descuentos;<\/span><\/li><li><span style=\"color: #808080\">\u00a0nuestro proceso de trabajo est\u00e1 optimizado de tal manera que ahorra mucho tiempo y recursos;<\/span><\/li><li><span style=\"color: #808080\">todos nuestros procesos est\u00e1n conectados in situ, incluyendo nuestros laboratorios dentales y de rayos X.<\/span><\/li><\/ul><\/div><\/div><\/div><div class=\"ea-card sp-ea-single\"><h3 class=\"ea-header\"><a class=\"collapsed\" id=\"ea-header-61102\" role=\"button\" data-sptoggle=\"spcollapse\" data-sptarget=\"#collapse61102\" aria-controls=\"collapse61102\" href=\"#\" aria-expanded=\"false\" tabindex=\"0\"><i aria-hidden=\"true\" role=\"presentation\" class=\"ea-expand-icon eap-icon-ea-expand-plus\"><\/i> \u00bfCu\u00e1ntas veces tengo que ir a la cl\u00ednica y cu\u00e1nto tiempo tengo que estar?<\/a><\/h3><div class=\"sp-collapse spcollapse spcollapse\" id=\"collapse61102\" data-parent=\"#sp-ea-6110\" role=\"region\" aria-labelledby=\"ea-header-61102\"> <div class=\"ea-body\"><p><span style=\"color: #808080\">Depende del tipo de tratamiento que necesite. Cada caso es \u00fanico; por lo tanto, le recomendamos que se ponga en contacto con nosotros para saberlo. Si conocemos sus necesidades espec\u00edficas, podremos informarle sobre la duraci\u00f3n de su tratamiento.<\/span><\/p><p><span style=\"color: #808080\">Duraci\u00f3n aproximada:<\/span><\/p><ul><li><span style=\"color: #808080\">Cirug\u00eda de implantes dentales: 1-5 d\u00edas<\/span><\/li><li><span style=\"color: #808080\">Coronas: 5-10 d\u00edas<\/span><\/li><li><span style=\"color: #808080\">Puentes: 5-10 d\u00edas<\/span><\/li><\/ul><\/div><\/div><\/div><div class=\"ea-card sp-ea-single\"><h3 class=\"ea-header\"><a class=\"collapsed\" id=\"ea-header-61103\" role=\"button\" data-sptoggle=\"spcollapse\" data-sptarget=\"#collapse61103\" aria-controls=\"collapse61103\" href=\"#\" aria-expanded=\"false\" tabindex=\"0\"><i aria-hidden=\"true\" role=\"presentation\" class=\"ea-expand-icon eap-icon-ea-expand-plus\"><\/i> \u00bfQu\u00e9 ocurrir\u00e1 a mi llegada?<\/a><\/h3><div class=\"sp-collapse spcollapse spcollapse\" id=\"collapse61103\" data-parent=\"#sp-ea-6110\" role=\"region\" aria-labelledby=\"ea-header-61103\"> <div class=\"ea-body\"><p><span style=\"color: #808080\">Una vez que hayamos confirmado su cita, a su llegada le recogeremos en el aeropuerto. Dependiendo de la fecha y hora de su llegada, le llevaremos al hotel o la cl\u00ednica.<\/span><br \/><span style=\"color: #808080\">El tratamiento comenzar\u00e1 inmediatamente. Por regla general, en su primer viaje, necesitar\u00e1 quedarse 4 o 5 d\u00edas.<\/span><br \/><span style=\"color: #808080\">Las siguientes etapas del proceso de tratamiento se discutir\u00e1n y se planificar\u00e1n con usted.<\/span><\/p><\/div><\/div><\/div><div class=\"ea-card sp-ea-single\"><h3 class=\"ea-header\"><a class=\"collapsed\" id=\"ea-header-61104\" role=\"button\" data-sptoggle=\"spcollapse\" data-sptarget=\"#collapse61104\" aria-controls=\"collapse61104\" href=\"#\" aria-expanded=\"false\" tabindex=\"0\"><i aria-hidden=\"true\" role=\"presentation\" class=\"ea-expand-icon eap-icon-ea-expand-plus\"><\/i> \u00bfCon qu\u00e9 materiales est\u00e1n fabricados los implantes y las pr\u00f3tesis dentales?<\/a><\/h3><div class=\"sp-collapse spcollapse spcollapse\" id=\"collapse61104\" data-parent=\"#sp-ea-6110\" role=\"region\" aria-labelledby=\"ea-header-61104\"> <div class=\"ea-body\"><p><span style=\"color: #808080\">Los implantes dentales est\u00e1n fabricados con titanio. Para las pr\u00f3tesis dentales sobre los implantes se utilizan diferentes materiales est\u00e9ticos, dependiendo de las preferencias de los clientes.<\/span><\/p><\/div><\/div><\/div><div class=\"ea-card sp-ea-single\"><h3 class=\"ea-header\"><a class=\"collapsed\" id=\"ea-header-61105\" role=\"button\" data-sptoggle=\"spcollapse\" data-sptarget=\"#collapse61105\" aria-controls=\"collapse61105\" href=\"#\" aria-expanded=\"false\" tabindex=\"0\"><i aria-hidden=\"true\" role=\"presentation\" class=\"ea-expand-icon eap-icon-ea-expand-plus\"><\/i> \u00bfQu\u00e9 opciones tengo con respecto al tama\u00f1o, la forma y el color de las pr\u00f3tesis dentales?<\/a><\/h3><div class=\"sp-collapse spcollapse spcollapse\" id=\"collapse61105\" data-parent=\"#sp-ea-6110\" role=\"region\" aria-labelledby=\"ea-header-61105\"> <div class=\"ea-body\"><p><span style=\"color: #808080\">Utilizamos Exocad, que es el mejor software para CAD, y generalmente indica autom\u00e1ticamente la mejor opci\u00f3n con respecto a la forma y el tama\u00f1o. Pero como usted tiene la \u00faltima palabra, puede aportarnos fotos antiguas o informarnos directamente de sus expectativas y se lo transmitiremos a los t\u00e9cnicos dentales.<\/span><\/p><\/div><\/div><\/div><div class=\"ea-card sp-ea-single\"><h3 class=\"ea-header\"><a class=\"collapsed\" id=\"ea-header-61106\" role=\"button\" data-sptoggle=\"spcollapse\" data-sptarget=\"#collapse61106\" aria-controls=\"collapse61106\" href=\"#\" aria-expanded=\"false\" tabindex=\"0\"><i aria-hidden=\"true\" role=\"presentation\" class=\"ea-expand-icon eap-icon-ea-expand-plus\"><\/i> \u00bfCu\u00e1l es la diferencia entre los implantes all-on-4 y los implantes all-on-6?<\/a><\/h3><div class=\"sp-collapse spcollapse spcollapse\" id=\"collapse61106\" data-parent=\"#sp-ea-6110\" role=\"region\" aria-labelledby=\"ea-header-61106\"> <div class=\"ea-body\"><p><span style=\"color: #808080\">Se refieren al n\u00famero de implantes que se colocan en la mand\u00edbula. Generalmente los implantes all-on-4 se utilizan para el maxilar, y los implantes all-on-6 para la mand\u00edbula superior.<\/span><\/p><\/div><\/div><\/div><div class=\"ea-card sp-ea-single\"><h3 class=\"ea-header\"><a class=\"collapsed\" id=\"ea-header-61107\" role=\"button\" data-sptoggle=\"spcollapse\" data-sptarget=\"#collapse61107\" aria-controls=\"collapse61107\" href=\"#\" aria-expanded=\"false\" tabindex=\"0\"><i aria-hidden=\"true\" role=\"presentation\" class=\"ea-expand-icon eap-icon-ea-expand-plus\"><\/i> \u00bfEs dolorosa la cirug\u00eda de implantes dentales y qu\u00e9 anestesia se utiliza?<\/a><\/h3><div class=\"sp-collapse spcollapse spcollapse\" id=\"collapse61107\" data-parent=\"#sp-ea-6110\" role=\"region\" aria-labelledby=\"ea-header-61107\"> <div class=\"ea-body\"><p><span style=\"color: #808080\">La cirug\u00eda de implantes dentales es indolora y se realiza con anestesia local. Si es necesario, tambi\u00e9n se puede realizar con anestesia general. Despu\u00e9s de la cirug\u00eda, se puede producir dolor e inflamaci\u00f3n. La mayor\u00eda de los pacientes solo necesitan tomar durante unos d\u00edas los analg\u00e9sicos que toman para un dolor de cabeza. Si experimenta m\u00e1s molestias, se pueden prescribir medicamentos m\u00e1s fuertes.<\/span><\/p><\/div><\/div><\/div><div class=\"ea-card sp-ea-single\"><h3 class=\"ea-header\"><a class=\"collapsed\" id=\"ea-header-61108\" role=\"button\" data-sptoggle=\"spcollapse\" data-sptarget=\"#collapse61108\" aria-controls=\"collapse61108\" href=\"#\" aria-expanded=\"false\" tabindex=\"0\"><i aria-hidden=\"true\" role=\"presentation\" class=\"ea-expand-icon eap-icon-ea-expand-plus\"><\/i> \u00bfQu\u00e9 se puede comer o hacer despu\u00e9s de la cirug\u00eda?<\/a><\/h3><div class=\"sp-collapse spcollapse spcollapse\" id=\"collapse61108\" data-parent=\"#sp-ea-6110\" role=\"region\" aria-labelledby=\"ea-header-61108\"> <div class=\"ea-body\"><p><span style=\"color: #808080\">Recibir\u00e1 un folleto con instrucciones detalladas para el tratamiento posoperatorio.<\/span><br \/><span style=\"color: #808080\">Por lo general, despu\u00e9s de la cirug\u00eda de implantes dentales, debe tomar m\u00e1s l\u00edquidos y consumir alimentos blandos y pur\u00e9s. Durante el proceso de cicatrizaci\u00f3n es conveniente tomar alimentos que no requieran mucha masticaci\u00f3n. La fuerza masticatoria debe ser moderada durante los primeros 4 a 6 meses.<\/span><br \/><span style=\"color: #808080\">No se recomienda fumar.<\/span><\/p><\/div><\/div><\/div><div class=\"ea-card sp-ea-single\"><h3 class=\"ea-header\"><a class=\"collapsed\" id=\"ea-header-61109\" role=\"button\" data-sptoggle=\"spcollapse\" data-sptarget=\"#collapse61109\" aria-controls=\"collapse61109\" href=\"#\" aria-expanded=\"false\" tabindex=\"0\"><i aria-hidden=\"true\" role=\"presentation\" class=\"ea-expand-icon eap-icon-ea-expand-plus\"><\/i> \u00bfC\u00f3mo se cuidan los implantes dentales, las coronas y los puentes?<\/a><\/h3><div class=\"sp-collapse spcollapse spcollapse\" id=\"collapse61109\" data-parent=\"#sp-ea-6110\" role=\"region\" aria-labelledby=\"ea-header-61109\"> <div class=\"ea-body\"><p><span style=\"color: #808080\">Al igual que los dientes naturales, los implantes necesitan un cuidado y revisiones frecuentes para que duren m\u00e1s tiempo. Debe cuidar los implantes como lo hace con los dientes naturales, pero debe prestar especial atenci\u00f3n a los sitios de implantaci\u00f3n. Cepillarse los dientes dos veces al d\u00eda, utilizar el hilo dental y acudir a citas de limpieza dental los mantendr\u00e1n saludables. Es muy importante una revisi\u00f3n anual de los implantes para comprobar la salud del hueso y de las enc\u00edas en la zonas de los implantes.<\/span><br \/><span style=\"color: #808080\">Un buen cuidado y revisiones profesionales frecuentes son esenciales para que se mantengan fijos.<\/span><\/p><\/div><\/div><\/div><div class=\"ea-card sp-ea-single\"><h3 class=\"ea-header\"><a class=\"collapsed\" id=\"ea-header-611010\" role=\"button\" data-sptoggle=\"spcollapse\" data-sptarget=\"#collapse611010\" aria-controls=\"collapse611010\" href=\"#\" aria-expanded=\"false\" tabindex=\"0\"><i aria-hidden=\"true\" role=\"presentation\" class=\"ea-expand-icon eap-icon-ea-expand-plus\"><\/i> \u00bfCon qu\u00e9 frecuencia debo revisarme los implantes, las coronas y los puentes?<\/a><\/h3><div class=\"sp-collapse spcollapse spcollapse\" id=\"collapse611010\" data-parent=\"#sp-ea-6110\" role=\"region\" aria-labelledby=\"ea-header-611010\"> <div class=\"ea-body\"><p><span style=\"color: #808080\">Se recomienda una revisi\u00f3n profesional al menos dos veces al a\u00f1o.<\/span><\/p><\/div><\/div><\/div><div class=\"ea-card sp-ea-single\"><h3 class=\"ea-header\"><a class=\"collapsed\" id=\"ea-header-611011\" role=\"button\" data-sptoggle=\"spcollapse\" data-sptarget=\"#collapse611011\" aria-controls=\"collapse611011\" href=\"#\" aria-expanded=\"false\" tabindex=\"0\"><i aria-hidden=\"true\" role=\"presentation\" class=\"ea-expand-icon eap-icon-ea-expand-plus\"><\/i> \u00bfQu\u00e9 debo hacer si tengo alg\u00fan problema?<\/a><\/h3><div class=\"sp-collapse spcollapse spcollapse\" id=\"collapse611011\" data-parent=\"#sp-ea-6110\" role=\"region\" aria-labelledby=\"ea-header-611011\"> <div class=\"ea-body\"><p><span style=\"color: #808080\">Si tiene alg\u00fan problema, le recomendamos que se ponga en contacto con nosotros inmediatamente y le ayudaremos a encontrar la soluci\u00f3n m\u00e1s eficaz para su problema.<\/span><\/p><\/div><\/div><\/div><div class=\"ea-card sp-ea-single\"><h3 class=\"ea-header\"><a class=\"collapsed\" id=\"ea-header-611012\" role=\"button\" data-sptoggle=\"spcollapse\" data-sptarget=\"#collapse611012\" aria-controls=\"collapse611012\" href=\"#\" aria-expanded=\"false\" tabindex=\"0\"><i aria-hidden=\"true\" role=\"presentation\" class=\"ea-expand-icon eap-icon-ea-expand-plus\"><\/i> \u00bfQu\u00e9 garant\u00eda tienen los implantes?<\/a><\/h3><div class=\"sp-collapse spcollapse spcollapse\" id=\"collapse611012\" data-parent=\"#sp-ea-6110\" role=\"region\" aria-labelledby=\"ea-header-611012\"> <div class=\"ea-body\"><p>Garant\u00eda de construcci\u00f3n: 5 a\u00f1os bajo ciertas condiciones.<\/p><p>Como los implantes son similares a los dientes naturales, si se cuidan duran muchos a\u00f1os. Existe una peque\u00f1a probabilidad de que un implante no se osteointegre, es decir, que no se adhiera al hueso. Generalmente nos percatamos de ello durante la fase de cicatrizaci\u00f3n, despu\u00e9s de la colocaci\u00f3n del implante, y si eso ocurre, tendremos que retirar el implante y colocar uno nuevo unas semanas m\u00e1s tarde. Una vez integrado y funcional, hay m\u00e1s de un 90 % de probabilidades de que los implantes est\u00e9n en su lugar despu\u00e9s de 25 a\u00f1os. Por lo tanto, los implantes son una opci\u00f3n de tratamiento fiable a largo plazo.<\/p><\/div><\/div><\/div><div class=\"ea-card sp-ea-single\"><h3 class=\"ea-header\"><a class=\"collapsed\" id=\"ea-header-611013\" role=\"button\" data-sptoggle=\"spcollapse\" data-sptarget=\"#collapse611013\" aria-controls=\"collapse611013\" href=\"#\" aria-expanded=\"false\" tabindex=\"0\"><i aria-hidden=\"true\" role=\"presentation\" class=\"ea-expand-icon eap-icon-ea-expand-plus\"><\/i> \u00bfQu\u00e9 m\u00e9todos de pago aceptan?<\/a><\/h3><div class=\"sp-collapse spcollapse spcollapse\" id=\"collapse611013\" data-parent=\"#sp-ea-6110\" role=\"region\" aria-labelledby=\"ea-header-611013\"> <div class=\"ea-body\"><p><span style=\"color: #808080\">Aceptamos dinero en efectivo, tarjeta de d\u00e9bito o de cr\u00e9dito, transferencia bancaria (antes de la cirug\u00eda) y m\u00e9todos directos de pago en l\u00ednea.<\/span><\/p><\/div><\/div><\/div><\/div><\/div>\n","protected":false},"excerpt":{"rendered":"\u00bfQu\u00e9 se incluye en el precio indicado? Primer examen gratuito en l\u00ednea mediante una radiograf\u00eda panor\u00e1mica del pacienteTraslado del aeropuerto al hotel y visitas posteriores a la cl\u00ednica, al laboratorio certificado para pruebas de covid y otras pruebas, si fuera necesarioExploraci\u00f3n intraoral en la cl\u00ednica y un plan de tratamientoTodo lo que incluye el proceso <div class=\"btn-more-wrapper\"><a href=\"https:\/\/sofiaimplantcentre.com\/es\/preguntas-frecuentes-2\/\" class=\"btn btn-sm btn-hover-fill\"><svg class=\"icon icon-right-arrow\" version=\"1.1\" xmlns=\"http:\/\/www.w3.org\/2000\/svg\" width=\"32\" height=\"32\" viewBox=\"0 0 32 32\"><path d=\"M21.548 5.088c-0.436-0.451-1.162-0.451-1.613 0-0.436 0.436-0.436 1.162 0 1.596l8.177 8.177h-26.984c-0.629 0.001-1.129 0.501-1.129 1.13s0.5 1.145 1.129 1.145h26.984l-8.177 8.162c-0.436 0.451-0.436 1.178 0 1.613 0.451 0.451 1.178 0.451 1.613 0l10.113-10.113c0.451-0.436 0.451-1.162 0-1.596l-10.113-10.114z\"><\/path><\/svg>Read More<span class=\"screen-reader-text\"> \"Preguntas frecuentes\"<\/span><svg class=\"icon icon-right-arrow\" version=\"1.1\" xmlns=\"http:\/\/www.w3.org\/2000\/svg\" width=\"32\" height=\"32\" viewBox=\"0 0 32 32\"><path d=\"M21.548 5.088c-0.436-0.451-1.162-0.451-1.613 0-0.436 0.436-0.436 1.162 0 1.596l8.177 8.177h-26.984c-0.629 0.001-1.129 0.501-1.129 1.13s0.5 1.145 1.129 1.145h26.984l-8.177 8.162c-0.436 0.451-0.436 1.178 0 1.613 0.451 0.451 1.178 0.451 1.613 0l10.113-10.113c0.451-0.436 0.451-1.162 0-1.596l-10.113-10.114z\"><\/path><\/svg><\/a><\/div>","protected":false},"author":1,"featured_media":0,"parent":0,"menu_order":0,"comment_status":"closed","ping_status":"closed","template":"","meta":{"footnotes":""},"class_list":["post-6163","page","type-page","status-publish","hentry"],"_links":{"self":[{"href":"https:\/\/sofiaimplantcentre.com\/es\/wp-json\/wp\/v2\/pages\/6163","targetHints":{"allow":["GET"]}}],"collection":[{"href":"https:\/\/sofiaimplantcentre.com\/es\/wp-json\/wp\/v2\/pages"}],"about":[{"href":"https:\/\/sofiaimplantcentre.com\/es\/wp-json\/wp\/v2\/types\/page"}],"author":[{"embeddable":true,"href":"https:\/\/sofiaimplantcentre.com\/es\/wp-json\/wp\/v2\/users\/1"}],"replies":[{"embeddable":true,"href":"https:\/\/sofiaimplantcentre.com\/es\/wp-json\/wp\/v2\/comments?post=6163"}],"version-history":[{"count":2,"href":"https:\/\/sofiaimplantcentre.com\/es\/wp-json\/wp\/v2\/pages\/6163\/revisions"}],"predecessor-version":[{"id":6174,"href":"https:\/\/sofiaimplantcentre.com\/es\/wp-json\/wp\/v2\/pages\/6163\/revisions\/6174"}],"wp:attachment":[{"href":"https:\/\/sofiaimplantcentre.com\/es\/wp-json\/wp\/v2\/media?parent=6163"}],"curies":[{"name":"wp","href":"https:\/\/api.w.org\/{rel}","templated":true}]}}