{"id":4742,"date":"2021-07-08T17:28:25","date_gmt":"2021-07-08T14:28:25","guid":{"rendered":"https:\/\/sofiaimplantcentre.com\/notre-contact\/"},"modified":"2024-01-04T14:45:00","modified_gmt":"2024-01-04T12:45:00","slug":"contacts","status":"publish","type":"page","link":"https:\/\/sofiaimplantcentre.com\/fr\/contacts\/","title":{"rendered":"Contactez-nous"},"content":{"rendered":"<p>[vc_row rsclass=\u00a0\u00bbclean\u00a0\u00bb el_class=\u00a0\u00bbsection mt-0 googlemap__contact\u00a0\u00bb][vc_column rsclass=\u00a0\u00bbclean\u00a0\u00bb][vc_gmaps link=\u00a0\u00bb#E-8_JTNDaWZyYW1lJTIwc3JjJTNEJTIyaHR0cHMlM0ElMkYlMkZ3d3cuZ29vZ2xlLmNvbSUyRm1hcHMlMkZlbWJlZCUzRnBiJTNEJTIxMW0xOCUyMTFtMTIlMjExbTMlMjExZDI5MzUuNzE5NDE5NDQ3MDQ5NCUyMTJkMjMuMzcxNzE0ODE1NDQ4Mjc1JTIxM2Q0Mi42MjQ5MDYyNzkxNzAwMSUyMTJtMyUyMTFmMCUyMTJmMCUyMTNmMCUyMTNtMiUyMTFpMTAyNCUyMTJpNzY4JTIxNGYxMy4xJTIxM20zJTIxMW0yJTIxMXMweDQwYWE4MTY2ODIxYzljY2QlMjUzQTB4M2VmNTVmNTFkMTZjYTYwZSUyMTJzU29maWElMjUyMEltcGxhbnQlMjUyMENlbnRyZSUyMTVlMCUyMTNtMiUyMTFzZW4lMjEyc2JnJTIxNHYxNjI0Mjg4NjMwMjc0JTIxNW0yJTIxMXNlbiUyMTJzYmclMjIlMjB3aWR0aCUzRCUyMjYwMCUyMiUyMGhlaWdodCUzRCUyMjQ1MCUyMiUyMHN0eWxlJTNEJTIyYm9yZGVyJTNBMCUzQiUyMiUyMGFsbG93ZnVsbHNjcmVlbiUzRCUyMiUyMiUyMGxvYWRpbmclM0QlMjJsYXp5JTIyJTNFJTNDJTJGaWZyYW1lJTNF\u00a0\u00bb el_class=\u00a0\u00bbcontact-map\u00a0\u00bb][\/vc_column][\/vc_row][vc_row rsclass=\u00a0\u00bbclean\u00a0\u00bb el_class=\u00a0\u00bbsection mt-0 bg-grey\u00a0\u00bb][vc_column rsclass=\u00a0\u00bbclean\u00a0\u00bb el_class=\u00a0\u00bbcontainer\u00a0\u00bb][vc_row_inner rsclass=\u00a0\u00bbclean\u00a0\u00bb el_class=\u00a0\u00bbrow\u00a0\u00bb][vc_column_inner el_class=\u00a0\u00bbcol-md\u00a0\u00bb width=\u00a0\u00bb1\/3&Prime; rsclass=\u00a0\u00bbclean\u00a0\u00bb][vc_custom_heading text=\u00a0\u00bbNotre adresse\u00a0\u00bb font_container=\u00a0\u00bbtag:h5|text_align:left\u00a0\u00bb use_theme_fonts=\u00a0\u00bbyes\u00a0\u00bb rs_decor_place=\u00a0\u00bb2&Prime; rsouter=\u00a0\u00bbtitle-wrap\u00a0\u00bb el_class=\u00a0\u00bbpt-0&Prime;]<\/p>\n<div class=\"h-decor\"><\/div>\n<p>[\/vc_custom_heading][vc_column_text rsclass=\u00a0\u00bbclean\u00a0\u00bb]<\/p>\n<ul class=\"icn-list-lg\">\n<li><svg class=\"icon icon-placeholder-for-map-1\" version=\"1.1\" xmlns=\"http:\/\/www.w3.org\/2000\/svg\" width=\"32\" height=\"32\" viewBox=\"0 0 32 32\"><path d=\"M16.404 0.007c-6.499-0.219-11.835 4.984-11.835 11.433 0 7.319 7.024 12.631 10.96 20.269 0.2 0.388 0.758 0.388 0.959 0.001 3.561-6.873 9.648-11.482 10.776-18.104 1.168-6.852-3.913-13.364-10.86-13.599zM16.008 17.431c-3.309 0-5.992-2.683-5.992-5.992s2.683-5.992 5.992-5.992c3.309 0 5.992 2.683 5.992 5.992s-2.683 5.992-5.992 5.992z\"><\/path><\/svg>Sofia Implant Centre, MM Business Centre, Business Park Sofia, 1715 Bulgarie<\/li>\n<\/ul>\n<p>[\/vc_column_text][\/vc_column_inner][vc_column_inner el_class=\u00a0\u00bbcol-md mt-3 mt-md-0&Prime; width=\u00a0\u00bb1\/3&Prime; rsclass=\u00a0\u00bbclean\u00a0\u00bb][vc_custom_heading text=\u00a0\u00bbNos coordonn\u00e9es\u00a0\u00bb font_container=\u00a0\u00bbtag:h5|text_align:left\u00a0\u00bb use_theme_fonts=\u00a0\u00bbyes\u00a0\u00bb rs_decor_place=\u00a0\u00bb2&Prime; rsouter=\u00a0\u00bbtitle-wrap\u00a0\u00bb el_class=\u00a0\u00bbpt-0&Prime;]<\/p>\n<div class=\"h-decor\"><\/div>\n<p>[\/vc_custom_heading][vc_column_text rsclass=\u00a0\u00bbclean\u00a0\u00bb]<\/p>\n<ul class=\"icn-list-lg\">\n<li><svg class=\"icon icon-telephone-1\" version=\"1.1\" xmlns=\"http:\/\/www.w3.org\/2000\/svg\" width=\"32\" height=\"32\" viewBox=\"0 0 32 32\"><path d=\"M23.467 19.2c-2.133 2.133-2.133 4.267-4.267 4.267s-4.267-2.133-6.4-4.267c-2.133-2.133-4.267-4.267-4.267-6.4s2.133-2.133 4.267-4.267-4.267-8.533-6.4-8.533-6.4 6.4-6.4 6.4c0 4.267 4.383 12.917 8.533 17.067s12.8 8.533 17.067 8.533c0 0 6.4-4.267 6.4-6.4s-6.4-8.533-8.533-6.4z\"><\/path><\/svg>T\u00e9l\u00e9phone\/Whatsapp : <a href=\"tel:+359 895 269 533\">+359 895 269 533<\/a><\/li>\n<li><svg class=\"icon icon-black-envelope\" version=\"1.1\" xmlns=\"http:\/\/www.w3.org\/2000\/svg\" width=\"32\" height=\"32\" viewBox=\"0 0 32 32\"><path d=\"M2.531 6.124l11.526 9.13c0.523 0.414 1.243 0.597 1.942 0.563 0.698 0.034 1.419-0.148 1.941-0.563l11.526-9.13c0.924-0.727 0.715-1.323-0.457-1.323h-26.019c-1.173 0-1.382 0.596-0.461 1.323z\"><\/path><path d=\"M30.3 8.533l-12.596 9.563c-0.471 0.354-1.088 0.526-1.702 0.518-0.616 0.008-1.233-0.165-1.704-0.518l-12.598-9.563c-0.935-0.709-1.7-0.329-1.7 0.844v15.69c0 1.173 0.96 2.133 2.133 2.133h27.734c1.173 0 2.133-0.96 2.133-2.133v-15.69c0-1.173-0.765-1.553-1.7-0.844z\"><\/path><\/svg><a href=\"mailto:info@sofiaimplantcentre.com\">info@sofiaimplantcentre.com<\/a><\/li>\n<\/ul>\n<p>[\/vc_column_text][\/vc_column_inner][vc_column_inner el_class=\u00a0\u00bbcol-md mt-3 mt-md-0&Prime; width=\u00a0\u00bb1\/3&Prime; rsclass=\u00a0\u00bbclean\u00a0\u00bb][vc_custom_heading text=\u00a0\u00bbNos horaires d&rsquo;ouverture\u00a0\u00bb font_container=\u00a0\u00bbtag:h5|text_align:left\u00a0\u00bb use_theme_fonts=\u00a0\u00bbyes\u00a0\u00bb rs_decor_place=\u00a0\u00bb2&Prime; rsouter=\u00a0\u00bbtitle-wrap\u00a0\u00bb el_class=\u00a0\u00bbpt-0&Prime;]<\/p>\n<div class=\"h-decor\"><\/div>\n<p>[\/vc_custom_heading][vc_column_text rsclass=\u00a0\u00bbclean\u00a0\u00bb]<\/p>\n<ul class=\"icn-list-lg\">\n<li><svg class=\"icon icon-icon-3\" version=\"1.1\" xmlns=\"http:\/\/www.w3.org\/2000\/svg\" width=\"32\" height=\"32\" viewBox=\"0 0 32 32\"><path d=\"M16.001 0c-8.837 0-16.001 7.166-16.001 16.003 0 8.833 7.164 15.997 16.001 15.997 8.836 0 15.998-7.164 15.998-15.997 0-8.837-7.162-16.003-15.998-16.003zM16.001 27.14c-6.144 0-11.143-4.997-11.143-11.138 0-6.148 5-11.147 11.143-11.147 6.145 0 11.14 5.001 11.14 11.147 0 6.142-4.997 11.138-11.14 11.138z\"><\/path><path d=\"M17.377 15.12l0.001-6.177c0-0.759-0.615-1.373-1.377-1.373-0.763 0-1.38 0.613-1.38 1.373v8.933h8.934c0.757 0 1.376-0.615 1.376-1.377 0-0.763-0.618-1.379-1.376-1.379 0.001 0-6.178 0-6.178 0z\"><\/path><\/svg>\n<div>\n<div class=\"d-flex\">Du lundi au vendredi<span class=\"ml-auto theme-color\">de 08 h 00 \u00e0 18 h 00<\/span><\/div>\n<div class=\"d-flex\">Le samedi<span class=\"ml-auto theme-color\">ferm\u00e9<\/span><\/div>\n<div class=\"d-flex\">Le dimanche<span class=\"ml-auto theme-color\">ferm\u00e9<\/span><\/div>\n<\/div>\n<\/li>\n<\/ul>\n<p>[\/vc_column_text][\/vc_column_inner][\/vc_row_inner][\/vc_column][\/vc_row][vc_row rsclass=\u00a0\u00bbclean\u00a0\u00bb el_class=\u00a0\u00bbsection\u00a0\u00bb][vc_column rsclass=\u00a0\u00bbclean\u00a0\u00bb el_class=\u00a0\u00bbcontainer\u00a0\u00bb][vc_row_inner rsclass=\u00a0\u00bbclean\u00a0\u00bb el_class=\u00a0\u00bbrow\u00a0\u00bb][vc_column_inner el_class=\u00a0\u00bbcol-md col-lg-5&Prime; width=\u00a0\u00bb1\/2&Prime; rsclass=\u00a0\u00bbclean\u00a0\u00bb rsinner=\u00a0\u00bbpr-0 pr-lg-8&Prime;][vc_custom_heading text=\u00a0\u00bbContactez-nous\u00a0\u00bb use_theme_fonts=\u00a0\u00bbyes\u00a0\u00bb rs_decor_place=\u00a0\u00bb2&Prime; rsouter=\u00a0\u00bbtitle-wrap\u00a0\u00bb]<\/p>\n<div class=\"h-decor\"><\/div>\n<p>[\/vc_custom_heading][vc_column_text rsclass=\u00a0\u00bbclean\u00a0\u00bb el_class=\u00a0\u00bbmt-3 tt_pt_3&Prime;]<\/p>\n<p class=\"tt_mb_20\">Pour toute question d&rsquo;ordre g\u00e9n\u00e9ral, veuillez nous envoyer un message et nous vous r\u00e9pondrons dans les meilleurs d\u00e9lais. Nos consultants sont toujours ravis de vous aider.<\/p>\n<p class=\"p-sm\"><b>Les champs marqu\u00e9s d&rsquo;un ast\u00e9risque * sont obligatoires.<\/b><\/p>\n<p>[\/vc_column_text][vc_column_text rsclass=\u00a0\u00bbclean\u00a0\u00bb el_class=\u00a0\u00bbmt-6&Prime;][\/vc_column_text][\/vc_column_inner][vc_column_inner el_class=\u00a0\u00bbcol-md col-lg-6 mt-4 mt-md-0&Prime; width=\u00a0\u00bb1\/2&Prime; rsclass=\u00a0\u00bbclean\u00a0\u00bb]\n<div class=\"wpcf7 no-js\" id=\"wpcf7-f4899-o1\" lang=\"fr-FR\" dir=\"ltr\" data-wpcf7-id=\"4899\">\n<div class=\"screen-reader-response\"><p role=\"status\" aria-live=\"polite\" aria-atomic=\"true\"><\/p> <ul><\/ul><\/div>\n<form action=\"\/fr\/wp-json\/wp\/v2\/pages\/4742#wpcf7-f4899-o1\" method=\"post\" class=\"wpcf7-form init\" aria-label=\"Formulaire de contact\" novalidate=\"novalidate\" data-status=\"init\">\n<fieldset class=\"hidden-fields-container\"><input type=\"hidden\" name=\"_wpcf7\" value=\"4899\" \/><input type=\"hidden\" name=\"_wpcf7_version\" value=\"6.1.5\" \/><input type=\"hidden\" name=\"_wpcf7_locale\" value=\"fr_FR\" \/><input type=\"hidden\" name=\"_wpcf7_unit_tag\" value=\"wpcf7-f4899-o1\" \/><input type=\"hidden\" name=\"_wpcf7_container_post\" value=\"0\" \/><input type=\"hidden\" name=\"_wpcf7_posted_data_hash\" value=\"\" \/><input type=\"hidden\" name=\"_wpcf7_recaptcha_response\" value=\"\" \/>\n<\/fieldset>\n<div class=\"contact-form contact7__custom-form questionForm ws-form-icons\" id=\"questionForm\">\n\t<div class=\"input-group\">\n\t\t<p><span><svg class=\"icon icon-user-3\" version=\"1.1\" xmlns=\"http:\/\/www.w3.org\/2000\/svg\" width=\"35\" height=\"32\" viewBox=\"0 0 35 32\"><title>user-3<\/title><path d=\"M33.25 16c0-8.822-7.178-16-16-16s-16 7.178-16 16c0 4.66 2.004 8.86 5.193 11.786l-0.015 0.013 0.519 0.438c0.034 0.029 0.070 0.052 0.104 0.080 0.276 0.229 0.561 0.446 0.852 0.656 0.094 0.068 0.188 0.136 0.284 0.202 0.311 0.214 0.63 0.417 0.955 0.61 0.071 0.042 0.143 0.083 0.214 0.123 0.357 0.203 0.721 0.394 1.094 0.57 0.027 0.013 0.055 0.024 0.083 0.037 1.215 0.565 2.513 0.98 3.87 1.225 0.036 0.006 0.071 0.013 0.107 0.019 0.421 0.073 0.847 0.131 1.278 0.17 0.052 0.005 0.105 0.008 0.158 0.012 0.429 0.035 0.863 0.058 1.303 0.058 0.436 0 0.866-0.023 1.293-0.057 0.054-0.005 0.108-0.008 0.162-0.012 0.428-0.039 0.85-0.095 1.267-0.167 0.036-0.006 0.073-0.013 0.109-0.020 1.336-0.24 2.615-0.645 3.815-1.196 0.044-0.020 0.089-0.040 0.133-0.061 0.359-0.169 0.71-0.351 1.054-0.545 0.086-0.048 0.17-0.097 0.255-0.147 0.313-0.184 0.621-0.377 0.92-0.582 0.108-0.073 0.213-0.151 0.319-0.227 0.255-0.184 0.506-0.374 0.75-0.572 0.054-0.044 0.112-0.081 0.165-0.126l0.532-0.445-0.016-0.013c3.217-2.928 5.24-7.147 5.24-11.831zM2.414 16c0-8.181 6.655-14.836 14.836-14.836s14.836 6.655 14.836 14.836c0 4.408-1.935 8.372-4.997 11.091-0.171-0.118-0.343-0.224-0.52-0.312l-4.926-2.463c-0.442-0.221-0.717-0.666-0.717-1.16v-1.72c0.114-0.141 0.234-0.3 0.359-0.475 0.638-0.901 1.149-1.903 1.522-2.981 0.737-0.35 1.213-1.084 1.213-1.914v-2.063c0-0.504-0.185-0.994-0.516-1.378v-2.715c0.030-0.303 0.137-2.006-1.096-3.412-1.072-1.224-2.808-1.844-5.159-1.844s-4.087 0.62-5.159 1.843c-1.233 1.406-1.126 3.11-1.096 3.412v2.715c-0.33 0.385-0.516 0.874-0.516 1.378v2.063c0 0.641 0.287 1.238 0.78 1.641 0.471 1.846 1.441 3.244 1.8 3.717v1.684c0 0.475-0.259 0.911-0.676 1.139l-4.6 2.509c-0.147 0.080-0.292 0.173-0.438 0.277-3.025-2.718-4.931-6.657-4.931-11.034z\"><\/path><\/svg><\/span><span class=\"wpcf7-form-control-wrap\" data-name=\"your-name\"><input size=\"40\" maxlength=\"400\" class=\"wpcf7-form-control wpcf7-text wpcf7-validates-as-required form-control\" aria-required=\"true\" aria-invalid=\"false\" placeholder=\"Nom*\" value=\"\" type=\"text\" name=\"your-name\" \/><\/span>\n\t\t<\/p>\n\t<\/div>\n\t<div class=\"input-group\">\n\t\t<p><span><svg class=\"icon icon-email-2\" version=\"1.1\" xmlns=\"http:\/\/www.w3.org\/2000\/svg\" width=\"32\" height=\"32\" viewBox=\"0 0 32 32\"><title>email-2<\/title><path d=\"M29.188 3.813h-26.375c-1.549 0-2.813 1.262-2.813 2.813v18.75c0 1.545 1.258 2.813 2.813 2.813h26.375c1.545 0 2.813-1.258 2.813-2.813v-18.75c0-1.545-1.258-2.813-2.813-2.813zM28.799 5.688l-12.739 12.74-12.85-12.74h25.589zM1.875 24.987v-17.982l9.030 8.953-9.030 9.030zM3.201 26.313l9.036-9.036 3.166 3.139c0.367 0.363 0.958 0.362 1.323-0.003l3.087-3.087 8.987 8.987h-25.598zM30.125 24.987l-8.987-8.987 8.987-8.987v17.973z\"><\/path><\/svg><\/span><span class=\"wpcf7-form-control-wrap\" data-name=\"your-email\"><input size=\"40\" maxlength=\"400\" class=\"wpcf7-form-control wpcf7-email wpcf7-text wpcf7-validates-as-email form-control\" aria-invalid=\"false\" placeholder=\"E-mail\" value=\"\" type=\"email\" name=\"your-email\" \/><\/span>\n\t\t<\/p>\n\t<\/div>\n\t<div class=\"input-group\">\n\t\t<p><span><svg class=\"icon icon-smartphone\" version=\"1.1\" xmlns=\"http:\/\/www.w3.org\/2000\/svg\" width=\"32\" height=\"32\" viewBox=\"0 0 32 32\"><title>smartphone<\/title><path d=\"M25.636 29.509v-27.025c0-1.366-1.111-2.484-2.484-2.484h-14.304c-1.366 0-2.484 1.111-2.484 2.484v27.032c0 1.366 1.111 2.484 2.484 2.484h14.304c1.366-0.007 2.484-1.118 2.484-2.491zM7.966 5.759h16.062v18.187h-16.062v-18.187zM8.848 1.602h14.304c0.484 0 0.883 0.392 0.883 0.883v1.674h-16.069v-1.674c0-0.49 0.399-0.883 0.883-0.883zM7.966 29.509v-3.968h16.062v3.968c0 0.484-0.392 0.883-0.883 0.883h-14.297c-0.484 0-0.883-0.392-0.883-0.883z\"><\/path><path d=\"M17.621 27.234h-3.249c-0.445 0-0.804 0.36-0.804 0.804s0.36 0.804 0.804 0.804h3.249c0.445 0 0.804-0.36 0.804-0.804s-0.36-0.804-0.804-0.804z\"><\/path><\/svg><\/span><span class=\"wpcf7-form-control-wrap\" data-name=\"phonetext-665\"><input size=\"40\" minlength=\"5\" class=\"wpcf7-form-control wpcf7-phonetext wpcf7-validates-as-required wpcf7-text wpcf7-validates-as-phonetext form-control\" aria-required=\"true\" aria-invalid=\"false\" placeholder=\"T\u00e9l\u00e9phone*\" value=\"\" type=\"text\" name=\"phonetext-665\" \/><input type=\"hidden\" name=\"phonetext-665-country-code\" class=\"wpcf7-phonetext-country-code\" \/><\/span>\n\t\t<\/p>\n\t<\/div>\n\t<div class=\"text-left\">\n\t\t<p><span class=\"wpcf7-form-control-wrap\" data-name=\"whatsapp_fr\"><span class=\"wpcf7-form-control wpcf7-checkbox\"><span class=\"wpcf7-list-item first last\"><input type=\"checkbox\" name=\"whatsapp_fr[]\" value=\"J&#039;utilise WhatsApp\" \/><span class=\"wpcf7-list-item-label\">J&#039;utilise WhatsApp<\/span><\/span><\/span><\/span>\n\t\t<\/p>\n\t<\/div>\n\t<div class=\"tt_mb_14\">\n\t\t<p><span class=\"wpcf7-form-control-wrap\" data-name=\"your-message\"><textarea cols=\"40\" rows=\"10\" maxlength=\"2000\" class=\"wpcf7-form-control wpcf7-textarea form-control form-control-textarea\" aria-invalid=\"false\" placeholder=\"Message\" name=\"your-message\"><\/textarea><\/span>\n\t\t<\/p>\n\t<\/div>\n\t<div class=\"text-right\">\n\t\t<p><input class=\"wpcf7-form-control wpcf7-submit has-spinner btn btn-sm btn-hover-fill\" type=\"submit\" value=\"Envoyer\" \/>\n\t\t<\/p>\n\t<\/div>\n<\/div><div class=\"wpcf7-response-output\" aria-hidden=\"true\"><\/div>\n<\/form>\n<\/div>\n[\/vc_column_inner][\/vc_row_inner][\/vc_column][\/vc_row]<\/p>\n","protected":false},"excerpt":{"rendered":"<p>[vc_row rsclass=\u00a0\u00bbclean\u00a0\u00bb el_class=\u00a0\u00bbsection mt-0 googlemap__contact\u00a0\u00bb][vc_column rsclass=\u00a0\u00bbclean\u00a0\u00bb][vc_gmaps link=\u00a0\u00bb#E-8_JTNDaWZyYW1lJTIwc3JjJTNEJTIyaHR0cHMlM0ElMkYlMkZ3d3cuZ29vZ2xlLmNvbSUyRm1hcHMlMkZlbWJlZCUzRnBiJTNEJTIxMW0xOCUyMTFtMTIlMjExbTMlMjExZDI5MzUuNzE5NDE5NDQ3MDQ5NCUyMTJkMjMuMzcxNzE0ODE1NDQ4Mjc1JTIxM2Q0Mi42MjQ5MDYyNzkxNzAwMSUyMTJtMyUyMTFmMCUyMTJmMCUyMTNmMCUyMTNtMiUyMTFpMTAyNCUyMTJpNzY4JTIxNGYxMy4xJTIxM20zJTIxMW0yJTIxMXMweDQwYWE4MTY2ODIxYzljY2QlMjUzQTB4M2VmNTVmNTFkMTZjYTYwZSUyMTJzU29maWElMjUyMEltcGxhbnQlMjUyMENlbnRyZSUyMTVlMCUyMTNtMiUyMTFzZW4lMjEyc2JnJTIxNHYxNjI0Mjg4NjMwMjc0JTIxNW0yJTIxMXNlbiUyMTJzYmclMjIlMjB3aWR0aCUzRCUyMjYwMCUyMiUyMGhlaWdodCUzRCUyMjQ1MCUyMiUyMHN0eWxlJTNEJTIyYm9yZGVyJTNBMCUzQiUyMiUyMGFsbG93ZnVsbHNjcmVlbiUzRCUyMiUyMiUyMGxvYWRpbmclM0QlMjJsYXp5JTIyJTNFJTNDJTJGaWZyYW1lJTNF\u00a0\u00bb el_class=\u00a0\u00bbcontact-map\u00a0\u00bb][\/vc_column][\/vc_row][vc_row rsclass=\u00a0\u00bbclean\u00a0\u00bb el_class=\u00a0\u00bbsection mt-0 bg-grey\u00a0\u00bb][vc_column rsclass=\u00a0\u00bbclean\u00a0\u00bb el_class=\u00a0\u00bbcontainer\u00a0\u00bb][vc_row_inner rsclass=\u00a0\u00bbclean\u00a0\u00bb el_class=\u00a0\u00bbrow\u00a0\u00bb][vc_column_inner el_class=\u00a0\u00bbcol-md\u00a0\u00bb width=\u00a0\u00bb1\/3&Prime; rsclass=\u00a0\u00bbclean\u00a0\u00bb][vc_custom_heading text=\u00a0\u00bbNotre adresse\u00a0\u00bb font_container=\u00a0\u00bbtag:h5|text_align:left\u00a0\u00bb use_theme_fonts=\u00a0\u00bbyes\u00a0\u00bb rs_decor_place=\u00a0\u00bb2&Prime; rsouter=\u00a0\u00bbtitle-wrap\u00a0\u00bb el_class=\u00a0\u00bbpt-0&Prime;] [\/vc_custom_heading][vc_column_text rsclass=\u00a0\u00bbclean\u00a0\u00bb] Sofia Implant Centre, MM Business Centre, Business Park Sofia, 1715 Bulgarie [\/vc_column_text][\/vc_column_inner][vc_column_inner el_class=\u00a0\u00bbcol-md mt-3 mt-md-0&Prime; width=\u00a0\u00bb1\/3&Prime; rsclass=\u00a0\u00bbclean\u00a0\u00bb][vc_custom_heading text=\u00a0\u00bbNos coordonn\u00e9es\u00a0\u00bb font_container=\u00a0\u00bbtag:h5|text_align:left\u00a0\u00bb use_theme_fonts=\u00a0\u00bbyes\u00a0\u00bb rs_decor_place=\u00a0\u00bb2&Prime; rsouter=\u00a0\u00bbtitle-wrap\u00a0\u00bb el_class=\u00a0\u00bbpt-0&Prime;] [\/vc_custom_heading][vc_column_text rsclass=\u00a0\u00bbclean\u00a0\u00bb] T\u00e9l\u00e9phone\/Whatsapp <\/p>\n<div class=\"btn-more-wrapper\"><a href=\"https:\/\/sofiaimplantcentre.com\/fr\/contacts\/\" class=\"btn btn-sm btn-hover-fill\"><svg class=\"icon icon-right-arrow\" version=\"1.1\" xmlns=\"http:\/\/www.w3.org\/2000\/svg\" width=\"32\" height=\"32\" viewBox=\"0 0 32 32\"><path d=\"M21.548 5.088c-0.436-0.451-1.162-0.451-1.613 0-0.436 0.436-0.436 1.162 0 1.596l8.177 8.177h-26.984c-0.629 0.001-1.129 0.501-1.129 1.13s0.5 1.145 1.129 1.145h26.984l-8.177 8.162c-0.436 0.451-0.436 1.178 0 1.613 0.451 0.451 1.178 0.451 1.613 0l10.113-10.113c0.451-0.436 0.451-1.162 0-1.596l-10.113-10.114z\"><\/path><\/svg>Read More<span class=\"screen-reader-text\"> \u00ab\u00a0Contactez-nous\u00a0\u00bb<\/span><svg class=\"icon icon-right-arrow\" version=\"1.1\" xmlns=\"http:\/\/www.w3.org\/2000\/svg\" width=\"32\" height=\"32\" viewBox=\"0 0 32 32\"><path d=\"M21.548 5.088c-0.436-0.451-1.162-0.451-1.613 0-0.436 0.436-0.436 1.162 0 1.596l8.177 8.177h-26.984c-0.629 0.001-1.129 0.501-1.129 1.13s0.5 1.145 1.129 1.145h26.984l-8.177 8.162c-0.436 0.451-0.436 1.178 0 1.613 0.451 0.451 1.178 0.451 1.613 0l10.113-10.113c0.451-0.436 0.451-1.162 0-1.596l-10.113-10.114z\"><\/path><\/svg><\/a><\/div>\n","protected":false},"author":1,"featured_media":0,"parent":0,"menu_order":11,"comment_status":"closed","ping_status":"closed","template":"custompagett.php","meta":{"footnotes":""},"class_list":["post-4742","page","type-page","status-publish","hentry"],"_links":{"self":[{"href":"https:\/\/sofiaimplantcentre.com\/fr\/wp-json\/wp\/v2\/pages\/4742","targetHints":{"allow":["GET"]}}],"collection":[{"href":"https:\/\/sofiaimplantcentre.com\/fr\/wp-json\/wp\/v2\/pages"}],"about":[{"href":"https:\/\/sofiaimplantcentre.com\/fr\/wp-json\/wp\/v2\/types\/page"}],"author":[{"embeddable":true,"href":"https:\/\/sofiaimplantcentre.com\/fr\/wp-json\/wp\/v2\/users\/1"}],"replies":[{"embeddable":true,"href":"https:\/\/sofiaimplantcentre.com\/fr\/wp-json\/wp\/v2\/comments?post=4742"}],"version-history":[{"count":31,"href":"https:\/\/sofiaimplantcentre.com\/fr\/wp-json\/wp\/v2\/pages\/4742\/revisions"}],"predecessor-version":[{"id":4900,"href":"https:\/\/sofiaimplantcentre.com\/fr\/wp-json\/wp\/v2\/pages\/4742\/revisions\/4900"}],"wp:attachment":[{"href":"https:\/\/sofiaimplantcentre.com\/fr\/wp-json\/wp\/v2\/media?parent=4742"}],"curies":[{"name":"wp","href":"https:\/\/api.w.org\/{rel}","templated":true}]}}