{"id":4758,"date":"2021-07-08T17:34:41","date_gmt":"2021-07-08T14:34:41","guid":{"rendered":"https:\/\/sofiaimplantcentre.com\/les-questions-les-plus-frequentes\/"},"modified":"2023-07-31T16:59:18","modified_gmt":"2023-07-31T13:59:18","slug":"les-questions-les-plus-frequentes","status":"publish","type":"page","link":"https:\/\/sofiaimplantcentre.com\/fr\/les-questions-les-plus-frequentes\/","title":{"rendered":"La foire aux questions"},"content":{"rendered":"<style>#sp-ea-4508 .spcollapsing { height: 0; overflow: hidden; transition-property: height;transition-duration: 500ms;}#sp-ea-4508.sp-easy-accordion>.sp-ea-single {margin-bottom: 10px; border: 1px solid #2eacc2; }#sp-ea-4508.sp-easy-accordion>.sp-ea-single>.ea-header a {color: #444;}#sp-ea-4508.sp-easy-accordion>.sp-ea-single>.sp-collapse>.ea-body {background: #ffffff; color: #444;}#sp-ea-4508.sp-easy-accordion>.sp-ea-single {background: #ffffff;}#sp-ea-4508.sp-easy-accordion>.sp-ea-single>.ea-header a .ea-expand-icon { float: left; color: #2eacc2;font-size: 16px;}<\/style><div id=\"sp_easy_accordion-1691403302\"><div id=\"sp-ea-4508\" class=\"sp-ea-one sp-easy-accordion\" data-ea-active=\"ea-click\" data-ea-mode=\"vertical\" data-preloader=\"\" data-scroll-active-item=\"\" data-offset-to-scroll=\"0\"><div class=\"ea-card sp-ea-single\"><h3 class=\"ea-header\"><a class=\"collapsed\" id=\"ea-header-45080\" role=\"button\" data-sptoggle=\"spcollapse\" data-sptarget=\"#collapse45080\" aria-controls=\"collapse45080\" href=\"#\" aria-expanded=\"false\" tabindex=\"0\"><i aria-hidden=\"true\" role=\"presentation\" class=\"ea-expand-icon eap-icon-ea-expand-plus\"><\/i> Qu'est-ce qui est inclus dans le prix indiqu\u00e9 ?<\/a><\/h3><div class=\"sp-collapse spcollapse spcollapse\" id=\"collapse45080\" data-parent=\"#sp-ea-4508\" role=\"region\" aria-labelledby=\"ea-header-45080\"> <div class=\"ea-body\"><ul><li><span style=\"color: #808080\">L'examen initial en ligne gratuit avec une radiographie panoramique du patient<\/span><\/li><li><span style=\"color: #808080\">Le transfert de l'a\u00e9roport \u00e0 l'h\u00f4tel et les visites ult\u00e9rieures \u00e0 la clinique, au laboratoire de test covid certifi\u00e9 et autres si n\u00e9cessaire <\/span><\/li><li><span style=\"color: #808080\">L'examen intra-oral \u00e0 la clinique. Le plan de traitement<\/span><\/li><li><span style=\"color: #808080\">Tout ce que comprend le processus de traitement<\/span><\/li><li><span style=\"color: #808080\">Les m\u00e9dicaments post-op\u00e9ratoires, y compris les antibiotiques et les analg\u00e9siques<\/span><\/li><li><span style=\"color: #808080\">Un kit d'hygi\u00e8ne buccale<\/span><\/li><li><span style=\"color: #808080\">Tous les contr\u00f4les qui doivent suivre<\/span><\/li><\/ul><\/div><\/div><\/div><div class=\"ea-card sp-ea-single\"><h3 class=\"ea-header\"><a class=\"collapsed\" id=\"ea-header-45081\" role=\"button\" data-sptoggle=\"spcollapse\" data-sptarget=\"#collapse45081\" aria-controls=\"collapse45081\" href=\"#\" aria-expanded=\"false\" tabindex=\"0\"><i aria-hidden=\"true\" role=\"presentation\" class=\"ea-expand-icon eap-icon-ea-expand-plus\"><\/i> Pourquoi est-ce si abordable ?<\/a><\/h3><div class=\"sp-collapse spcollapse spcollapse\" id=\"collapse45081\" data-parent=\"#sp-ea-4508\" role=\"region\" aria-labelledby=\"ea-header-45081\"> <div class=\"ea-body\"><p><span style=\"color: #808080\">En tant qu'unit\u00e9 sp\u00e9cialis\u00e9e dans les implants bas\u00e9e en Bulgarie, nous r\u00e9alisons de grandes \u00e9conomies d'\u00e9chelle, tout en \u00e9tant en mesure de maintenir un rapport qualit\u00e9\/prix imbattable :<\/span><\/p><ul><li><span style=\"color: #808080\"> travaillant avec des volumes \u00e9lev\u00e9s, nous sommes en mesure de nous approvisionner en implants et autres mat\u00e9riaux directement aupr\u00e8s des producteurs avec des remises cons\u00e9quentes ;<\/span><\/li><li><span style=\"color: #808080\"> nos processus de travail sont optimis\u00e9s de mani\u00e8re \u00e0 \u00e9conomiser beaucoup de temps et de ressources ;<\/span><\/li><li><span style=\"color: #808080\">nous avons tous les processus connect\u00e9s en interne, y compris nos propres laboratoires de radiologie et dentaires.<\/span><\/li><\/ul><\/div><\/div><\/div><div class=\"ea-card sp-ea-single\"><h3 class=\"ea-header\"><a class=\"collapsed\" id=\"ea-header-45082\" role=\"button\" data-sptoggle=\"spcollapse\" data-sptarget=\"#collapse45082\" aria-controls=\"collapse45082\" href=\"#\" aria-expanded=\"false\" tabindex=\"0\"><i aria-hidden=\"true\" role=\"presentation\" class=\"ea-expand-icon eap-icon-ea-expand-plus\"><\/i> Combien de fois dois-je venir \u00e0 la clinique et combien de temps dois-je rester ?<\/a><\/h3><div class=\"sp-collapse spcollapse spcollapse\" id=\"collapse45082\" data-parent=\"#sp-ea-4508\" role=\"region\" aria-labelledby=\"ea-header-45082\"> <div class=\"ea-body\"><p><span style=\"color: #808080\">Cela d\u00e9pend du type de traitement dont vous avez besoin. Chaque cas est unique; par cons\u00e9quent, nous vous recommandons de nous contacter \u00e0 propos de cette question. Si nous connaissons vos besoins sp\u00e9cifiques, nous sommes en mesure de vous indiquer la dur\u00e9e de votre traitement.<\/span><\/p><p><span style=\"color: #808080\">Les dur\u00e9es estim\u00e9es de traitement :<\/span><\/p><ul><li><span style=\"color: #808080\">La chirurgie d'implant dentaire : 1-5 jours<\/span><\/li><li><span style=\"color: #808080\">Les couronnes : 5-10 jours<\/span><\/li><li><span style=\"color: #808080\">Les ponts (bridges) : 5-10 jours<\/span><\/li><\/ul><\/div><\/div><\/div><div class=\"ea-card sp-ea-single\"><h3 class=\"ea-header\"><a class=\"collapsed\" id=\"ea-header-45083\" role=\"button\" data-sptoggle=\"spcollapse\" data-sptarget=\"#collapse45083\" aria-controls=\"collapse45083\" href=\"#\" aria-expanded=\"false\" tabindex=\"0\"><i aria-hidden=\"true\" role=\"presentation\" class=\"ea-expand-icon eap-icon-ea-expand-plus\"><\/i> Que se passe-t-il apr\u00e8s mon arriv\u00e9e ? <\/a><\/h3><div class=\"sp-collapse spcollapse spcollapse\" id=\"collapse45083\" data-parent=\"#sp-ea-4508\" role=\"region\" aria-labelledby=\"ea-header-45083\"> <div class=\"ea-body\"><p><span style=\"color: #808080\">Une fois que votre rendez-vous aura \u00e9t\u00e9 confirm\u00e9, \u00e0 votre arriv\u00e9e, nous irons vous chercher \u00e0 l'a\u00e9roport. Selon la date et l'heure de votre arriv\u00e9e, nous vous emm\u00e8nerons soit \u00e0 l'h\u00f4tel, soit \u00e0 la clinique.<br \/>Le traitement commencera imm\u00e9diatement. Habituellement, vous devrez rester 4 ou 5 jours lors de la premi\u00e8re visite.<br \/>Nous discuterons et planifierons avec vous les \u00e9tapes suivantes du processus de votre traitement.<\/span><\/p><\/div><\/div><\/div><div class=\"ea-card sp-ea-single\"><h3 class=\"ea-header\"><a class=\"collapsed\" id=\"ea-header-45084\" role=\"button\" data-sptoggle=\"spcollapse\" data-sptarget=\"#collapse45084\" aria-controls=\"collapse45084\" href=\"#\" aria-expanded=\"false\" tabindex=\"0\"><i aria-hidden=\"true\" role=\"presentation\" class=\"ea-expand-icon eap-icon-ea-expand-plus\"><\/i> De quels mat\u00e9riaux les implants\/dents sont-ils faits ?<\/a><\/h3><div class=\"sp-collapse spcollapse spcollapse\" id=\"collapse45084\" data-parent=\"#sp-ea-4508\" role=\"region\" aria-labelledby=\"ea-header-45084\"> <div class=\"ea-body\"><p>L'implant dentaire est en titane. Pour les dents sur les implants, diff\u00e9rents mat\u00e9riaux sont utilis\u00e9s selon les souhaits des clients.<\/p><\/div><\/div><\/div><div class=\"ea-card sp-ea-single\"><h3 class=\"ea-header\"><a class=\"collapsed\" id=\"ea-header-45085\" role=\"button\" data-sptoggle=\"spcollapse\" data-sptarget=\"#collapse45085\" aria-controls=\"collapse45085\" href=\"#\" aria-expanded=\"false\" tabindex=\"0\"><i aria-hidden=\"true\" role=\"presentation\" class=\"ea-expand-icon eap-icon-ea-expand-plus\"><\/i> Quels choix ai-je concernant la taille, la forme et la couleur des dents ?<\/a><\/h3><div class=\"sp-collapse spcollapse spcollapse\" id=\"collapse45085\" data-parent=\"#sp-ea-4508\" role=\"region\" aria-labelledby=\"ea-header-45085\"> <div class=\"ea-body\"><p>Nous utilisons Exocad qui est le meilleur logiciel de CAO et il sugg\u00e8re g\u00e9n\u00e9ralement automatiquement la meilleure option en mati\u00e8re de taille et de forme. Mais comme vous avez le dernier mot, vous pouvez fournir d'anciennes photos ou nous dire directement vos attentes et nous les transmettrons aux proth\u00e9sistes dentaires.<\/p><\/div><\/div><\/div><div class=\"ea-card sp-ea-single\"><h3 class=\"ea-header\"><a class=\"collapsed\" id=\"ea-header-45086\" role=\"button\" data-sptoggle=\"spcollapse\" data-sptarget=\"#collapse45086\" aria-controls=\"collapse45086\" href=\"#\" aria-expanded=\"false\" tabindex=\"0\"><i aria-hidden=\"true\" role=\"presentation\" class=\"ea-expand-icon eap-icon-ea-expand-plus\"><\/i> Quelle est la diff\u00e9rence entre les implants all-on-4 et all-on-6 ?<\/a><\/h3><div class=\"sp-collapse spcollapse spcollapse\" id=\"collapse45086\" data-parent=\"#sp-ea-4508\" role=\"region\" aria-labelledby=\"ea-header-45086\"> <div class=\"ea-body\"><p>Ils se r\u00e9f\u00e8rent au nombre d'implants qui seront plac\u00e9s sur les m\u00e2choires. Habituellement, le all-on-4 est utilis\u00e9 pour la mandibule, le all-on-6 pour la m\u00e2choire sup\u00e9rieure.<\/p><\/div><\/div><\/div><div class=\"ea-card sp-ea-single\"><h3 class=\"ea-header\"><a class=\"collapsed\" id=\"ea-header-45087\" role=\"button\" data-sptoggle=\"spcollapse\" data-sptarget=\"#collapse45087\" aria-controls=\"collapse45087\" href=\"#\" aria-expanded=\"false\" tabindex=\"0\"><i aria-hidden=\"true\" role=\"presentation\" class=\"ea-expand-icon eap-icon-ea-expand-plus\"><\/i> La chirurgie des implants dentaires est-elle douloureuse et quelle anesth\u00e9sie utilisez-vous ?<\/a><\/h3><div class=\"sp-collapse spcollapse spcollapse\" id=\"collapse45087\" data-parent=\"#sp-ea-4508\" role=\"region\" aria-labelledby=\"ea-header-45087\"> <div class=\"ea-body\"><p>La chirurgie implantaire est indolore et se pratique sous anesth\u00e9sie locale. Si n\u00e9cessaire, une anesth\u00e9sie g\u00e9n\u00e9rale peut \u00e9galement \u00eatre pratiqu\u00e9e. Apr\u00e8s la chirurgie, une douleur peut \u00eatre ressentie et un gonflement peut survenir. Pour la plupart des patients, n'importe lequel des analg\u00e9siques que vous pourriez prendre pour un mal de t\u00eate suffira pendant quelques jours. Si vous ressentez plus d'inconfort, des m\u00e9dicaments plus puissants peuvent \u00eatre prescrits.<\/p><\/div><\/div><\/div><div class=\"ea-card sp-ea-single\"><h3 class=\"ea-header\"><a class=\"collapsed\" id=\"ea-header-45088\" role=\"button\" data-sptoggle=\"spcollapse\" data-sptarget=\"#collapse45088\" aria-controls=\"collapse45088\" href=\"#\" aria-expanded=\"false\" tabindex=\"0\"><i aria-hidden=\"true\" role=\"presentation\" class=\"ea-expand-icon eap-icon-ea-expand-plus\"><\/i> Que manger\/faire apr\u00e8s l'op\u00e9ration ?<\/a><\/h3><div class=\"sp-collapse spcollapse spcollapse\" id=\"collapse45088\" data-parent=\"#sp-ea-4508\" role=\"region\" aria-labelledby=\"ea-header-45088\"> <div class=\"ea-body\"><p>Vous recevrez une brochure avec des instructions d\u00e9taill\u00e9es pour le traitement postop\u00e9ratoire.<br \/>En r\u00e8gle g\u00e9n\u00e9rale, apr\u00e8s une chirurgie d'implantation, vous devez prendre plus de liquides et consommer des aliments mous et en pur\u00e9e. Pendant le processus de gu\u00e9rison, il est bon d'avoir de la nourriture qui ne n\u00e9cessite pas beaucoup de mastication. La mastication doit rester douce au cours des 4 \u00e0 6 premiers mois.<br \/>Fumer n'est pas recommand\u00e9.<\/p><\/div><\/div><\/div><div class=\"ea-card sp-ea-single\"><h3 class=\"ea-header\"><a class=\"collapsed\" id=\"ea-header-45089\" role=\"button\" data-sptoggle=\"spcollapse\" data-sptarget=\"#collapse45089\" aria-controls=\"collapse45089\" href=\"#\" aria-expanded=\"false\" tabindex=\"0\"><i aria-hidden=\"true\" role=\"presentation\" class=\"ea-expand-icon eap-icon-ea-expand-plus\"><\/i> Comment entretenir les implants dentaires et les couronnes\/bridges ? <\/a><\/h3><div class=\"sp-collapse spcollapse spcollapse\" id=\"collapse45089\" data-parent=\"#sp-ea-4508\" role=\"region\" aria-labelledby=\"ea-header-45089\"> <div class=\"ea-body\"><p>Comme pour les dents naturelles, les implants doivent \u00eatre soign\u00e9s et des contr\u00f4les r\u00e9guliers sont indispensables pour prolonger leur dur\u00e9e de vie. Vous devez entretenir les implants de la m\u00eame mani\u00e8re que les dents naturelles, mais vous devez porter une attention particuli\u00e8re aux sites d'implantation. Le brossage deux fois par jour, le fil dentaire et les rendez-vous d'hygi\u00e8ne r\u00e9guliers les garderont en bonne sant\u00e9. Un examen annuel de l'implant est tr\u00e8s important pour v\u00e9rifier la qualit\u00e9 de la sant\u00e9 des os et des gencives autour de la zone de l'implant.<br \/>Des soins \u00e0 domicile consciencieux et des examens professionnels r\u00e9guliers sont essentiels \u00e0 leur stabilit\u00e9.<\/p><\/div><\/div><\/div><div class=\"ea-card sp-ea-single\"><h3 class=\"ea-header\"><a class=\"collapsed\" id=\"ea-header-450810\" role=\"button\" data-sptoggle=\"spcollapse\" data-sptarget=\"#collapse450810\" aria-controls=\"collapse450810\" href=\"#\" aria-expanded=\"false\" tabindex=\"0\"><i aria-hidden=\"true\" role=\"presentation\" class=\"ea-expand-icon eap-icon-ea-expand-plus\"><\/i> \u00c0 quelle fr\u00e9quence dois-je me rendre pour un examen d'implant et de couronne\/bridge ?<\/a><\/h3><div class=\"sp-collapse spcollapse spcollapse\" id=\"collapse450810\" data-parent=\"#sp-ea-4508\" role=\"region\" aria-labelledby=\"ea-header-450810\"> <div class=\"ea-body\"><p>Il est recommand\u00e9 de passer un examen professionnel au moins deux fois par an.<\/p><\/div><\/div><\/div><div class=\"ea-card sp-ea-single\"><h3 class=\"ea-header\"><a class=\"collapsed\" id=\"ea-header-450811\" role=\"button\" data-sptoggle=\"spcollapse\" data-sptarget=\"#collapse450811\" aria-controls=\"collapse450811\" href=\"#\" aria-expanded=\"false\" tabindex=\"0\"><i aria-hidden=\"true\" role=\"presentation\" class=\"ea-expand-icon eap-icon-ea-expand-plus\"><\/i> Que dois-je faire si j'ai un probl\u00e8me ?<\/a><\/h3><div class=\"sp-collapse spcollapse spcollapse\" id=\"collapse450811\" data-parent=\"#sp-ea-4508\" role=\"region\" aria-labelledby=\"ea-header-450811\"> <div class=\"ea-body\"><p>Si vous rencontrez des probl\u00e8mes, nous vous encourageons \u00e0 nous contacter imm\u00e9diatement et nous vous aiderons \u00e0 trouver la solution la plus efficace pour votre \u00e9tat.<\/p><\/div><\/div><\/div><div class=\"ea-card sp-ea-single\"><h3 class=\"ea-header\"><a class=\"collapsed\" id=\"ea-header-450812\" role=\"button\" data-sptoggle=\"spcollapse\" data-sptarget=\"#collapse450812\" aria-controls=\"collapse450812\" href=\"#\" aria-expanded=\"false\" tabindex=\"0\"><i aria-hidden=\"true\" role=\"presentation\" class=\"ea-expand-icon eap-icon-ea-expand-plus\"><\/i> Quelle est la garantie des implants ?<\/a><\/h3><div class=\"sp-collapse spcollapse spcollapse\" id=\"collapse450812\" data-parent=\"#sp-ea-4508\" role=\"region\" aria-labelledby=\"ea-header-450812\"> <div class=\"ea-body\"><p>La garantie des constructions est de 5 ans sous certaines conditions.<\/p><p>Les implants sont similaires aux dents naturelles, donc ils devraient durer de nombreuses ann\u00e9es lorsqu'ils sont entretenus. Il arrive tr\u00e8s rarement qu'un implant ne r\u00e9ussisse pas \u00e0 s'ost\u00e9o-int\u00e9grer, c'est-\u00e0-dire qu'il ne s'attache pas \u00e0 l'os. Normalement, nous en prendrions conscience pendant la phase de cicatrisation apr\u00e8s la pose de l'implant. Si cela se produit, nous devrons le retirer et en placer un nouveau plusieurs semaines plus tard. Une fois qu'un implant est int\u00e9gr\u00e9 et fonctionnel, vous avez plus de 90 % de chances qu'il fonctionne toujours bien apr\u00e8s 25 ans. Par cons\u00e9quent, les implants repr\u00e9sentent une option de traitement \u00e0 long terme et pr\u00e9visible.<\/p><\/div><\/div><\/div><div class=\"ea-card sp-ea-single\"><h3 class=\"ea-header\"><a class=\"collapsed\" id=\"ea-header-450813\" role=\"button\" data-sptoggle=\"spcollapse\" data-sptarget=\"#collapse450813\" aria-controls=\"collapse450813\" href=\"#\" aria-expanded=\"false\" tabindex=\"0\"><i aria-hidden=\"true\" role=\"presentation\" class=\"ea-expand-icon eap-icon-ea-expand-plus\"><\/i> Quels moyens de paiement acceptez-vous ?<\/a><\/h3><div class=\"sp-collapse spcollapse spcollapse\" id=\"collapse450813\" data-parent=\"#sp-ea-4508\" role=\"region\" aria-labelledby=\"ea-header-450813\"> <div class=\"ea-body\"><p>Nous acceptons les paiements en esp\u00e8ce, par carte de d\u00e9bit\/cr\u00e9dit, les virements bancaires (avant la chirurgie), ainsi que les m\u00e9thodes de paiement direct en ligne.<\/p><\/div><\/div><\/div><\/div><\/div>\n","protected":false},"excerpt":{"rendered":"Qu'est-ce qui est inclus dans le prix indiqu\u00e9 ? L'examen initial en ligne gratuit avec une radiographie panoramique du patientLe transfert de l'a\u00e9roport \u00e0 l'h\u00f4tel et les visites ult\u00e9rieures \u00e0 la clinique, au laboratoire de test covid certifi\u00e9 et autres si n\u00e9cessaire L'examen intra-oral \u00e0 la clinique. Le plan de traitementTout ce que comprend le <div class=\"btn-more-wrapper\"><a href=\"https:\/\/sofiaimplantcentre.com\/fr\/les-questions-les-plus-frequentes\/\" class=\"btn btn-sm btn-hover-fill\"><svg class=\"icon icon-right-arrow\" version=\"1.1\" xmlns=\"http:\/\/www.w3.org\/2000\/svg\" width=\"32\" height=\"32\" viewBox=\"0 0 32 32\"><path d=\"M21.548 5.088c-0.436-0.451-1.162-0.451-1.613 0-0.436 0.436-0.436 1.162 0 1.596l8.177 8.177h-26.984c-0.629 0.001-1.129 0.501-1.129 1.13s0.5 1.145 1.129 1.145h26.984l-8.177 8.162c-0.436 0.451-0.436 1.178 0 1.613 0.451 0.451 1.178 0.451 1.613 0l10.113-10.113c0.451-0.436 0.451-1.162 0-1.596l-10.113-10.114z\"><\/path><\/svg>Read More<span class=\"screen-reader-text\"> \"La foire aux questions\"<\/span><svg class=\"icon icon-right-arrow\" version=\"1.1\" xmlns=\"http:\/\/www.w3.org\/2000\/svg\" width=\"32\" height=\"32\" viewBox=\"0 0 32 32\"><path d=\"M21.548 5.088c-0.436-0.451-1.162-0.451-1.613 0-0.436 0.436-0.436 1.162 0 1.596l8.177 8.177h-26.984c-0.629 0.001-1.129 0.501-1.129 1.13s0.5 1.145 1.129 1.145h26.984l-8.177 8.162c-0.436 0.451-0.436 1.178 0 1.613 0.451 0.451 1.178 0.451 1.613 0l10.113-10.113c0.451-0.436 0.451-1.162 0-1.596l-10.113-10.114z\"><\/path><\/svg><\/a><\/div>","protected":false},"author":1,"featured_media":0,"parent":0,"menu_order":0,"comment_status":"closed","ping_status":"closed","template":"","meta":{"footnotes":""},"class_list":["post-4758","page","type-page","status-publish","hentry"],"_links":{"self":[{"href":"https:\/\/sofiaimplantcentre.com\/fr\/wp-json\/wp\/v2\/pages\/4758","targetHints":{"allow":["GET"]}}],"collection":[{"href":"https:\/\/sofiaimplantcentre.com\/fr\/wp-json\/wp\/v2\/pages"}],"about":[{"href":"https:\/\/sofiaimplantcentre.com\/fr\/wp-json\/wp\/v2\/types\/page"}],"author":[{"embeddable":true,"href":"https:\/\/sofiaimplantcentre.com\/fr\/wp-json\/wp\/v2\/users\/1"}],"replies":[{"embeddable":true,"href":"https:\/\/sofiaimplantcentre.com\/fr\/wp-json\/wp\/v2\/comments?post=4758"}],"version-history":[{"count":20,"href":"https:\/\/sofiaimplantcentre.com\/fr\/wp-json\/wp\/v2\/pages\/4758\/revisions"}],"predecessor-version":[{"id":25911,"href":"https:\/\/sofiaimplantcentre.com\/fr\/wp-json\/wp\/v2\/pages\/4758\/revisions\/25911"}],"wp:attachment":[{"href":"https:\/\/sofiaimplantcentre.com\/fr\/wp-json\/wp\/v2\/media?parent=4758"}],"curies":[{"name":"wp","href":"https:\/\/api.w.org\/{rel}","templated":true}]}}