{"id":5045,"date":"2021-07-15T11:13:52","date_gmt":"2021-07-15T08:13:52","guid":{"rendered":"https:\/\/sofiaimplantcentre.com\/domande-frequenti\/"},"modified":"2021-07-23T16:08:04","modified_gmt":"2021-07-23T13:08:04","slug":"domande-frequenti","status":"publish","type":"page","link":"https:\/\/sofiaimplantcentre.com\/it\/domande-frequenti\/","title":{"rendered":"Domande frequenti"},"content":{"rendered":"<style>#sp-ea-5044 .spcollapsing { height: 0; overflow: hidden; transition-property: height;transition-duration: 500ms;}#sp-ea-5044.sp-easy-accordion>.sp-ea-single {margin-bottom: 10px; border: 1px solid #2eacc2; }#sp-ea-5044.sp-easy-accordion>.sp-ea-single>.ea-header a {color: #444;}#sp-ea-5044.sp-easy-accordion>.sp-ea-single>.sp-collapse>.ea-body {background: #ffffff; color: #444;}#sp-ea-5044.sp-easy-accordion>.sp-ea-single {background: #ffffff;}#sp-ea-5044.sp-easy-accordion>.sp-ea-single>.ea-header a .ea-expand-icon { float: left; color: #2eacc2;font-size: 16px;}<\/style><div id=\"sp_easy_accordion-1777215611\"><div id=\"sp-ea-5044\" class=\"sp-ea-one sp-easy-accordion\" data-ea-active=\"ea-click\" data-ea-mode=\"vertical\" data-preloader=\"\" data-scroll-active-item=\"\" data-offset-to-scroll=\"0\"><div class=\"ea-card sp-ea-single\"><h3 class=\"ea-header\"><a class=\"collapsed\" id=\"ea-header-50440\" role=\"button\" data-sptoggle=\"spcollapse\" data-sptarget=\"#collapse50440\" aria-controls=\"collapse50440\" href=\"#\" aria-expanded=\"false\" tabindex=\"0\"><i aria-hidden=\"true\" role=\"presentation\" class=\"ea-expand-icon eap-icon-ea-expand-plus\"><\/i> Cosa \u00e8 incluso nel prezzo indicato?<\/a><\/h3><div class=\"sp-collapse spcollapse spcollapse\" id=\"collapse50440\" data-parent=\"#sp-ea-5044\" role=\"region\" aria-labelledby=\"ea-header-50440\"> <div class=\"ea-body\"><ul><li><span style=\"color: #808080\">Prima visita online gratuita con radiografia panoramica del paziente<\/span><\/li><li><span style=\"color: #808080\">\u0422trasferimento dall'aeroporto all'hotel e successive visite in clinica, al laboratorio certificato covid test e altri se necessario<\/span><\/li><li><span style=\"color: #808080\">Esame intraorale in clinica. Piano di trattamento.<\/span><\/li><li><span style=\"color: #808080\">Tutto incluso nel processo di trattamento<\/span><\/li><li><span style=\"color: #808080\">Farmaci postoperatori inclusi antibiotici e antidolorifici<\/span><\/li><li><span style=\"color: #808080\">Kit per l'igiene orale<\/span><\/li><li><span style=\"color: #808080\">Tutti i successivi controlli<\/span><\/li><\/ul><\/div><\/div><\/div><div class=\"ea-card sp-ea-single\"><h3 class=\"ea-header\"><a class=\"collapsed\" id=\"ea-header-50441\" role=\"button\" data-sptoggle=\"spcollapse\" data-sptarget=\"#collapse50441\" aria-controls=\"collapse50441\" href=\"#\" aria-expanded=\"false\" tabindex=\"0\"><i aria-hidden=\"true\" role=\"presentation\" class=\"ea-expand-icon eap-icon-ea-expand-plus\"><\/i> Perch\u00e9 \u00e8 cos\u00ec conveniente?<\/a><\/h3><div class=\"sp-collapse spcollapse spcollapse\" id=\"collapse50441\" data-parent=\"#sp-ea-5044\" role=\"region\" aria-labelledby=\"ea-header-50441\"> <div class=\"ea-body\"><p><span style=\"color: #808080\">Come unit\u00e0 specializzata in implantologia con sede in Bulgaria, sperimentiamo grandi economie di scala, pur essendo in grado di mantenere un rapporto qualit\u00e0\/prezzo imbattibile:\u00a0<\/span><\/p><ul><li><span style=\"color: #808080\">lavorando ad alti volumi, siamo in grado di reperire impianti e tutti gli altri materiali direttamente dai produttori con maggiore sconti<\/span><\/li><li><span style=\"color: #808080\">i nostri processi di lavoro sono ottimizzati in modo da risparmiare molto tempo e risorse<\/span><\/li><li><span style=\"color: #808080\">abbiamo tutti i processi collegati internamente, compresi i nostri laboratori radiografici e odontoiatrici<\/span><\/li><\/ul><\/div><\/div><\/div><div class=\"ea-card sp-ea-single\"><h3 class=\"ea-header\"><a class=\"collapsed\" id=\"ea-header-50442\" role=\"button\" data-sptoggle=\"spcollapse\" data-sptarget=\"#collapse50442\" aria-controls=\"collapse50442\" href=\"#\" aria-expanded=\"false\" tabindex=\"0\"><i aria-hidden=\"true\" role=\"presentation\" class=\"ea-expand-icon eap-icon-ea-expand-plus\"><\/i> Quante volte devo venire in clinica e per quanto tempo devo restare?<\/a><\/h3><div class=\"sp-collapse spcollapse spcollapse\" id=\"collapse50442\" data-parent=\"#sp-ea-5044\" role=\"region\" aria-labelledby=\"ea-header-50442\"> <div class=\"ea-body\"><p>Dipende dal tipo di trattamento di cui hai bisogno.\u00a0Ogni caso \u00e8 unico;\u00a0pertanto, ti consigliamo di contattarci in merito a questa domanda.\u00a0Se sappiamo quali sono le tue esigenze specifiche, siamo in grado di dirti la durata del tuo trattamento.<\/p><p>Durata stimata:<br \/>Chirurgia implantare: 1-5 giorni<br \/>Corone: 5-10 giorni<br \/>Ponti: 5-10 giorni<\/p><\/div><\/div><\/div><div class=\"ea-card sp-ea-single\"><h3 class=\"ea-header\"><a class=\"collapsed\" id=\"ea-header-50443\" role=\"button\" data-sptoggle=\"spcollapse\" data-sptarget=\"#collapse50443\" aria-controls=\"collapse50443\" href=\"#\" aria-expanded=\"false\" tabindex=\"0\"><i aria-hidden=\"true\" role=\"presentation\" class=\"ea-expand-icon eap-icon-ea-expand-plus\"><\/i> Cosa succede dopo il mio arrivo?<\/a><\/h3><div class=\"sp-collapse spcollapse spcollapse\" id=\"collapse50443\" data-parent=\"#sp-ea-5044\" role=\"region\" aria-labelledby=\"ea-header-50443\"> <div class=\"ea-body\"><p>Una volta confermato l'appuntamento, all'arrivo, verremo a prendervi all'aeroporto.\u00a0A seconda della data e dell'ora del tuo arrivo, ti accompagneremo in hotel o in clinica.\u00a0Il trattamento inizier\u00e0 immediatamente.\u00a0Di solito, dovrai rimanere 4 o 5 giorni per il tuo viaggio iniziale.\u00a0Le seguenti fasi del processo di trattamento saranno discusse e pianificate con voi.<\/p><\/div><\/div><\/div><div class=\"ea-card sp-ea-single\"><h3 class=\"ea-header\"><a class=\"collapsed\" id=\"ea-header-50444\" role=\"button\" data-sptoggle=\"spcollapse\" data-sptarget=\"#collapse50444\" aria-controls=\"collapse50444\" href=\"#\" aria-expanded=\"false\" tabindex=\"0\"><i aria-hidden=\"true\" role=\"presentation\" class=\"ea-expand-icon eap-icon-ea-expand-plus\"><\/i> Di quali materiali sono fatti gli impianti\/i denti?<\/a><\/h3><div class=\"sp-collapse spcollapse spcollapse\" id=\"collapse50444\" data-parent=\"#sp-ea-5044\" role=\"region\" aria-labelledby=\"ea-header-50444\"> <div class=\"ea-body\"><p>L'impianto dentale \u00e8 in titanio.\u00a0Per i denti sopra gli impianti vengono utilizzati diversi materiali estetici, a seconda dei desideri dei clienti.<\/p><\/div><\/div><\/div><div class=\"ea-card sp-ea-single\"><h3 class=\"ea-header\"><a class=\"collapsed\" id=\"ea-header-50445\" role=\"button\" data-sptoggle=\"spcollapse\" data-sptarget=\"#collapse50445\" aria-controls=\"collapse50445\" href=\"#\" aria-expanded=\"false\" tabindex=\"0\"><i aria-hidden=\"true\" role=\"presentation\" class=\"ea-expand-icon eap-icon-ea-expand-plus\"><\/i> Che scelta ho per quanto riguarda la forma e il colore dei miei denti?<\/a><\/h3><div class=\"sp-collapse spcollapse spcollapse\" id=\"collapse50445\" data-parent=\"#sp-ea-5044\" role=\"region\" aria-labelledby=\"ea-header-50445\"> <div class=\"ea-body\"><p>Usiamo Exocad, che \u00e8 il miglior software CAD. Offre automaticamente l'opzione migliore quando si tratta di dimensioni e forma. Visto che hai l'ultima parola, puoi fornirci vecchie foto o comunicarci direttamente le tue aspettative e noi le comunicheremo ai nostri odontotecnici.<\/p><\/div><\/div><\/div><div class=\"ea-card sp-ea-single\"><h3 class=\"ea-header\"><a class=\"collapsed\" id=\"ea-header-50446\" role=\"button\" data-sptoggle=\"spcollapse\" data-sptarget=\"#collapse50446\" aria-controls=\"collapse50446\" href=\"#\" aria-expanded=\"false\" tabindex=\"0\"><i aria-hidden=\"true\" role=\"presentation\" class=\"ea-expand-icon eap-icon-ea-expand-plus\"><\/i> Qual \u00e8 la differenza tra gli impianti all-on-4 e all-on-6?<\/a><\/h3><div class=\"sp-collapse spcollapse spcollapse\" id=\"collapse50446\" data-parent=\"#sp-ea-5044\" role=\"region\" aria-labelledby=\"ea-header-50446\"> <div class=\"ea-body\"><p>Si riferiscono al numero degli impianti, che verranno inseriti sulle ganasce.\u00a0Di solito si usa all-on-4 per la mandibola, all-on-6 per la mascella superiore.<\/p><\/div><\/div><\/div><div class=\"ea-card sp-ea-single\"><h3 class=\"ea-header\"><a class=\"collapsed\" id=\"ea-header-50447\" role=\"button\" data-sptoggle=\"spcollapse\" data-sptarget=\"#collapse50447\" aria-controls=\"collapse50447\" href=\"#\" aria-expanded=\"false\" tabindex=\"0\"><i aria-hidden=\"true\" role=\"presentation\" class=\"ea-expand-icon eap-icon-ea-expand-plus\"><\/i> La chirurgia implantare \u00e8 dolorosa e che anestesia usi?<\/a><\/h3><div class=\"sp-collapse spcollapse spcollapse\" id=\"collapse50447\" data-parent=\"#sp-ea-5044\" role=\"region\" aria-labelledby=\"ea-header-50447\"> <div class=\"ea-body\"><p>La chirurgia implantare \u00e8 indolore e viene eseguita in anestesia locale.\u00a0Quando necessario, pu\u00f2 essere eseguita anche l'anestesia generale.\u00a0Dopo l'intervento, si pu\u00f2 avvertire dolore e si pu\u00f2 verificare un gonfiore.\u00a0Per la maggior parte dei pazienti, qualsiasi antidolorifico che potresti prendere per il mal di testa sar\u00e0 tutto ci\u00f2 che \u00e8 necessario per alcuni giorni.\u00a0Se avverti pi\u00f9 disagio di questo, possono essere prescritti farmaci pi\u00f9 forti.<\/p><\/div><\/div><\/div><div class=\"ea-card sp-ea-single\"><h3 class=\"ea-header\"><a class=\"collapsed\" id=\"ea-header-50448\" role=\"button\" data-sptoggle=\"spcollapse\" data-sptarget=\"#collapse50448\" aria-controls=\"collapse50448\" href=\"#\" aria-expanded=\"false\" tabindex=\"0\"><i aria-hidden=\"true\" role=\"presentation\" class=\"ea-expand-icon eap-icon-ea-expand-plus\"><\/i> Cosa mangiare\/fare dopo l'intervento?<\/a><\/h3><div class=\"sp-collapse spcollapse spcollapse\" id=\"collapse50448\" data-parent=\"#sp-ea-5044\" role=\"region\" aria-labelledby=\"ea-header-50448\"> <div class=\"ea-body\"><p>Riceverai un opuscolo con istruzioni dettagliate per il trattamento postoperatorio.\u00a0In genere, dopo l'intervento di implantologia, si dovrebbero assumere pi\u00f9 liquidi e consumare cibi morbidi e passati.\u00a0Durante il processo di guarigione \u00e8 bene avere del cibo, che non richieda molta masticazione.\u00a0Le forze masticatorie dovrebbero essere mantenute delicate nei primi 4-6 mesi.\u00a0Non \u00e8 raccomandato fumare.<\/p><\/div><\/div><\/div><div class=\"ea-card sp-ea-single\"><h3 class=\"ea-header\"><a class=\"collapsed\" id=\"ea-header-50449\" role=\"button\" data-sptoggle=\"spcollapse\" data-sptarget=\"#collapse50449\" aria-controls=\"collapse50449\" href=\"#\" aria-expanded=\"false\" tabindex=\"0\"><i aria-hidden=\"true\" role=\"presentation\" class=\"ea-expand-icon eap-icon-ea-expand-plus\"><\/i> Come mantenere gli impianti dentali e le corone\/ponti?<\/a><\/h3><div class=\"sp-collapse spcollapse spcollapse\" id=\"collapse50449\" data-parent=\"#sp-ea-5044\" role=\"region\" aria-labelledby=\"ea-header-50449\"> <div class=\"ea-body\"><p>Come per i denti naturali, gli impianti devono essere curati e controlli regolari sono essenziali per prolungarne la vita.\u00a0Dovresti prenderti cura degli impianti come i denti naturali, ma dovresti\u00a0prestare particolare attenzione ai siti implantari.\u00a0Spazzolamento due volte al giorno, filo interdentale e regolari appuntamenti di igiene li manterranno sani.\u00a0Una revisione annuale dell'impianto \u00e8 molto importante per controllare la qualit\u00e0 dell'osso e della salute delle gengive intorno all'area dell'impianto.\u00a0Un'assistenza domiciliare consapevole e regolari esami professionali sono essenziali per la loro stabilit\u00e0.<\/p><\/div><\/div><\/div><div class=\"ea-card sp-ea-single\"><h3 class=\"ea-header\"><a class=\"collapsed\" id=\"ea-header-504410\" role=\"button\" data-sptoggle=\"spcollapse\" data-sptarget=\"#collapse504410\" aria-controls=\"collapse504410\" href=\"#\" aria-expanded=\"false\" tabindex=\"0\"><i aria-hidden=\"true\" role=\"presentation\" class=\"ea-expand-icon eap-icon-ea-expand-plus\"><\/i> Con quale frequenza devo sottopormi a un controllo di impianto e corona\/ponte?<\/a><\/h3><div class=\"sp-collapse spcollapse spcollapse\" id=\"collapse504410\" data-parent=\"#sp-ea-5044\" role=\"region\" aria-labelledby=\"ea-header-504410\"> <div class=\"ea-body\"><p>Si consiglia di sostenere un esame professionale almeno due volte l'anno.<\/p><\/div><\/div><\/div><div class=\"ea-card sp-ea-single\"><h3 class=\"ea-header\"><a class=\"collapsed\" id=\"ea-header-504411\" role=\"button\" data-sptoggle=\"spcollapse\" data-sptarget=\"#collapse504411\" aria-controls=\"collapse504411\" href=\"#\" aria-expanded=\"false\" tabindex=\"0\"><i aria-hidden=\"true\" role=\"presentation\" class=\"ea-expand-icon eap-icon-ea-expand-plus\"><\/i> Cosa devo fare se ho un problema?<\/a><\/h3><div class=\"sp-collapse spcollapse spcollapse\" id=\"collapse504411\" data-parent=\"#sp-ea-5044\" role=\"region\" aria-labelledby=\"ea-header-504411\"> <div class=\"ea-body\"><p>In caso di problemi, ti invitiamo a contattarci immediatamente e ti aiuteremo a trovare la soluzione pi\u00f9 efficace per la tua condizione.<\/p><\/div><\/div><\/div><div class=\"ea-card sp-ea-single\"><h3 class=\"ea-header\"><a class=\"collapsed\" id=\"ea-header-504412\" role=\"button\" data-sptoggle=\"spcollapse\" data-sptarget=\"#collapse504412\" aria-controls=\"collapse504412\" href=\"#\" aria-expanded=\"false\" tabindex=\"0\"><i aria-hidden=\"true\" role=\"presentation\" class=\"ea-expand-icon eap-icon-ea-expand-plus\"><\/i> Che garanzia hanno gli impianti?<\/a><\/h3><div class=\"sp-collapse spcollapse spcollapse\" id=\"collapse504412\" data-parent=\"#sp-ea-5044\" role=\"region\" aria-labelledby=\"ea-header-504412\"> <div class=\"ea-body\"><p>Garanzia strutturale - 5 anni a determinate condizioni.<\/p><p>Poich\u00e9 gli impianti sono simili ai denti naturali, se curati dovrebbero durare per molti anni.\u00a0C'\u00e8 una piccola possibilit\u00e0 che un impianto non si osteointegra, cio\u00e8 non si attacchi all'osso.\u00a0Normalmente ce ne accorgeremmo durante la fase di guarigione, dopo il posizionamento dell'impianto, e se ci\u00f2 accade, dovremo rimuovere l'impianto e inserirne uno nuovo, diverse settimane dopo.\u00a0Una volta integrato e funzionante, hai oltre il 90% di possibilit\u00e0 che ogni impianto continui a funzionare bene dopo 25 anni.\u00a0Pertanto gli impianti sono un'opzione di trattamento a lungo termine e prevedibile.<\/p><\/div><\/div><\/div><div class=\"ea-card sp-ea-single\"><h3 class=\"ea-header\"><a class=\"collapsed\" id=\"ea-header-504413\" role=\"button\" data-sptoggle=\"spcollapse\" data-sptarget=\"#collapse504413\" aria-controls=\"collapse504413\" href=\"#\" aria-expanded=\"false\" tabindex=\"0\"><i aria-hidden=\"true\" role=\"presentation\" class=\"ea-expand-icon eap-icon-ea-expand-plus\"><\/i> Quali metodi di pagamento accettate?<\/a><\/h3><div class=\"sp-collapse spcollapse spcollapse\" id=\"collapse504413\" data-parent=\"#sp-ea-5044\" role=\"region\" aria-labelledby=\"ea-header-504413\"> <div class=\"ea-body\"><p>Accettiamo contanti, carta di debito\/credito, bonifico bancario (prima dell'intervento), metodi di pagamento diretto online.<\/p><\/div><\/div><\/div><\/div><\/div>\n","protected":false},"excerpt":{"rendered":"Cosa \u00e8 incluso nel prezzo indicato? Prima visita online gratuita con radiografia panoramica del paziente\u0422trasferimento dall'aeroporto all'hotel e successive visite in clinica, al laboratorio certificato covid test e altri se necessarioEsame intraorale in clinica. Piano di trattamento.Tutto incluso nel processo di trattamentoFarmaci postoperatori inclusi antibiotici e antidolorificiKit per l'igiene oraleTutti i successivi controlli Perch\u00e9 \u00e8 <div class=\"btn-more-wrapper\"><a href=\"https:\/\/sofiaimplantcentre.com\/it\/domande-frequenti\/\" class=\"btn btn-sm btn-hover-fill\"><svg class=\"icon icon-right-arrow\" version=\"1.1\" xmlns=\"http:\/\/www.w3.org\/2000\/svg\" width=\"32\" height=\"32\" viewBox=\"0 0 32 32\"><path d=\"M21.548 5.088c-0.436-0.451-1.162-0.451-1.613 0-0.436 0.436-0.436 1.162 0 1.596l8.177 8.177h-26.984c-0.629 0.001-1.129 0.501-1.129 1.13s0.5 1.145 1.129 1.145h26.984l-8.177 8.162c-0.436 0.451-0.436 1.178 0 1.613 0.451 0.451 1.178 0.451 1.613 0l10.113-10.113c0.451-0.436 0.451-1.162 0-1.596l-10.113-10.114z\"><\/path><\/svg>Read More<span class=\"screen-reader-text\"> \"Domande frequenti\"<\/span><svg class=\"icon icon-right-arrow\" version=\"1.1\" xmlns=\"http:\/\/www.w3.org\/2000\/svg\" width=\"32\" height=\"32\" viewBox=\"0 0 32 32\"><path d=\"M21.548 5.088c-0.436-0.451-1.162-0.451-1.613 0-0.436 0.436-0.436 1.162 0 1.596l8.177 8.177h-26.984c-0.629 0.001-1.129 0.501-1.129 1.13s0.5 1.145 1.129 1.145h26.984l-8.177 8.162c-0.436 0.451-0.436 1.178 0 1.613 0.451 0.451 1.178 0.451 1.613 0l10.113-10.113c0.451-0.436 0.451-1.162 0-1.596l-10.113-10.114z\"><\/path><\/svg><\/a><\/div>","protected":false},"author":1,"featured_media":0,"parent":0,"menu_order":0,"comment_status":"closed","ping_status":"closed","template":"","meta":{"footnotes":""},"class_list":["post-5045","page","type-page","status-publish","hentry"],"_links":{"self":[{"href":"https:\/\/sofiaimplantcentre.com\/it\/wp-json\/wp\/v2\/pages\/5045","targetHints":{"allow":["GET"]}}],"collection":[{"href":"https:\/\/sofiaimplantcentre.com\/it\/wp-json\/wp\/v2\/pages"}],"about":[{"href":"https:\/\/sofiaimplantcentre.com\/it\/wp-json\/wp\/v2\/types\/page"}],"author":[{"embeddable":true,"href":"https:\/\/sofiaimplantcentre.com\/it\/wp-json\/wp\/v2\/users\/1"}],"replies":[{"embeddable":true,"href":"https:\/\/sofiaimplantcentre.com\/it\/wp-json\/wp\/v2\/comments?post=5045"}],"version-history":[{"count":5,"href":"https:\/\/sofiaimplantcentre.com\/it\/wp-json\/wp\/v2\/pages\/5045\/revisions"}],"predecessor-version":[{"id":6172,"href":"https:\/\/sofiaimplantcentre.com\/it\/wp-json\/wp\/v2\/pages\/5045\/revisions\/6172"}],"wp:attachment":[{"href":"https:\/\/sofiaimplantcentre.com\/it\/wp-json\/wp\/v2\/media?parent=5045"}],"curies":[{"name":"wp","href":"https:\/\/api.w.org\/{rel}","templated":true}]}}