{"id":6981,"date":"2021-07-28T16:31:25","date_gmt":"2021-07-28T13:31:25","guid":{"rendered":"https:\/\/sofiaimplantcentre.com\/najczesciej-zadawane-pytania\/"},"modified":"2021-07-28T16:32:04","modified_gmt":"2021-07-28T13:32:04","slug":"najczesciej-zadawane-pytania","status":"publish","type":"page","link":"https:\/\/sofiaimplantcentre.com\/pl\/najczesciej-zadawane-pytania\/","title":{"rendered":"Najcz\u0119\u015bciej zadawane pytania"},"content":{"rendered":"<style>#sp-ea-6980 .spcollapsing { height: 0; overflow: hidden; transition-property: height;transition-duration: 500ms;}#sp-ea-6980.sp-easy-accordion>.sp-ea-single {margin-bottom: 10px; border: 1px solid #2eacc2; }#sp-ea-6980.sp-easy-accordion>.sp-ea-single>.ea-header a {color: #444444;}#sp-ea-6980.sp-easy-accordion>.sp-ea-single>.sp-collapse>.ea-body {background: #ffffff; color: #444444;}#sp-ea-6980.sp-easy-accordion>.sp-ea-single {background: #ffffff;}#sp-ea-6980.sp-easy-accordion>.sp-ea-single>.ea-header a .ea-expand-icon { float: left; color: #2eacc2;font-size: 16px;}<\/style><div id=\"sp_easy_accordion-1776872804\"><div id=\"sp-ea-6980\" class=\"sp-ea-one sp-easy-accordion\" data-ea-active=\"ea-click\" data-ea-mode=\"vertical\" data-preloader=\"\" data-scroll-active-item=\"\" data-offset-to-scroll=\"0\"><div class=\"ea-card sp-ea-single\"><h3 class=\"ea-header\"><a class=\"collapsed\" id=\"ea-header-69800\" role=\"button\" data-sptoggle=\"spcollapse\" data-sptarget=\"#collapse69800\" aria-controls=\"collapse69800\" href=\"#\" aria-expanded=\"false\" tabindex=\"0\"><i aria-hidden=\"true\" role=\"presentation\" class=\"ea-expand-icon eap-icon-ea-expand-plus\"><\/i> Co jest obejmuje podana cena?<\/a><\/h3><div class=\"sp-collapse spcollapse spcollapse\" id=\"collapse69800\" data-parent=\"#sp-ea-6980\" role=\"region\" aria-labelledby=\"ea-header-69800\"> <div class=\"ea-body\"><ul><li><span style=\"color: #808080\">Darmow\u0105 wst\u0119pn\u0105 konsultacj\u0119 online z panoramicznym zdj\u0119ciem rentgenowskim od pacjenta<\/span><\/li><li><span style=\"color: #808080\">Transfer z lotniska do hotelu i przew\u00f3z na wizyty w klinice, do certyfikowanego laboratorium testowego covid i inny transport w razie konieczno\u015bci<\/span><\/li><li><span style=\"color: #808080\">Badanie jamy ustnej w klinice. Plan leczenia<\/span><\/li><li><span style=\"color: #808080\">Wszystko zawarte w procesie leczenia<\/span><\/li><li><span style=\"color: #808080\">Lekarstwa po zabiegu, w tym antybiotyki i \u015brodki przeciwb\u00f3lowe<\/span><\/li><li><span style=\"color: #808080\">Zestaw do higieny jamy ustnej<\/span><\/li><li><span style=\"color: #808080\">Wszystkie wizyty kontrolne<\/span><\/li><\/ul><\/div><\/div><\/div><div class=\"ea-card sp-ea-single\"><h3 class=\"ea-header\"><a class=\"collapsed\" id=\"ea-header-69801\" role=\"button\" data-sptoggle=\"spcollapse\" data-sptarget=\"#collapse69801\" aria-controls=\"collapse69801\" href=\"#\" aria-expanded=\"false\" tabindex=\"0\"><i aria-hidden=\"true\" role=\"presentation\" class=\"ea-expand-icon eap-icon-ea-expand-plus\"><\/i> Dlaczego leczenie jest tak przyst\u0119pne cenowo?<\/a><\/h3><div class=\"sp-collapse spcollapse spcollapse\" id=\"collapse69801\" data-parent=\"#sp-ea-6980\" role=\"region\" aria-labelledby=\"ea-header-69801\"> <div class=\"ea-body\"><p><span style=\"color: #808080\">Jeste\u015bmy jednostk\u0105 specjalizuj\u0105c\u0105 si\u0119 w implantach z siedzib\u0105 w Bu\u0142garii, ze wzgl\u0119du na skal\u0119 naszej dzia\u0142alno\u015bci mo\u017cemy czerpa\u0107 \u015bwietne korzy\u015bci ekonomiczne, jednocze\u015bnie zachowuj\u0105c bezkonkurencyjny stosunek ceny do jako\u015bci:<\/span><\/p><ul><li><span style=\"color: #808080\">\u00a0obs\u0142uguj\u0105c du\u017c\u0105 liczb\u0119 pacjent\u00f3w, jeste\u015bmy w stanie wynegocjowa\u0107 wi\u0119ksze rabaty bezpo\u015brednio u producent\u00f3w implant\u00f3w i innych materia\u0142\u00f3w;<\/span><\/li><li><span style=\"color: #808080\">\u00a0nasze procesy pracy s\u0105 zoptymalizowane w taki spos\u00f3b, aby oszcz\u0119dza\u0107 czas i zasoby;<\/span><\/li><li><span style=\"color: #808080\">wszystkie powi\u0105zane procesy s\u0105 dost\u0119pne na miejscu \u2013 mamy w\u0142asne laboratorium stomatologiczne i rentgenowskie.<\/span><\/li><\/ul><\/div><\/div><\/div><div class=\"ea-card sp-ea-single\"><h3 class=\"ea-header\"><a class=\"collapsed\" id=\"ea-header-69802\" role=\"button\" data-sptoggle=\"spcollapse\" data-sptarget=\"#collapse69802\" aria-controls=\"collapse69802\" href=\"#\" aria-expanded=\"false\" tabindex=\"0\"><i aria-hidden=\"true\" role=\"presentation\" class=\"ea-expand-icon eap-icon-ea-expand-plus\"><\/i> Ile wizyt musz\u0119 mie\u0107 w klinice i jak d\u0142ugo b\u0119dzie trwa\u0142 m\u00f3j pobyt?<\/a><\/h3><div class=\"sp-collapse spcollapse spcollapse\" id=\"collapse69802\" data-parent=\"#sp-ea-6980\" role=\"region\" aria-labelledby=\"ea-header-69802\"> <div class=\"ea-body\"><p><span style=\"color: #808080\">To zale\u017cy od potrzebnego leczenia. Ka\u017cdy przypadek jest inny; dlatego zach\u0119camy do bezpo\u015bredniego kontaktu z nami, aby uzyska\u0107 dok\u0142adn\u0105 odpowied\u017a na to pytanie. Je\u015bli poznamy Twoje indywidualne potrzeby, b\u0119dziemy w stanie okre\u015bli\u0107 d\u0142ugo\u015b\u0107 leczenia.<\/span><\/p><p><span style=\"color: #808080\">Szacunkowy czas leczenia:<\/span><\/p><ul><li><span style=\"color: #808080\">Zabieg wszczepienia implant\u00f3w dentystycznych: 1-5 dni<\/span><\/li><li><span style=\"color: #808080\">Korony: 5-10 dni<\/span><\/li><li><span style=\"color: #808080\">Mosty: 5-10 dni<\/span><\/li><\/ul><\/div><\/div><\/div><div class=\"ea-card sp-ea-single\"><h3 class=\"ea-header\"><a class=\"collapsed\" id=\"ea-header-69803\" role=\"button\" data-sptoggle=\"spcollapse\" data-sptarget=\"#collapse69803\" aria-controls=\"collapse69803\" href=\"#\" aria-expanded=\"false\" tabindex=\"0\"><i aria-hidden=\"true\" role=\"presentation\" class=\"ea-expand-icon eap-icon-ea-expand-plus\"><\/i> Co si\u0119 stanie po moim przyje\u017adzie?<\/a><\/h3><div class=\"sp-collapse spcollapse spcollapse\" id=\"collapse69803\" data-parent=\"#sp-ea-6980\" role=\"region\" aria-labelledby=\"ea-header-69803\"> <div class=\"ea-body\"><p><span style=\"color: #808080\">Po potwierdzeniu Twojej wizyty odbierzemy Ci\u0119 z lotniska. W zale\u017cno\u015bci od daty i godziny przylotu, zawieziemy Ci\u0119 do hotelu lub do kliniki.<\/span><br \/><span style=\"color: #808080\">Leczenie rozpocznie si\u0119 natychmiast. Zazwyczaj podczas pierwszej podr\u00f3\u017cy wymagany jest 4 lub 5 dniowy pobyt.<\/span><br \/><span style=\"color: #808080\">Nast\u0119pne etapy leczenia zostan\u0105 om\u00f3wione i zaplanowane z wsp\u00f3lnie z Tob\u0105.<\/span><\/p><\/div><\/div><\/div><div class=\"ea-card sp-ea-single\"><h3 class=\"ea-header\"><a class=\"collapsed\" id=\"ea-header-69804\" role=\"button\" data-sptoggle=\"spcollapse\" data-sptarget=\"#collapse69804\" aria-controls=\"collapse69804\" href=\"#\" aria-expanded=\"false\" tabindex=\"0\"><i aria-hidden=\"true\" role=\"presentation\" class=\"ea-expand-icon eap-icon-ea-expand-plus\"><\/i> Z jakich materia\u0142\u00f3w wykonane s\u0105 implanty\/z\u0119by?<\/a><\/h3><div class=\"sp-collapse spcollapse spcollapse\" id=\"collapse69804\" data-parent=\"#sp-ea-6980\" role=\"region\" aria-labelledby=\"ea-header-69804\"> <div class=\"ea-body\"><p><span style=\"color: #808080\">Implanty dentystyczne wykonane s\u0105 z tytanu. Z\u0119by zak\u0142adane na implanty mog\u0105 by\u0107 wykonane z r\u00f3\u017cnych materia\u0142\u00f3w, w zale\u017cno\u015bci od \u017cycze\u0144 klienta.<\/span><\/p><\/div><\/div><\/div><div class=\"ea-card sp-ea-single\"><h3 class=\"ea-header\"><a class=\"collapsed\" id=\"ea-header-69805\" role=\"button\" data-sptoggle=\"spcollapse\" data-sptarget=\"#collapse69805\" aria-controls=\"collapse69805\" href=\"#\" aria-expanded=\"false\" tabindex=\"0\"><i aria-hidden=\"true\" role=\"presentation\" class=\"ea-expand-icon eap-icon-ea-expand-plus\"><\/i> Jaki mam wyb\u00f3r odno\u015bnie do rozmiaru, kszta\u0142tu i koloru z\u0119b\u00f3w?<\/a><\/h3><div class=\"sp-collapse spcollapse spcollapse\" id=\"collapse69805\" data-parent=\"#sp-ea-6980\" role=\"region\" aria-labelledby=\"ea-header-69805\"> <div class=\"ea-body\"><p><span style=\"color: #808080\">Korzystamy z programu Exocad, jest to najlepsze oprogramowania do projektowania komputerowego z\u0119b\u00f3w. Zazwyczaj program automatycznie sugeruje najlepsze opcje odno\u015bnie do rozmiaru i kszta\u0142tu z\u0119b\u00f3w. Ale ostatecznie jest to Twoja decyzja. Mo\u017cesz pokaza\u0107 nam swoje stare zdj\u0119cia lub powiedzie\u0107 nam bezpo\u015brednio, jakie masz oczekiwania, a przeka\u017cemy je naszym technikom dentystycznym.<\/span><\/p><\/div><\/div><\/div><div class=\"ea-card sp-ea-single\"><h3 class=\"ea-header\"><a class=\"collapsed\" id=\"ea-header-69806\" role=\"button\" data-sptoggle=\"spcollapse\" data-sptarget=\"#collapse69806\" aria-controls=\"collapse69806\" href=\"#\" aria-expanded=\"false\" tabindex=\"0\"><i aria-hidden=\"true\" role=\"presentation\" class=\"ea-expand-icon eap-icon-ea-expand-plus\"><\/i> Jaka jest r\u00f3\u017cnica pomi\u0119dzy implantami all-on-4 i all-on-6?<\/a><\/h3><div class=\"sp-collapse spcollapse spcollapse\" id=\"collapse69806\" data-parent=\"#sp-ea-6980\" role=\"region\" aria-labelledby=\"ea-header-69806\"> <div class=\"ea-body\"><p><span style=\"color: #808080\">R\u00f3\u017cnica polega na liczbie implant\u00f3w umieszczonych w szcz\u0119ce. Zazwyczaj metoda wszczepienia implant\u00f3w all-on-4 stosowana jest w \u017cuchwie, a all-on-6 w g\u00f3rnej szcz\u0119ce.<\/span><\/p><\/div><\/div><\/div><div class=\"ea-card sp-ea-single\"><h3 class=\"ea-header\"><a class=\"collapsed\" id=\"ea-header-69807\" role=\"button\" data-sptoggle=\"spcollapse\" data-sptarget=\"#collapse69807\" aria-controls=\"collapse69807\" href=\"#\" aria-expanded=\"false\" tabindex=\"0\"><i aria-hidden=\"true\" role=\"presentation\" class=\"ea-expand-icon eap-icon-ea-expand-plus\"><\/i> Czy zabieg wszczepienia implantu dentystycznego jest bolesny i jakie znieczulenie jest u\u017cywane?<\/a><\/h3><div class=\"sp-collapse spcollapse spcollapse\" id=\"collapse69807\" data-parent=\"#sp-ea-6980\" role=\"region\" aria-labelledby=\"ea-header-69807\"> <div class=\"ea-body\"><p><span style=\"color: #808080\">Zabieg wszczepienia implantu jest bezbolesny i wykonywany jest w znieczuleniu miejscowym. W razie potrzeby mo\u017cna r\u00f3wnie\u017c zastosowa\u0107 znieczulenie og\u00f3lne. Po zabiegu mo\u017ce by\u0107 odczuwany b\u00f3l i wyst\u0105pi\u0107 obrz\u0119k. Wi\u0119kszo\u015b\u0107 pacjent\u00f3w za\u017cywa przez kilka pierwszych dni zwyk\u0142e \u015brodki przeciwb\u00f3lowe, takie jak tabletki na b\u00f3l g\u0142owy. W przypadku odczuwania wi\u0119kszego dyskomfortu mo\u017cna przepisa\u0107 silniejsze leki.<\/span><\/p><\/div><\/div><\/div><div class=\"ea-card sp-ea-single\"><h3 class=\"ea-header\"><a class=\"collapsed\" id=\"ea-header-69808\" role=\"button\" data-sptoggle=\"spcollapse\" data-sptarget=\"#collapse69808\" aria-controls=\"collapse69808\" href=\"#\" aria-expanded=\"false\" tabindex=\"0\"><i aria-hidden=\"true\" role=\"presentation\" class=\"ea-expand-icon eap-icon-ea-expand-plus\"><\/i> Co je\u015b\u0107\/robi\u0107 po zabiegu?<\/a><\/h3><div class=\"sp-collapse spcollapse spcollapse\" id=\"collapse69808\" data-parent=\"#sp-ea-6980\" role=\"region\" aria-labelledby=\"ea-header-69808\"> <div class=\"ea-body\"><p><span style=\"color: #808080\">Otrzymasz broszur\u0119 ze szczeg\u00f3\u0142owymi instrukcjami zwi\u0105zanymi z piel\u0119gnacj\u0105 po zabiegu.<\/span><br \/><span style=\"color: #808080\">Og\u00f3lnie po zabiegu wszczepienia implant\u00f3w nale\u017cy przyjmowa\u0107 wi\u0119cej p\u0142yn\u00f3w i spo\u017cywa\u0107 jedzenie mi\u0119kkie lub w formie p\u0142yn\u00f3w. W trakcie procesu gojenia dobrze jest je\u015b\u0107 pokarmy, kt\u00f3re nie wymagaj\u0105 nadmiernego \u017cucia. Przez pierwsze 4 do 6 miesi\u0119cy \u017cucie powinno by\u0107 delikatne.<\/span><br \/><span style=\"color: #808080\">Palenie jest niewskazane.<\/span><\/p><\/div><\/div><\/div><div class=\"ea-card sp-ea-single\"><h3 class=\"ea-header\"><a class=\"collapsed\" id=\"ea-header-69809\" role=\"button\" data-sptoggle=\"spcollapse\" data-sptarget=\"#collapse69809\" aria-controls=\"collapse69809\" href=\"#\" aria-expanded=\"false\" tabindex=\"0\"><i aria-hidden=\"true\" role=\"presentation\" class=\"ea-expand-icon eap-icon-ea-expand-plus\"><\/i> Jak dba\u0107 o implanty i korony\/mosty?<\/a><\/h3><div class=\"sp-collapse spcollapse spcollapse\" id=\"collapse69809\" data-parent=\"#sp-ea-6980\" role=\"region\" aria-labelledby=\"ea-header-69809\"> <div class=\"ea-body\"><p><span style=\"color: #808080\">Podobnie jak w przypadku naturalnych z\u0119b\u00f3w o implanty nale\u017cny dba\u0107. Niezb\u0119dne s\u0105 regularne wizyty stomatologiczne, aby wyd\u0142u\u017cy\u0107 ich \u017cywotno\u015b\u0107. O implanty nale\u017cy dba\u0107 w taki sam spos\u00f3b jak o z\u0119by naturalne, ale nale\u017cy zwraca\u0107 szczeg\u00f3ln\u0105 uwag\u0119 na uwag\u0119 na miejsca implantacji. Mycie z\u0119b\u00f3w dwa razy dziennie, u\u017cywanie nici dentystycznej i regularne wizyty kontrolne zapewni\u0105 im dobr\u0105 kondycj\u0119. Bardzo wa\u017cna jest coroczna wizyta kontrolna implantu, aby sprawdzi\u0107 stan ko\u015bci i dzi\u0105se\u0142 wok\u00f3\u0142 implantu.<\/span><br \/><span style=\"color: #808080\">W celu zapewnienia stabilno\u015bci implant\u00f3w niezb\u0119dne s\u0105 regularne profesjonalne wizyty kontrolne i \u015bwiadoma piel\u0119gnacja domowa.<\/span><\/p><\/div><\/div><\/div><div class=\"ea-card sp-ea-single\"><h3 class=\"ea-header\"><a class=\"collapsed\" id=\"ea-header-698010\" role=\"button\" data-sptoggle=\"spcollapse\" data-sptarget=\"#collapse698010\" aria-controls=\"collapse698010\" href=\"#\" aria-expanded=\"false\" tabindex=\"0\"><i aria-hidden=\"true\" role=\"presentation\" class=\"ea-expand-icon eap-icon-ea-expand-plus\"><\/i> Jak cz\u0119sto nale\u017cy przeprowadza\u0107 wizyty kontrolne implantu i korony\/mostu?<\/a><\/h3><div class=\"sp-collapse spcollapse spcollapse\" id=\"collapse698010\" data-parent=\"#sp-ea-6980\" role=\"region\" aria-labelledby=\"ea-header-698010\"> <div class=\"ea-body\"><p><span style=\"color: #808080\">Zaleca si\u0119 profesjonalne wizyty kontrolne co najmniej dwa razy w roku.<\/span><\/p><\/div><\/div><\/div><div class=\"ea-card sp-ea-single\"><h3 class=\"ea-header\"><a class=\"collapsed\" id=\"ea-header-698011\" role=\"button\" data-sptoggle=\"spcollapse\" data-sptarget=\"#collapse698011\" aria-controls=\"collapse698011\" href=\"#\" aria-expanded=\"false\" tabindex=\"0\"><i aria-hidden=\"true\" role=\"presentation\" class=\"ea-expand-icon eap-icon-ea-expand-plus\"><\/i> Co mam zrobi\u0107 w przypadku wyst\u0105pienia problemu?<\/a><\/h3><div class=\"sp-collapse spcollapse spcollapse\" id=\"collapse698011\" data-parent=\"#sp-ea-6980\" role=\"region\" aria-labelledby=\"ea-header-698011\"> <div class=\"ea-body\"><p><span style=\"color: #808080\">W przypadku jakichkolwiek problem\u00f3w, zalecamy natychmiastowe skontaktowanie si\u0119 z nami, a pomo\u017cemy Ci znale\u017a\u0107 najlepsze rozwi\u0105zanie Twojej dolegliwo\u015bci.<\/span><\/p><\/div><\/div><\/div><div class=\"ea-card sp-ea-single\"><h3 class=\"ea-header\"><a class=\"collapsed\" id=\"ea-header-698012\" role=\"button\" data-sptoggle=\"spcollapse\" data-sptarget=\"#collapse698012\" aria-controls=\"collapse698012\" href=\"#\" aria-expanded=\"false\" tabindex=\"0\"><i aria-hidden=\"true\" role=\"presentation\" class=\"ea-expand-icon eap-icon-ea-expand-plus\"><\/i> Jak\u0105 gwarancj\u0119 maj\u0105 implanty?<\/a><\/h3><div class=\"sp-collapse spcollapse spcollapse\" id=\"collapse698012\" data-parent=\"#sp-ea-6980\" role=\"region\" aria-labelledby=\"ea-header-698012\"> <div class=\"ea-body\"><p><\/p><p>Gwarancja strukturalna - 5 lat pod pewnymi warunkami.<\/p><p><span style=\"color: #808080\"> <\/span><\/p><p><span style=\"color: #808080\">Implanty s\u0105 podobne do naturalnych z\u0119b\u00f3w i je\u015bli s\u0105 dobrze piel\u0119gnowane, powinny s\u0142u\u017cy\u0107 przez wiele lat. Istnieje niewielkie ryzyko, \u017ce implant nie zintegruje si\u0119 z ko\u015bci\u0105, to znaczy nie przylgnie do niej. Zazwyczaj jeste\u015bmy w stanie to zauwa\u017cy\u0107 podczas procesu gojenia po wszczepieniu implantu. W takim przypadku niezb\u0119dne jest usuni\u0119cie i wszczepienie nowego implantu po up\u0142ywie kilku tygodni. Po zintegrowaniu i sprawnym funkcjonowaniu masz ponad 90% szans na to, \u017ce po 25 latach ka\u017cdy implant nadal b\u0119dzie w dobrym stanie. Dlatego implanty s\u0105 d\u0142ugoterminow\u0105 i przewidywaln\u0105 opcj\u0105 leczenia.<\/span><\/p><p><\/p><\/div><\/div><\/div><div class=\"ea-card sp-ea-single\"><h3 class=\"ea-header\"><a class=\"collapsed\" id=\"ea-header-698013\" role=\"button\" data-sptoggle=\"spcollapse\" data-sptarget=\"#collapse698013\" aria-controls=\"collapse698013\" href=\"#\" aria-expanded=\"false\" tabindex=\"0\"><i aria-hidden=\"true\" role=\"presentation\" class=\"ea-expand-icon eap-icon-ea-expand-plus\"><\/i> Jakie metody p\u0142atno\u015bci akceptujecie?<\/a><\/h3><div class=\"sp-collapse spcollapse spcollapse\" id=\"collapse698013\" data-parent=\"#sp-ea-6980\" role=\"region\" aria-labelledby=\"ea-header-698013\"> <div class=\"ea-body\"><p><span style=\"color: #808080\">Akceptujemy got\u00f3wk\u0119, karty kredytowe\/debetowe, przelewy bankowe (przed operacj\u0105), bezpo\u015brednie metody p\u0142atno\u015bci online.<\/span><\/p><\/div><\/div><\/div><\/div><\/div>\n","protected":false},"excerpt":{"rendered":"Co jest obejmuje podana cena? Darmow\u0105 wst\u0119pn\u0105 konsultacj\u0119 online z panoramicznym zdj\u0119ciem rentgenowskim od pacjentaTransfer z lotniska do hotelu i przew\u00f3z na wizyty w klinice, do certyfikowanego laboratorium testowego covid i inny transport w razie konieczno\u015bciBadanie jamy ustnej w klinice. Plan leczeniaWszystko zawarte w procesie leczeniaLekarstwa po zabiegu, w tym antybiotyki i \u015brodki przeciwb\u00f3loweZestaw do <div class=\"btn-more-wrapper\"><a href=\"https:\/\/sofiaimplantcentre.com\/pl\/najczesciej-zadawane-pytania\/\" class=\"btn btn-sm btn-hover-fill\"><svg class=\"icon icon-right-arrow\" version=\"1.1\" xmlns=\"http:\/\/www.w3.org\/2000\/svg\" width=\"32\" height=\"32\" viewBox=\"0 0 32 32\"><path d=\"M21.548 5.088c-0.436-0.451-1.162-0.451-1.613 0-0.436 0.436-0.436 1.162 0 1.596l8.177 8.177h-26.984c-0.629 0.001-1.129 0.501-1.129 1.13s0.5 1.145 1.129 1.145h26.984l-8.177 8.162c-0.436 0.451-0.436 1.178 0 1.613 0.451 0.451 1.178 0.451 1.613 0l10.113-10.113c0.451-0.436 0.451-1.162 0-1.596l-10.113-10.114z\"><\/path><\/svg>Read More<span class=\"screen-reader-text\"> \"Najcz\u0119\u015bciej zadawane pytania\"<\/span><svg class=\"icon icon-right-arrow\" version=\"1.1\" xmlns=\"http:\/\/www.w3.org\/2000\/svg\" width=\"32\" height=\"32\" viewBox=\"0 0 32 32\"><path d=\"M21.548 5.088c-0.436-0.451-1.162-0.451-1.613 0-0.436 0.436-0.436 1.162 0 1.596l8.177 8.177h-26.984c-0.629 0.001-1.129 0.501-1.129 1.13s0.5 1.145 1.129 1.145h26.984l-8.177 8.162c-0.436 0.451-0.436 1.178 0 1.613 0.451 0.451 1.178 0.451 1.613 0l10.113-10.113c0.451-0.436 0.451-1.162 0-1.596l-10.113-10.114z\"><\/path><\/svg><\/a><\/div>","protected":false},"author":1,"featured_media":0,"parent":0,"menu_order":0,"comment_status":"closed","ping_status":"closed","template":"","meta":{"footnotes":""},"class_list":["post-6981","page","type-page","status-publish","hentry"],"_links":{"self":[{"href":"https:\/\/sofiaimplantcentre.com\/pl\/wp-json\/wp\/v2\/pages\/6981","targetHints":{"allow":["GET"]}}],"collection":[{"href":"https:\/\/sofiaimplantcentre.com\/pl\/wp-json\/wp\/v2\/pages"}],"about":[{"href":"https:\/\/sofiaimplantcentre.com\/pl\/wp-json\/wp\/v2\/types\/page"}],"author":[{"embeddable":true,"href":"https:\/\/sofiaimplantcentre.com\/pl\/wp-json\/wp\/v2\/users\/1"}],"replies":[{"embeddable":true,"href":"https:\/\/sofiaimplantcentre.com\/pl\/wp-json\/wp\/v2\/comments?post=6981"}],"version-history":[{"count":2,"href":"https:\/\/sofiaimplantcentre.com\/pl\/wp-json\/wp\/v2\/pages\/6981\/revisions"}],"predecessor-version":[{"id":6983,"href":"https:\/\/sofiaimplantcentre.com\/pl\/wp-json\/wp\/v2\/pages\/6981\/revisions\/6983"}],"wp:attachment":[{"href":"https:\/\/sofiaimplantcentre.com\/pl\/wp-json\/wp\/v2\/media?parent=6981"}],"curies":[{"name":"wp","href":"https:\/\/api.w.org\/{rel}","templated":true}]}}