{"id":6922,"date":"2021-07-28T10:55:51","date_gmt":"2021-07-28T07:55:51","guid":{"rendered":"https:\/\/sofiaimplantcentre.com\/intrebari-frecvente\/"},"modified":"2021-07-28T10:56:09","modified_gmt":"2021-07-28T07:56:09","slug":"intrebari-frecvente","status":"publish","type":"page","link":"https:\/\/sofiaimplantcentre.com\/ro\/intrebari-frecvente\/","title":{"rendered":"\u00centreb\u0103ri frecvente"},"content":{"rendered":"<style>#sp-ea-6906 .spcollapsing { height: 0; overflow: hidden; transition-property: height;transition-duration: 500ms;}#sp-ea-6906.sp-easy-accordion>.sp-ea-single {margin-bottom: 10px; border: 1px solid #2eacc2; }#sp-ea-6906.sp-easy-accordion>.sp-ea-single>.ea-header a {color: #444;}#sp-ea-6906.sp-easy-accordion>.sp-ea-single>.sp-collapse>.ea-body {background: #ffffff; color: #444;}#sp-ea-6906.sp-easy-accordion>.sp-ea-single {background: #ffffff;}#sp-ea-6906.sp-easy-accordion>.sp-ea-single>.ea-header a .ea-expand-icon { float: left; color: #2eacc2;font-size: 16px;}<\/style><div id=\"sp_easy_accordion-1776847059\"><div id=\"sp-ea-6906\" class=\"sp-ea-one sp-easy-accordion\" data-ea-active=\"ea-click\" data-ea-mode=\"vertical\" data-preloader=\"\" data-scroll-active-item=\"\" data-offset-to-scroll=\"0\"><div class=\"ea-card sp-ea-single\"><h3 class=\"ea-header\"><a class=\"collapsed\" id=\"ea-header-69060\" role=\"button\" data-sptoggle=\"spcollapse\" data-sptarget=\"#collapse69060\" aria-controls=\"collapse69060\" href=\"#\" aria-expanded=\"false\" tabindex=\"0\"><i aria-hidden=\"true\" role=\"presentation\" class=\"ea-expand-icon eap-icon-ea-expand-plus\"><\/i> Ce este inclus \u00een pre\u021bul oferit?<\/a><\/h3><div class=\"sp-collapse spcollapse spcollapse\" id=\"collapse69060\" data-parent=\"#sp-ea-6906\" role=\"region\" aria-labelledby=\"ea-header-69060\"> <div class=\"ea-body\"><ul><li><span style=\"color: #808080\">Examinarea online ini\u021bial\u0103 gratuit\u0103 cu o radiografie panoramic\u0103 de la pacient<\/span><\/li><li><span style=\"color: #808080\">Transferul de la aeroport la hotel \u0219i vizitele ulterioare la clinic\u0103, la laboratorul autorizat pentru testare covid \u0219i altele, dac\u0103 este necesar<\/span><\/li><li><span style=\"color: #808080\">Examinarea intraoral\u0103 la clinic\u0103 Planul de tratament<\/span><\/li><li><span style=\"color: #808080\">Tot ce este inclus \u00een procesul de tratament<\/span><\/li><li><span style=\"color: #808080\">Medica\u021bia postoperatorie, inclusiv antibioticele \u0219i analgezicele<\/span><\/li><li><span style=\"color: #808080\">Trusa de igien\u0103 oral\u0103<\/span><\/li><li><span style=\"color: #808080\">Toate controalele urm\u0103toare<\/span><\/li><\/ul><\/div><\/div><\/div><div class=\"ea-card sp-ea-single\"><h3 class=\"ea-header\"><a class=\"collapsed\" id=\"ea-header-69061\" role=\"button\" data-sptoggle=\"spcollapse\" data-sptarget=\"#collapse69061\" aria-controls=\"collapse69061\" href=\"#\" aria-expanded=\"false\" tabindex=\"0\"><i aria-hidden=\"true\" role=\"presentation\" class=\"ea-expand-icon eap-icon-ea-expand-plus\"><\/i> De ce este at\u00e2t de accesibil ca pre\u021b?<\/a><\/h3><div class=\"sp-collapse spcollapse spcollapse\" id=\"collapse69061\" data-parent=\"#sp-ea-6906\" role=\"region\" aria-labelledby=\"ea-header-69061\"> <div class=\"ea-body\"><p><span style=\"color: #808080\">Ca unitate specializat\u0103 \u00een implanturi, cu sediul \u00een Bulgaria, ob\u021binem un nivel excelent al economiilor de scar\u0103, reu\u0219ind \u00een acela\u0219i timp s\u0103 men\u021binem un raport calitate-pre\u021b imbatabil:<\/span><\/p><ul><li><span style=\"color: #808080\"> lucr\u00e2nd cu volume mari, putem s\u0103 achizi\u021bion\u0103m implanturile \u0219i toate celelalte materiale direct de la produc\u0103tori cu reduceri mai mari;<\/span><\/li><li><span style=\"color: #808080\"> procesele noastre de lucru sunt optimizate \u00eentr-un mod care economise\u0219te mult timp \u0219i multe resurse;<\/span><\/li><li><span style=\"color: #808080\">avem toate procesele conectate \u00een interiorul unit\u0103\u021bii - inclusiv propriile laboratoare dentare \u0219i de radiografie.<\/span><\/li><\/ul><\/div><\/div><\/div><div class=\"ea-card sp-ea-single\"><h3 class=\"ea-header\"><a class=\"collapsed\" id=\"ea-header-69062\" role=\"button\" data-sptoggle=\"spcollapse\" data-sptarget=\"#collapse69062\" aria-controls=\"collapse69062\" href=\"#\" aria-expanded=\"false\" tabindex=\"0\"><i aria-hidden=\"true\" role=\"presentation\" class=\"ea-expand-icon eap-icon-ea-expand-plus\"><\/i> De c\u00e2te ori trebuie s\u0103 vin la clinic\u0103 \u0219i c\u00e2t timp trebuie s\u0103 stau?<\/a><\/h3><div class=\"sp-collapse spcollapse spcollapse\" id=\"collapse69062\" data-parent=\"#sp-ea-6906\" role=\"region\" aria-labelledby=\"ea-header-69062\"> <div class=\"ea-body\"><p><span style=\"color: #808080\">Depinde de tipul de tratament de care ave\u021bi nevoie. Fiecare caz este unic; prin urmare, v\u0103 recomand\u0103m s\u0103 ne contacta\u021bi \u00een leg\u0103tur\u0103 cu aceast\u0103 \u00eentrebare. Dac\u0103 \u0219tim care sunt nevoile dvs. specifice, v\u0103 putem spune care este durata tratamentului dvs.<\/span><\/p><p><span style=\"color: #808080\">Durate estimate:<\/span><\/p><ul><li><span style=\"color: #808080\">Opera\u021bie de implant dentar: 1-5 zile<\/span><\/li><li><span style=\"color: #808080\">Coroane: 5-10 zile<\/span><\/li><li><span style=\"color: #808080\">Pun\u021bi: 5-10 zile<\/span><\/li><\/ul><\/div><\/div><\/div><div class=\"ea-card sp-ea-single\"><h3 class=\"ea-header\"><a class=\"collapsed\" id=\"ea-header-69063\" role=\"button\" data-sptoggle=\"spcollapse\" data-sptarget=\"#collapse69063\" aria-controls=\"collapse69063\" href=\"#\" aria-expanded=\"false\" tabindex=\"0\"><i aria-hidden=\"true\" role=\"presentation\" class=\"ea-expand-icon eap-icon-ea-expand-plus\"><\/i> Ce se \u00eent\u00e2mpl\u0103 dup\u0103 ce sosesc? <\/a><\/h3><div class=\"sp-collapse spcollapse spcollapse\" id=\"collapse69063\" data-parent=\"#sp-ea-6906\" role=\"region\" aria-labelledby=\"ea-header-69063\"> <div class=\"ea-body\"><p>Dup\u0103 ce am confirmat programarea dvs., la sosire, v\u0103 vom prelua de la aeroport. \u00cen func\u021bie de data \u0219i ora sosirii dvs., v\u0103 vom duce fie la hotel, fie la clinic\u0103.<br \/>Tratamentul va \u00eencepe imediat. De obicei, va trebui s\u0103 sta\u021bi 4 sau 5 zile pentru c\u0103l\u0103toria ini\u021bial\u0103.<br \/>Etapele urm\u0103toare ale procesului de tratament vor fi discutate \u0219i planificate \u00eempreun\u0103 cu dvs.<\/p><\/div><\/div><\/div><div class=\"ea-card sp-ea-single\"><h3 class=\"ea-header\"><a class=\"collapsed\" id=\"ea-header-69064\" role=\"button\" data-sptoggle=\"spcollapse\" data-sptarget=\"#collapse69064\" aria-controls=\"collapse69064\" href=\"#\" aria-expanded=\"false\" tabindex=\"0\"><i aria-hidden=\"true\" role=\"presentation\" class=\"ea-expand-icon eap-icon-ea-expand-plus\"><\/i> Din ce materiale sunt f\u0103cute implanturile\/din\u021bii?<\/a><\/h3><div class=\"sp-collapse spcollapse spcollapse\" id=\"collapse69064\" data-parent=\"#sp-ea-6906\" role=\"region\" aria-labelledby=\"ea-header-69064\"> <div class=\"ea-body\"><p>Implantul dentar este f\u0103cut din titan. Pentru din\u021bii de deasupra implanturilor se folosesc diverse materiale estetice, \u00een func\u021bie de dorin\u021bele clien\u021bilor.<\/p><\/div><\/div><\/div><div class=\"ea-card sp-ea-single\"><h3 class=\"ea-header\"><a class=\"collapsed\" id=\"ea-header-69065\" role=\"button\" data-sptoggle=\"spcollapse\" data-sptarget=\"#collapse69065\" aria-controls=\"collapse69065\" href=\"#\" aria-expanded=\"false\" tabindex=\"0\"><i aria-hidden=\"true\" role=\"presentation\" class=\"ea-expand-icon eap-icon-ea-expand-plus\"><\/i> Ce op\u021biuni am \u00een ceea ce prive\u0219te m\u0103rimea, forma \u0219i culoarea din\u021bilor?<\/a><\/h3><div class=\"sp-collapse spcollapse spcollapse\" id=\"collapse69065\" data-parent=\"#sp-ea-6906\" role=\"region\" aria-labelledby=\"ea-header-69065\"> <div class=\"ea-body\"><p>Folosim Exocad, care este cel mai bun software pentru CAD \u0219i care, de obicei, sugereaz\u0103 automat cea mai bun\u0103 op\u021biune c\u00e2nd vine vorba de m\u0103rime \u0219i form\u0103. Dar pentru c\u0103 dvs. ave\u021bi ultimul cuv\u00e2nt, pute\u021bi s\u0103 furniza\u021bi fotografii vechi sau s\u0103 ne spune\u021bi direct care sunt a\u0219tept\u0103rile dvs., iar noi le vom transmite tehnicienilor dentari.<\/p><\/div><\/div><\/div><div class=\"ea-card sp-ea-single\"><h3 class=\"ea-header\"><a class=\"collapsed\" id=\"ea-header-69066\" role=\"button\" data-sptoggle=\"spcollapse\" data-sptarget=\"#collapse69066\" aria-controls=\"collapse69066\" href=\"#\" aria-expanded=\"false\" tabindex=\"0\"><i aria-hidden=\"true\" role=\"presentation\" class=\"ea-expand-icon eap-icon-ea-expand-plus\"><\/i> Care este diferen\u021ba \u00eentre implanturile all-on-4 \u0219i all-on-6?<\/a><\/h3><div class=\"sp-collapse spcollapse spcollapse\" id=\"collapse69066\" data-parent=\"#sp-ea-6906\" role=\"region\" aria-labelledby=\"ea-header-69066\"> <div class=\"ea-body\"><p>Acestea se refer\u0103 la num\u0103rul de implanturi care vor fi puse pe maxilare. De obicei, all-on-4 se folose\u0219te pentru mandibul\u0103, iar all-on-6 pentru maxilarul superior<\/p><\/div><\/div><\/div><div class=\"ea-card sp-ea-single\"><h3 class=\"ea-header\"><a class=\"collapsed\" id=\"ea-header-69067\" role=\"button\" data-sptoggle=\"spcollapse\" data-sptarget=\"#collapse69067\" aria-controls=\"collapse69067\" href=\"#\" aria-expanded=\"false\" tabindex=\"0\"><i aria-hidden=\"true\" role=\"presentation\" class=\"ea-expand-icon eap-icon-ea-expand-plus\"><\/i> Este dureroas\u0103 opera\u021bia de implant dentar \u0219i ce tip de anestezie folosi\u021bi?<\/a><\/h3><div class=\"sp-collapse spcollapse spcollapse\" id=\"collapse69067\" data-parent=\"#sp-ea-6906\" role=\"region\" aria-labelledby=\"ea-header-69067\"> <div class=\"ea-body\"><p>Opera\u021bia de implant este nedureroas\u0103 \u0219i este executat\u0103 sub anestezie local\u0103. La nevoie, se poate efectua \u0219i anestezie general\u0103. Dup\u0103 opera\u021bie, este posibil s\u0103 sim\u021bi\u021bi durere \u0219i s\u0103 apar\u0103 o inflama\u021bie. Pentru majoritatea pacien\u021bilor, va fi suficient pentru c\u00e2teva zile oricare dintre analgezicele pe care le-a\u021bi lua pentru o durere de cap. Dac\u0103 sim\u021bi\u021bi mai mult disconfort, pot fi prescrise medicamente mai puternice.<\/p><\/div><\/div><\/div><div class=\"ea-card sp-ea-single\"><h3 class=\"ea-header\"><a class=\"collapsed\" id=\"ea-header-69068\" role=\"button\" data-sptoggle=\"spcollapse\" data-sptarget=\"#collapse69068\" aria-controls=\"collapse69068\" href=\"#\" aria-expanded=\"false\" tabindex=\"0\"><i aria-hidden=\"true\" role=\"presentation\" class=\"ea-expand-icon eap-icon-ea-expand-plus\"><\/i> Ce s\u0103 m\u0103n\u00e2nc\/fac dup\u0103 opera\u021bie?<\/a><\/h3><div class=\"sp-collapse spcollapse spcollapse\" id=\"collapse69068\" data-parent=\"#sp-ea-6906\" role=\"region\" aria-labelledby=\"ea-header-69068\"> <div class=\"ea-body\"><p>Ve\u021bi primi o bro\u0219ur\u0103 cu instruc\u021biuni detaliate pentru tratamentul postoperatoriu.<br \/>\u00cen general, dup\u0103 opera\u021bia de implant, ar trebui s\u0103 be\u021bi mai multe lichide \u0219i s\u0103 consuma\u021bi alimente moi \u0219i pasate. Pe durata procesului de vindecare este bine s\u0103 m\u00e2nca\u021bi alimente care nu necesit\u0103 mestecare mult\u0103. For\u021bele de mestecare trebuie men\u021binute la un nivel redus \u00een primele 4-6 luni.<br \/>Nu se recomand\u0103 fumatul.<\/p><\/div><\/div><\/div><div class=\"ea-card sp-ea-single\"><h3 class=\"ea-header\"><a class=\"collapsed\" id=\"ea-header-69069\" role=\"button\" data-sptoggle=\"spcollapse\" data-sptarget=\"#collapse69069\" aria-controls=\"collapse69069\" href=\"#\" aria-expanded=\"false\" tabindex=\"0\"><i aria-hidden=\"true\" role=\"presentation\" class=\"ea-expand-icon eap-icon-ea-expand-plus\"><\/i> Cum se men\u021bin implanturile \u0219i coroanele\/pun\u021bile dentare? <\/a><\/h3><div class=\"sp-collapse spcollapse spcollapse\" id=\"collapse69069\" data-parent=\"#sp-ea-6906\" role=\"region\" aria-labelledby=\"ea-header-69069\"> <div class=\"ea-body\"><p>La fel ca \u00een cazul din\u021bilor naturali, implanturile trebuie \u00eengrijite, iar controalele regulate sunt esen\u021biale pentru a le prelungi durata de via\u021b\u0103. Ar trebui s\u0103 \u00eengriji\u021bi implanturile cam la fel cum \u00eengriji\u021bi din\u021bii naturali, dar ar trebui s\u0103 acorda\u021bi o aten\u021bie deosebit\u0103 locului implanturilor. Perierea de dou\u0103 ori pe zi, folosirea a\u021bei dentare \u0219i program\u0103rile pentru igienizare regulat\u0103 le vor men\u021bine s\u0103n\u0103tatea. O evaluare anual\u0103 a implanturilor este foarte important\u0103 pentru verificarea calit\u0103\u021bii osului \u0219i a s\u0103n\u0103t\u0103\u021bii gingiei din jurul zonei implanturilor.<br \/>\u00cengrijirea atent\u0103 acas\u0103 \u0219i examin\u0103rile profesionale regulate sunt esen\u021biale pentru stabilitatea lor.<\/p><\/div><\/div><\/div><div class=\"ea-card sp-ea-single\"><h3 class=\"ea-header\"><a class=\"collapsed\" id=\"ea-header-690610\" role=\"button\" data-sptoggle=\"spcollapse\" data-sptarget=\"#collapse690610\" aria-controls=\"collapse690610\" href=\"#\" aria-expanded=\"false\" tabindex=\"0\"><i aria-hidden=\"true\" role=\"presentation\" class=\"ea-expand-icon eap-icon-ea-expand-plus\"><\/i> C\u00e2t de des ar trebui s\u0103 merg la un control al implanturilor \u0219i coroanelor\/pun\u021bilor?<\/a><\/h3><div class=\"sp-collapse spcollapse spcollapse\" id=\"collapse690610\" data-parent=\"#sp-ea-6906\" role=\"region\" aria-labelledby=\"ea-header-690610\"> <div class=\"ea-body\"><p>Se recomand\u0103 o examinare profesional\u0103 de cel pu\u021bin dou\u0103 ori pe an.<\/p><\/div><\/div><\/div><div class=\"ea-card sp-ea-single\"><h3 class=\"ea-header\"><a class=\"collapsed\" id=\"ea-header-690611\" role=\"button\" data-sptoggle=\"spcollapse\" data-sptarget=\"#collapse690611\" aria-controls=\"collapse690611\" href=\"#\" aria-expanded=\"false\" tabindex=\"0\"><i aria-hidden=\"true\" role=\"presentation\" class=\"ea-expand-icon eap-icon-ea-expand-plus\"><\/i> Ce ar trebui s\u0103 fac dac\u0103 am o problem\u0103?<\/a><\/h3><div class=\"sp-collapse spcollapse spcollapse\" id=\"collapse690611\" data-parent=\"#sp-ea-6906\" role=\"region\" aria-labelledby=\"ea-header-690611\"> <div class=\"ea-body\"><p>Dac\u0103 ave\u021bi probleme, v\u0103 \u00eencuraj\u0103m s\u0103 ne contacta\u021bi imediat, iar noi v\u0103 vom ajuta s\u0103 g\u0103si\u021bi cea mai eficace solu\u021bie pentru situa\u021bia dvs.<\/p><\/div><\/div><\/div><div class=\"ea-card sp-ea-single\"><h3 class=\"ea-header\"><a class=\"collapsed\" id=\"ea-header-690612\" role=\"button\" data-sptoggle=\"spcollapse\" data-sptarget=\"#collapse690612\" aria-controls=\"collapse690612\" href=\"#\" aria-expanded=\"false\" tabindex=\"0\"><i aria-hidden=\"true\" role=\"presentation\" class=\"ea-expand-icon eap-icon-ea-expand-plus\"><\/i> Ce garan\u021bie au implanturile?<\/a><\/h3><div class=\"sp-collapse spcollapse spcollapse\" id=\"collapse690612\" data-parent=\"#sp-ea-6906\" role=\"region\" aria-labelledby=\"ea-header-690612\"> <div class=\"ea-body\"><p>Garan\u021bia structurilor - 5 ani \u00een anumite condi\u021bii.<\/p><p>Deoarece implanturile sunt similare cu din\u021bii naturali, dac\u0103 sunt \u00eengrijite, ele ar trebui s\u0103 reziste mul\u021bi ani. Exist\u0103 o mic\u0103 probabilitate ca un implant s\u0103 nu se oseointegreze, adic\u0103 s\u0103 nu se fixeze de os. \u00cen mod normal, ne-am da seama de acest lucru \u00een timpul fazei de vindecare, dup\u0103 amplasarea implantului, iar \u00een acest caz va trebui s\u0103 scoatem implantul \u0219i s\u0103 punem unul nou, dup\u0103 mai multe s\u0103pt\u0103m\u00e2ni. Dup\u0103 ce este integrat \u0219i func\u021bional, ave\u021bi o probabilitate de peste 90% ca fiecare implant s\u0103 aib\u0103 o performan\u021b\u0103 excelent\u0103 chiar \u0219i dup\u0103 25 de ani. Prin urmare, implanturile reprezint\u0103 o op\u021biune de tratament previzibil \u0219i pe termen lung.<\/p><\/div><\/div><\/div><div class=\"ea-card sp-ea-single\"><h3 class=\"ea-header\"><a class=\"collapsed\" id=\"ea-header-690613\" role=\"button\" data-sptoggle=\"spcollapse\" data-sptarget=\"#collapse690613\" aria-controls=\"collapse690613\" href=\"#\" aria-expanded=\"false\" tabindex=\"0\"><i aria-hidden=\"true\" role=\"presentation\" class=\"ea-expand-icon eap-icon-ea-expand-plus\"><\/i> Ce metode de plat\u0103 accepta\u021bi?<\/a><\/h3><div class=\"sp-collapse spcollapse spcollapse\" id=\"collapse690613\" data-parent=\"#sp-ea-6906\" role=\"region\" aria-labelledby=\"ea-header-690613\"> <div class=\"ea-body\"><p>Accept\u0103m numerar, card de debit\/credit, transfer bancar (\u00eenainte de opera\u021bie), metode de plat\u0103 online direct\u0103.<\/p><\/div><\/div><\/div><\/div><\/div>\n","protected":false},"excerpt":{"rendered":"Ce este inclus \u00een pre\u021bul oferit? Examinarea online ini\u021bial\u0103 gratuit\u0103 cu o radiografie panoramic\u0103 de la pacientTransferul de la aeroport la hotel \u0219i vizitele ulterioare la clinic\u0103, la laboratorul autorizat pentru testare covid \u0219i altele, dac\u0103 este necesarExaminarea intraoral\u0103 la clinic\u0103 Planul de tratamentTot ce este inclus \u00een procesul de tratamentMedica\u021bia postoperatorie, inclusiv antibioticele \u0219i <div class=\"btn-more-wrapper\"><a href=\"https:\/\/sofiaimplantcentre.com\/ro\/intrebari-frecvente\/\" class=\"btn btn-sm btn-hover-fill\"><svg class=\"icon icon-right-arrow\" version=\"1.1\" xmlns=\"http:\/\/www.w3.org\/2000\/svg\" width=\"32\" height=\"32\" viewBox=\"0 0 32 32\"><path d=\"M21.548 5.088c-0.436-0.451-1.162-0.451-1.613 0-0.436 0.436-0.436 1.162 0 1.596l8.177 8.177h-26.984c-0.629 0.001-1.129 0.501-1.129 1.13s0.5 1.145 1.129 1.145h26.984l-8.177 8.162c-0.436 0.451-0.436 1.178 0 1.613 0.451 0.451 1.178 0.451 1.613 0l10.113-10.113c0.451-0.436 0.451-1.162 0-1.596l-10.113-10.114z\"><\/path><\/svg>Read More<span class=\"screen-reader-text\"> \"\u00centreb\u0103ri frecvente\"<\/span><svg class=\"icon icon-right-arrow\" version=\"1.1\" xmlns=\"http:\/\/www.w3.org\/2000\/svg\" width=\"32\" height=\"32\" viewBox=\"0 0 32 32\"><path d=\"M21.548 5.088c-0.436-0.451-1.162-0.451-1.613 0-0.436 0.436-0.436 1.162 0 1.596l8.177 8.177h-26.984c-0.629 0.001-1.129 0.501-1.129 1.13s0.5 1.145 1.129 1.145h26.984l-8.177 8.162c-0.436 0.451-0.436 1.178 0 1.613 0.451 0.451 1.178 0.451 1.613 0l10.113-10.113c0.451-0.436 0.451-1.162 0-1.596l-10.113-10.114z\"><\/path><\/svg><\/a><\/div>","protected":false},"author":1,"featured_media":0,"parent":0,"menu_order":0,"comment_status":"closed","ping_status":"closed","template":"","meta":{"footnotes":""},"class_list":["post-6922","page","type-page","status-publish","hentry"],"_links":{"self":[{"href":"https:\/\/sofiaimplantcentre.com\/ro\/wp-json\/wp\/v2\/pages\/6922","targetHints":{"allow":["GET"]}}],"collection":[{"href":"https:\/\/sofiaimplantcentre.com\/ro\/wp-json\/wp\/v2\/pages"}],"about":[{"href":"https:\/\/sofiaimplantcentre.com\/ro\/wp-json\/wp\/v2\/types\/page"}],"author":[{"embeddable":true,"href":"https:\/\/sofiaimplantcentre.com\/ro\/wp-json\/wp\/v2\/users\/1"}],"replies":[{"embeddable":true,"href":"https:\/\/sofiaimplantcentre.com\/ro\/wp-json\/wp\/v2\/comments?post=6922"}],"version-history":[{"count":2,"href":"https:\/\/sofiaimplantcentre.com\/ro\/wp-json\/wp\/v2\/pages\/6922\/revisions"}],"predecessor-version":[{"id":6925,"href":"https:\/\/sofiaimplantcentre.com\/ro\/wp-json\/wp\/v2\/pages\/6922\/revisions\/6925"}],"wp:attachment":[{"href":"https:\/\/sofiaimplantcentre.com\/ro\/wp-json\/wp\/v2\/media?parent=6922"}],"curies":[{"name":"wp","href":"https:\/\/api.w.org\/{rel}","templated":true}]}}