{"id":7008,"date":"2021-07-29T09:13:51","date_gmt":"2021-07-29T06:13:51","guid":{"rendered":"https:\/\/sofiaimplantcentre.com\/vanliga-fragor-och-svar\/"},"modified":"2021-07-29T09:14:16","modified_gmt":"2021-07-29T06:14:16","slug":"vanliga-fragor-och-svar","status":"publish","type":"page","link":"https:\/\/sofiaimplantcentre.com\/sv\/vanliga-fragor-och-svar\/","title":{"rendered":"Vanliga fr\u00e5gor och svar"},"content":{"rendered":"<style>#sp-ea-7005 .spcollapsing { height: 0; overflow: hidden; transition-property: height;transition-duration: 500ms;}#sp-ea-7005.sp-easy-accordion>.sp-ea-single {margin-bottom: 10px; border: 1px solid #2eacc2; }#sp-ea-7005.sp-easy-accordion>.sp-ea-single>.ea-header a {color: #444;}#sp-ea-7005.sp-easy-accordion>.sp-ea-single>.sp-collapse>.ea-body {background: #ffffff; color: #444;}#sp-ea-7005.sp-easy-accordion>.sp-ea-single {background: #ffffff;}#sp-ea-7005.sp-easy-accordion>.sp-ea-single>.ea-header a .ea-expand-icon { float: left; color: #2eacc2;font-size: 16px;}<\/style><div id=\"sp_easy_accordion-1776013162\"><div id=\"sp-ea-7005\" class=\"sp-ea-one sp-easy-accordion\" data-ea-active=\"ea-click\" data-ea-mode=\"vertical\" data-preloader=\"\" data-scroll-active-item=\"\" data-offset-to-scroll=\"0\"><div class=\"ea-card sp-ea-single\"><h3 class=\"ea-header\"><a class=\"collapsed\" id=\"ea-header-70050\" role=\"button\" data-sptoggle=\"spcollapse\" data-sptarget=\"#collapse70050\" aria-controls=\"collapse70050\" href=\"#\" aria-expanded=\"false\" tabindex=\"0\"><i aria-hidden=\"true\" role=\"presentation\" class=\"ea-expand-icon eap-icon-ea-expand-plus\"><\/i> Vad ing\u00e5r i det angivna priset?<\/a><\/h3><div class=\"sp-collapse spcollapse spcollapse\" id=\"collapse70050\" data-parent=\"#sp-ea-7005\" role=\"region\" aria-labelledby=\"ea-header-70050\"> <div class=\"ea-body\"><ul><li><span style=\"color: #808080\">Gratis inledande online-unders\u00f6kning med en panoramar\u00f6ntgen fr\u00e5n patienten<\/span><\/li><li><span style=\"color: #808080\">\u0422ransport fr\u00e5n flygplatsen till hotellet och efterf\u00f6ljande bes\u00f6k p\u00e5 kliniken till certifierat Covid-testlaboratorium och annat vid behov<\/span><\/li><li><span style=\"color: #808080\">Unders\u00f6kning av munnen p\u00e5 kliniken. Behandlingsplan<\/span><\/li><li><span style=\"color: #808080\">Allt som ing\u00e5r i behandlingsprocessen<\/span><\/li><li><span style=\"color: #808080\">Medicinering efter operation inklusive antibiotika och sm\u00e4rtstillande medel<\/span><\/li><li><span style=\"color: #808080\">Munhygiensats<\/span><\/li><li><span style=\"color: #808080\">Alla p\u00e5f\u00f6ljande kontroller<\/span><\/li><\/ul><\/div><\/div><\/div><div class=\"ea-card sp-ea-single\"><h3 class=\"ea-header\"><a class=\"collapsed\" id=\"ea-header-70051\" role=\"button\" data-sptoggle=\"spcollapse\" data-sptarget=\"#collapse70051\" aria-controls=\"collapse70051\" href=\"#\" aria-expanded=\"false\" tabindex=\"0\"><i aria-hidden=\"true\" role=\"presentation\" class=\"ea-expand-icon eap-icon-ea-expand-plus\"><\/i> Varf\u00f6r \u00e4r det s\u00e5 prisv\u00e4rt?<\/a><\/h3><div class=\"sp-collapse spcollapse spcollapse\" id=\"collapse70051\" data-parent=\"#sp-ea-7005\" role=\"region\" aria-labelledby=\"ea-header-70051\"> <div class=\"ea-body\"><p><\/p><p><span style=\"color: #808080\">Som implantatspecialiserad enhet baserad i Bulgarien upplever vi enorma stordriftsf\u00f6rdelar, samtidigt som vi kan uppr\u00e4tth\u00e5lla ett oslagbart f\u00f6rh\u00e5llande avseende pris\/kvalitet:<\/span><\/p><p><span style=\"color: #808080\"> <\/span><\/p><ul><li><span style=\"color: #808080\">\u00a0genom arbete med h\u00f6ga volymer kan vi k\u00f6pa in implantat och alla andra material direkt fr\u00e5n producenterna med h\u00f6gre rabatter;<\/span><\/li><li><span style=\"color: #808080\">\u00a0v\u00e5ra arbetsprocesser optimeras p\u00e5 ett s\u00e4tt som sparar mycket tid och resurser;<\/span><\/li><li><span style=\"color: #808080\">vi har alla f\u00f6renade processer internt - inklusive v\u00e5ra egna r\u00f6ntgen- och tandlaboratorier.<\/span><\/li><\/ul><p><\/p><\/div><\/div><\/div><div class=\"ea-card sp-ea-single\"><h3 class=\"ea-header\"><a class=\"collapsed\" id=\"ea-header-70052\" role=\"button\" data-sptoggle=\"spcollapse\" data-sptarget=\"#collapse70052\" aria-controls=\"collapse70052\" href=\"#\" aria-expanded=\"false\" tabindex=\"0\"><i aria-hidden=\"true\" role=\"presentation\" class=\"ea-expand-icon eap-icon-ea-expand-plus\"><\/i> Hur m\u00e5nga g\u00e5nger m\u00e5ste jag komma till kliniken och hur l\u00e4nge beh\u00f6ver jag stanna?<\/a><\/h3><div class=\"sp-collapse spcollapse spcollapse\" id=\"collapse70052\" data-parent=\"#sp-ea-7005\" role=\"region\" aria-labelledby=\"ea-header-70052\"> <div class=\"ea-body\"><p><\/p><p><span style=\"color: #808080\">Det beror p\u00e5 vilken typ av behandling du beh\u00f6ver. Varje fall \u00e4r unikt; d\u00e4rf\u00f6r rekommenderar vi att du kontaktar oss ang\u00e5ende denna fr\u00e5ga. Om vi k\u00e4nner till dina specifika behov, s\u00e5 kan vi tala om f\u00f6r dig l\u00e4ngden p\u00e5 din behandling.<\/span><\/p><p><span style=\"color: #808080\"> <\/span><\/p><p><span style=\"color: #808080\">Ber\u00e4knade varaktigheter:<\/span><\/p><ul><li><span style=\"color: #808080\">Tandimplantatkirurgi: 1-5 dagar<\/span><\/li><li><span style=\"color: #808080\">Kronor: 5-10 days<\/span><\/li><li><span style=\"color: #808080\">Bryggor: 5-10 days<\/span><\/li><\/ul><p><\/p><\/div><\/div><\/div><div class=\"ea-card sp-ea-single\"><h3 class=\"ea-header\"><a class=\"collapsed\" id=\"ea-header-70053\" role=\"button\" data-sptoggle=\"spcollapse\" data-sptarget=\"#collapse70053\" aria-controls=\"collapse70053\" href=\"#\" aria-expanded=\"false\" tabindex=\"0\"><i aria-hidden=\"true\" role=\"presentation\" class=\"ea-expand-icon eap-icon-ea-expand-plus\"><\/i> Vad h\u00e4nder efter min ankomst?<\/a><\/h3><div class=\"sp-collapse spcollapse spcollapse\" id=\"collapse70053\" data-parent=\"#sp-ea-7005\" role=\"region\" aria-labelledby=\"ea-header-70053\"> <div class=\"ea-body\"><p><span style=\"color: #808080\">N\u00e4r vi har bekr\u00e4ftat ditt tidsbokning kommer vi att h\u00e4mta dig fr\u00e5n flygplatsen vid ankomsten. Beroende p\u00e5 datum och tid f\u00f6r din ankomst tar vi dig antingen till hotellet eller till kliniken.<\/span><br \/><span style=\"color: #808080\">Behandlingen kommer att p\u00e5b\u00f6rjas omedelbart. Vanligtvis beh\u00f6ver du stanna 4 eller 5 dagar under din f\u00f6rsta resa.<\/span><br \/><span style=\"color: #808080\">P\u00e5f\u00f6ljande steg i behandlingsprocessen kommer att diskuteras och planeras med dig.<\/span><\/p><\/div><\/div><\/div><div class=\"ea-card sp-ea-single\"><h3 class=\"ea-header\"><a class=\"collapsed\" id=\"ea-header-70054\" role=\"button\" data-sptoggle=\"spcollapse\" data-sptarget=\"#collapse70054\" aria-controls=\"collapse70054\" href=\"#\" aria-expanded=\"false\" tabindex=\"0\"><i aria-hidden=\"true\" role=\"presentation\" class=\"ea-expand-icon eap-icon-ea-expand-plus\"><\/i> Vilka material \u00e4r implantat\/t\u00e4nder gjorda av?<\/a><\/h3><div class=\"sp-collapse spcollapse spcollapse\" id=\"collapse70054\" data-parent=\"#sp-ea-7005\" role=\"region\" aria-labelledby=\"ea-header-70054\"> <div class=\"ea-body\"><p><span style=\"color: #808080\">Tandimplantatet \u00e4r tillverkat av titan. F\u00f6r t\u00e4nder ovanp\u00e5 implantaten anv\u00e4nds olika estetiska material, beroende p\u00e5 kundernas \u00f6nskem\u00e5l.<\/span><\/p><\/div><\/div><\/div><div class=\"ea-card sp-ea-single\"><h3 class=\"ea-header\"><a class=\"collapsed\" id=\"ea-header-70055\" role=\"button\" data-sptoggle=\"spcollapse\" data-sptarget=\"#collapse70055\" aria-controls=\"collapse70055\" href=\"#\" aria-expanded=\"false\" tabindex=\"0\"><i aria-hidden=\"true\" role=\"presentation\" class=\"ea-expand-icon eap-icon-ea-expand-plus\"><\/i> Vilka val har jag n\u00e4r det g\u00e4ller t\u00e4ndernas storlek, form och f\u00e4rg?<\/a><\/h3><div class=\"sp-collapse spcollapse spcollapse\" id=\"collapse70055\" data-parent=\"#sp-ea-7005\" role=\"region\" aria-labelledby=\"ea-header-70055\"> <div class=\"ea-body\"><p><span style=\"color: #808080\">Vi anv\u00e4nder Exocad, vilket \u00e4r den b\u00e4sta programvaran f\u00f6r CAD och den f\u00f6resl\u00e5r vanligtvis automatiskt det b\u00e4sta alternativet n\u00e4r det g\u00e4ller storlek och form. Men eftersom du har sista ordet kan du f\u00f6rse oss med gamla bilder eller ber\u00e4tta direkt om dina f\u00f6rv\u00e4ntningar,<\/span><\/p><\/div><\/div><\/div><div class=\"ea-card sp-ea-single\"><h3 class=\"ea-header\"><a class=\"collapsed\" id=\"ea-header-70056\" role=\"button\" data-sptoggle=\"spcollapse\" data-sptarget=\"#collapse70056\" aria-controls=\"collapse70056\" href=\"#\" aria-expanded=\"false\" tabindex=\"0\"><i aria-hidden=\"true\" role=\"presentation\" class=\"ea-expand-icon eap-icon-ea-expand-plus\"><\/i> Vilken skillnad \u00e4r det mellan allt-p\u00e5-4- och allt-p\u00e5-6-implantat?<\/a><\/h3><div class=\"sp-collapse spcollapse spcollapse\" id=\"collapse70056\" data-parent=\"#sp-ea-7005\" role=\"region\" aria-labelledby=\"ea-header-70056\"> <div class=\"ea-body\"><p><span style=\"color: #808080\">De avser antalet implantat, som kommer att placeras i k\u00e4karna. Vanligtvis anv\u00e4nds allt-p\u00e5-4 f\u00f6r underk\u00e4ken, allt-p\u00e5-6 f\u00f6r \u00f6verk\u00e4ken.<\/span><\/p><\/div><\/div><\/div><div class=\"ea-card sp-ea-single\"><h3 class=\"ea-header\"><a class=\"collapsed\" id=\"ea-header-70057\" role=\"button\" data-sptoggle=\"spcollapse\" data-sptarget=\"#collapse70057\" aria-controls=\"collapse70057\" href=\"#\" aria-expanded=\"false\" tabindex=\"0\"><i aria-hidden=\"true\" role=\"presentation\" class=\"ea-expand-icon eap-icon-ea-expand-plus\"><\/i> \u00c4r tandimplantatoperation sm\u00e4rtsam och vilken bed\u00f6vning anv\u00e4nder man?<\/a><\/h3><div class=\"sp-collapse spcollapse spcollapse\" id=\"collapse70057\" data-parent=\"#sp-ea-7005\" role=\"region\" aria-labelledby=\"ea-header-70057\"> <div class=\"ea-body\"><p><span style=\"color: #808080\">Implantatoperation \u00e4r sm\u00e4rtfri och utf\u00f6rs med lokalbed\u00f6vning. Vid behov kan allm\u00e4n bed\u00f6vning ocks\u00e5 anv\u00e4ndas. Efter operationen kan man k\u00e4nna sm\u00e4rta och svullnad kan uppst\u00e5. F\u00f6r de flesta patienter kan de sm\u00e4rtstillande medel som man kan ta f\u00f6r huvudv\u00e4rk vara allt som beh\u00f6vs under n\u00e5gra dagar. Om du upplever mer obehag \u00e4n detta, s\u00e5 kan starkare mediciner ordineras.<\/span><\/p><\/div><\/div><\/div><div class=\"ea-card sp-ea-single\"><h3 class=\"ea-header\"><a class=\"collapsed\" id=\"ea-header-70058\" role=\"button\" data-sptoggle=\"spcollapse\" data-sptarget=\"#collapse70058\" aria-controls=\"collapse70058\" href=\"#\" aria-expanded=\"false\" tabindex=\"0\"><i aria-hidden=\"true\" role=\"presentation\" class=\"ea-expand-icon eap-icon-ea-expand-plus\"><\/i> Vad ska man \u00e4ta\/g\u00f6ra efter operationen?<\/a><\/h3><div class=\"sp-collapse spcollapse spcollapse\" id=\"collapse70058\" data-parent=\"#sp-ea-7005\" role=\"region\" aria-labelledby=\"ea-header-70058\"> <div class=\"ea-body\"><p><span style=\"color: #808080\">Du kommer att f\u00e5 en broschyr med detaljerade anvisningar f\u00f6r behandling efter operationen.<\/span><br \/><span style=\"color: #808080\">I allm\u00e4nhet b\u00f6r du, efter implantatoperationen, inta mer v\u00e4tska och \u00e4ta mjuk mat och mat i pur\u00e9form. Under l\u00e4kningsprocessen \u00e4r det bra att \u00e4ta mat, som inte kr\u00e4ver s\u00e5 mycket tuggande. Tuggkrafterna b\u00f6r h\u00e5llas skonsamma under de f\u00f6rsta 4 till 6 m\u00e5naderna.<\/span><br \/><span style=\"color: #808080\">R\u00f6kning rekommenderas inte.<\/span><\/p><\/div><\/div><\/div><div class=\"ea-card sp-ea-single\"><h3 class=\"ea-header\"><a class=\"collapsed\" id=\"ea-header-70059\" role=\"button\" data-sptoggle=\"spcollapse\" data-sptarget=\"#collapse70059\" aria-controls=\"collapse70059\" href=\"#\" aria-expanded=\"false\" tabindex=\"0\"><i aria-hidden=\"true\" role=\"presentation\" class=\"ea-expand-icon eap-icon-ea-expand-plus\"><\/i> Hur man underh\u00e5ller tandimplantat och kronor\/bryggor?<\/a><\/h3><div class=\"sp-collapse spcollapse spcollapse\" id=\"collapse70059\" data-parent=\"#sp-ea-7005\" role=\"region\" aria-labelledby=\"ea-header-70059\"> <div class=\"ea-body\"><p><span style=\"color: #808080\">P\u00e5 samma s\u00e4tt som med naturliga t\u00e4nder m\u00e5ste implantat tas om hand och regelbundna kontroller \u00e4r v\u00e4sentliga f\u00f6r att f\u00f6rl\u00e4nga livsl\u00e4ngden. Du b\u00f6r ta hand om implantat p\u00e5 ungef\u00e4r samma s\u00e4tt som naturliga t\u00e4nder, men du b\u00f6r vara s\u00e4rskilt uppm\u00e4rksam p\u00e5 st\u00e4llen f\u00f6r implantaten. Borstning tv\u00e5 g\u00e5nger om dagen, tandtr\u00e5d och regelbundna hygienbes\u00f6k kommer att h\u00e5lla dem friska. En \u00e5rlig \u00f6versyn av implantaten \u00e4r mycket viktig f\u00f6r att kontrollera kvaliteten p\u00e5 ben- och tandk\u00f6ttsh\u00e4lsan runt implantatomr\u00e5det.<\/span><br \/><span style=\"color: #808080\">Medveten v\u00e5rd hemma och regelbundna professionella s\u00f6kningar \u00e4r avg\u00f6rande f\u00f6r deras stabilitet.<\/span><\/p><\/div><\/div><\/div><div class=\"ea-card sp-ea-single\"><h3 class=\"ea-header\"><a class=\"collapsed\" id=\"ea-header-700510\" role=\"button\" data-sptoggle=\"spcollapse\" data-sptarget=\"#collapse700510\" aria-controls=\"collapse700510\" href=\"#\" aria-expanded=\"false\" tabindex=\"0\"><i aria-hidden=\"true\" role=\"presentation\" class=\"ea-expand-icon eap-icon-ea-expand-plus\"><\/i> Hur ofta ska jag g\u00f6ra en implantat- och kron-\/brygg-kontroll?<\/a><\/h3><div class=\"sp-collapse spcollapse spcollapse\" id=\"collapse700510\" data-parent=\"#sp-ea-7005\" role=\"region\" aria-labelledby=\"ea-header-700510\"> <div class=\"ea-body\"><p><span style=\"color: #808080\">Det rekommenderas att utf\u00f6ra en professionell unders\u00f6kning minst tv\u00e5 g\u00e5nger om \u00e5ret.<\/span><\/p><\/div><\/div><\/div><div class=\"ea-card sp-ea-single\"><h3 class=\"ea-header\"><a class=\"collapsed\" id=\"ea-header-700511\" role=\"button\" data-sptoggle=\"spcollapse\" data-sptarget=\"#collapse700511\" aria-controls=\"collapse700511\" href=\"#\" aria-expanded=\"false\" tabindex=\"0\"><i aria-hidden=\"true\" role=\"presentation\" class=\"ea-expand-icon eap-icon-ea-expand-plus\"><\/i> Vad ska jag g\u00f6ra om jag har problem?<\/a><\/h3><div class=\"sp-collapse spcollapse spcollapse\" id=\"collapse700511\" data-parent=\"#sp-ea-7005\" role=\"region\" aria-labelledby=\"ea-header-700511\"> <div class=\"ea-body\"><p><span style=\"color: #808080\">Om du har n\u00e5gra problem uppmuntrar vi dig att kontakta oss omedelbart, s\u00e5 hj\u00e4lper vi dig att hitta den mest effektiva l\u00f6sningen f\u00f6r ditt tillst\u00e5nd.<\/span><\/p><\/div><\/div><\/div><div class=\"ea-card sp-ea-single\"><h3 class=\"ea-header\"><a class=\"collapsed\" id=\"ea-header-700512\" role=\"button\" data-sptoggle=\"spcollapse\" data-sptarget=\"#collapse700512\" aria-controls=\"collapse700512\" href=\"#\" aria-expanded=\"false\" tabindex=\"0\"><i aria-hidden=\"true\" role=\"presentation\" class=\"ea-expand-icon eap-icon-ea-expand-plus\"><\/i> Vilken garanti har implantaten?<\/a><\/h3><div class=\"sp-collapse spcollapse spcollapse\" id=\"collapse700512\" data-parent=\"#sp-ea-7005\" role=\"region\" aria-labelledby=\"ea-header-700512\"> <div class=\"ea-body\"><p><\/p><ul><li>Strukturell garanti - 5 \u00e5r under vissa f\u00f6ruts\u00e4ttningar.<\/li><\/ul><p><span style=\"color: #808080\"> <\/span><\/p><p><span style=\"color: #808080\">Eftersom implantat liknar naturliga t\u00e4nder b\u00f6r de, om de omh\u00e4ndertas v\u00e4l, r\u00e4cka i m\u00e5nga \u00e5r. Det finns en liten risk att ett implantat misslyckas att osseo-integrera, det vill s\u00e4ga att det inte f\u00e4ster i benet. Vi skulle normalt bli medvetna om detta under l\u00e4kningsfasen efter implantatplacering och om detta h\u00e4nder m\u00e5ste vi ta bort implantatet och placera ett nytt, flera veckor senare. N\u00e4r det \u00e4r integrerat och fungerar, s\u00e5 har man \u00f6ver 90 % chans att alla implantat fortfarande fungerar bra efter 25 \u00e5r. D\u00e4rf\u00f6r \u00e4r implantat ett l\u00e5ngsiktigt och f\u00f6ruts\u00e4gbart behandlingsalternativ.<\/span><\/p><p><\/p><\/div><\/div><\/div><div class=\"ea-card sp-ea-single\"><h3 class=\"ea-header\"><a class=\"collapsed\" id=\"ea-header-700513\" role=\"button\" data-sptoggle=\"spcollapse\" data-sptarget=\"#collapse700513\" aria-controls=\"collapse700513\" href=\"#\" aria-expanded=\"false\" tabindex=\"0\"><i aria-hidden=\"true\" role=\"presentation\" class=\"ea-expand-icon eap-icon-ea-expand-plus\"><\/i> Vilka betalningss\u00e4tt godk\u00e4nner ni?<\/a><\/h3><div class=\"sp-collapse spcollapse spcollapse\" id=\"collapse700513\" data-parent=\"#sp-ea-7005\" role=\"region\" aria-labelledby=\"ea-header-700513\"> <div class=\"ea-body\"><p><span style=\"color: #808080\">Vi godk\u00e4nner kontanter, betalkort\/ kreditkort, bank\u00f6verf\u00f6ring (f\u00f6re operation), direkta online-betalningsmetoder.<\/span><\/p><\/div><\/div><\/div><\/div><\/div>\n","protected":false},"excerpt":{"rendered":"Vad ing\u00e5r i det angivna priset? Gratis inledande online-unders\u00f6kning med en panoramar\u00f6ntgen fr\u00e5n patienten\u0422ransport fr\u00e5n flygplatsen till hotellet och efterf\u00f6ljande bes\u00f6k p\u00e5 kliniken till certifierat Covid-testlaboratorium och annat vid behovUnders\u00f6kning av munnen p\u00e5 kliniken. BehandlingsplanAllt som ing\u00e5r i behandlingsprocessenMedicinering efter operation inklusive antibiotika och sm\u00e4rtstillande medelMunhygiensatsAlla p\u00e5f\u00f6ljande kontroller Varf\u00f6r \u00e4r det s\u00e5 prisv\u00e4rt? Som implantatspecialiserad <div class=\"btn-more-wrapper\"><a href=\"https:\/\/sofiaimplantcentre.com\/sv\/vanliga-fragor-och-svar\/\" class=\"btn btn-sm btn-hover-fill\"><svg class=\"icon icon-right-arrow\" version=\"1.1\" xmlns=\"http:\/\/www.w3.org\/2000\/svg\" width=\"32\" height=\"32\" viewBox=\"0 0 32 32\"><path d=\"M21.548 5.088c-0.436-0.451-1.162-0.451-1.613 0-0.436 0.436-0.436 1.162 0 1.596l8.177 8.177h-26.984c-0.629 0.001-1.129 0.501-1.129 1.13s0.5 1.145 1.129 1.145h26.984l-8.177 8.162c-0.436 0.451-0.436 1.178 0 1.613 0.451 0.451 1.178 0.451 1.613 0l10.113-10.113c0.451-0.436 0.451-1.162 0-1.596l-10.113-10.114z\"><\/path><\/svg>Read More<span class=\"screen-reader-text\"> \"Vanliga fr\u00e5gor och svar\"<\/span><svg class=\"icon icon-right-arrow\" version=\"1.1\" xmlns=\"http:\/\/www.w3.org\/2000\/svg\" width=\"32\" height=\"32\" viewBox=\"0 0 32 32\"><path d=\"M21.548 5.088c-0.436-0.451-1.162-0.451-1.613 0-0.436 0.436-0.436 1.162 0 1.596l8.177 8.177h-26.984c-0.629 0.001-1.129 0.501-1.129 1.13s0.5 1.145 1.129 1.145h26.984l-8.177 8.162c-0.436 0.451-0.436 1.178 0 1.613 0.451 0.451 1.178 0.451 1.613 0l10.113-10.113c0.451-0.436 0.451-1.162 0-1.596l-10.113-10.114z\"><\/path><\/svg><\/a><\/div>","protected":false},"author":1,"featured_media":0,"parent":0,"menu_order":0,"comment_status":"closed","ping_status":"closed","template":"","meta":{"footnotes":""},"class_list":["post-7008","page","type-page","status-publish","hentry"],"_links":{"self":[{"href":"https:\/\/sofiaimplantcentre.com\/sv\/wp-json\/wp\/v2\/pages\/7008","targetHints":{"allow":["GET"]}}],"collection":[{"href":"https:\/\/sofiaimplantcentre.com\/sv\/wp-json\/wp\/v2\/pages"}],"about":[{"href":"https:\/\/sofiaimplantcentre.com\/sv\/wp-json\/wp\/v2\/types\/page"}],"author":[{"embeddable":true,"href":"https:\/\/sofiaimplantcentre.com\/sv\/wp-json\/wp\/v2\/users\/1"}],"replies":[{"embeddable":true,"href":"https:\/\/sofiaimplantcentre.com\/sv\/wp-json\/wp\/v2\/comments?post=7008"}],"version-history":[{"count":2,"href":"https:\/\/sofiaimplantcentre.com\/sv\/wp-json\/wp\/v2\/pages\/7008\/revisions"}],"predecessor-version":[{"id":7010,"href":"https:\/\/sofiaimplantcentre.com\/sv\/wp-json\/wp\/v2\/pages\/7008\/revisions\/7010"}],"wp:attachment":[{"href":"https:\/\/sofiaimplantcentre.com\/sv\/wp-json\/wp\/v2\/media?parent=7008"}],"curies":[{"name":"wp","href":"https:\/\/api.w.org\/{rel}","templated":true}]}}