{"id":6919,"date":"2021-07-28T10:49:52","date_gmt":"2021-07-28T07:49:52","guid":{"rendered":"https:\/\/sofiaimplantcentre.com\/sikca-sorulan-sorular-2\/"},"modified":"2021-07-28T10:50:21","modified_gmt":"2021-07-28T07:50:21","slug":"sikca-sorulan-sorular-2","status":"publish","type":"page","link":"https:\/\/sofiaimplantcentre.com\/tr\/sikca-sorulan-sorular-2\/","title":{"rendered":"S\u0131k\u00e7a Sorulan Sorular"},"content":{"rendered":"<style>#sp-ea-6911 .spcollapsing { height: 0; overflow: hidden; transition-property: height;transition-duration: 500ms;}#sp-ea-6911.sp-easy-accordion>.sp-ea-single {margin-bottom: 10px; border: 1px solid #2eacc2; }#sp-ea-6911.sp-easy-accordion>.sp-ea-single>.ea-header a {color: #444;}#sp-ea-6911.sp-easy-accordion>.sp-ea-single>.sp-collapse>.ea-body {background: #ffffff; color: #444;}#sp-ea-6911.sp-easy-accordion>.sp-ea-single {background: #ffffff;}#sp-ea-6911.sp-easy-accordion>.sp-ea-single>.ea-header a .ea-expand-icon { float: left; color: #2eacc2;font-size: 16px;}<\/style><div id=\"sp_easy_accordion-1776127267\"><div id=\"sp-ea-6911\" class=\"sp-ea-one sp-easy-accordion\" data-ea-active=\"ea-click\" data-ea-mode=\"vertical\" data-preloader=\"\" data-scroll-active-item=\"\" data-offset-to-scroll=\"0\"><div class=\"ea-card sp-ea-single\"><h3 class=\"ea-header\"><a class=\"collapsed\" id=\"ea-header-69110\" role=\"button\" data-sptoggle=\"spcollapse\" data-sptarget=\"#collapse69110\" aria-controls=\"collapse69110\" href=\"#\" aria-expanded=\"false\" tabindex=\"0\"><i aria-hidden=\"true\" role=\"presentation\" class=\"ea-expand-icon eap-icon-ea-expand-plus\"><\/i> Belirtilen fiyata neler dahil?<\/a><\/h3><div class=\"sp-collapse spcollapse spcollapse\" id=\"collapse69110\" data-parent=\"#sp-ea-6911\" role=\"region\" aria-labelledby=\"ea-header-69110\"> <div class=\"ea-body\"><ul><li><span style=\"color: #808080\">Hastadan panoramik X \u0131\u015f\u0131n\u0131 ile \u00fccretsiz ba\u015flang\u0131\u00e7 \u00e7evrimi\u00e7i muayene<\/span><\/li><li><span style=\"color: #808080\">Otelden havaliman\u0131na transfer ve onayl\u0131 bir covid test laboratuvar\u0131na sonraki klinik ziyaretleri ve gerekirse di\u011ferleri<\/span><\/li><li><span style=\"color: #808080\">Klinikte a\u011f\u0131z i\u00e7i muayene. Tedavi plan\u0131<\/span><\/li><li><span style=\"color: #808080\">Tedavi s\u00fcrecine dahil olan her \u015fey<\/span><\/li><li><span style=\"color: #808080\">Antibiyotik ve a\u011fr\u0131 kesiciler de dahil olmak \u00fczere postoperatif ila\u00e7lar<\/span><\/li><li><span style=\"color: #808080\">A\u011f\u0131z hijyen kiti<\/span><\/li><li><span style=\"color: #808080\">Sonraki t\u00fcm kontroller<\/span><\/li><\/ul><\/div><\/div><\/div><div class=\"ea-card sp-ea-single\"><h3 class=\"ea-header\"><a class=\"collapsed\" id=\"ea-header-69111\" role=\"button\" data-sptoggle=\"spcollapse\" data-sptarget=\"#collapse69111\" aria-controls=\"collapse69111\" href=\"#\" aria-expanded=\"false\" tabindex=\"0\"><i aria-hidden=\"true\" role=\"presentation\" class=\"ea-expand-icon eap-icon-ea-expand-plus\"><\/i> Neden fiyat\u0131 bu kadar uygun?<\/a><\/h3><div class=\"sp-collapse spcollapse spcollapse\" id=\"collapse69111\" data-parent=\"#sp-ea-6911\" role=\"region\" aria-labelledby=\"ea-header-69111\"> <div class=\"ea-body\"><p><span style=\"color: #808080\">Bulgaristan'da bulunan implant uzman\u0131 bir birim olarak b\u00fcy\u00fck bir \u00f6l\u00e7ek ekonomisi ya\u015farken rakipsiz fiyat\/kalite oran\u0131n\u0131 korumay\u0131 ba\u015farabiliyoruz.<\/span><\/p><ul><li><span style=\"color: #808080\">\u00a0y\u00fcksek hacimlerde \u00e7al\u0131\u015farak implant ve t\u00fcm di\u011fer malzemeleri daha b\u00fcy\u00fck indirimlerle do\u011frudan \u00fcreticilerden alabiliyoruz;<\/span><\/li><li><span style=\"color: #808080\">\u00a0i\u015f s\u00fcre\u00e7lerimiz vakit ve kaynaktan bolca tasarruf eden bir \u015fekilde optimize edildi;<\/span><\/li><li><span style=\"color: #808080\">kendi x \u0131\u015f\u0131n\u0131m\u0131z ve di\u015f laboratuvarlar\u0131m\u0131z da dahil olmak \u00fczere t\u00fcm ba\u011fl\u0131 s\u00fcre\u00e7lerimiz kendi i\u00e7imizde mevcut.<\/span><\/li><\/ul><\/div><\/div><\/div><div class=\"ea-card sp-ea-single\"><h3 class=\"ea-header\"><a class=\"collapsed\" id=\"ea-header-69112\" role=\"button\" data-sptoggle=\"spcollapse\" data-sptarget=\"#collapse69112\" aria-controls=\"collapse69112\" href=\"#\" aria-expanded=\"false\" tabindex=\"0\"><i aria-hidden=\"true\" role=\"presentation\" class=\"ea-expand-icon eap-icon-ea-expand-plus\"><\/i> Klini\u011fe ka\u00e7 kez gelmem gerekiyor ve ne kadar kalmam gerekiyor?<\/a><\/h3><div class=\"sp-collapse spcollapse spcollapse\" id=\"collapse69112\" data-parent=\"#sp-ea-6911\" role=\"region\" aria-labelledby=\"ea-header-69112\"> <div class=\"ea-body\"><p><span style=\"color: #808080\">\u0130htiyac\u0131n\u0131z olan tedavi t\u00fcr\u00fcne ba\u011fl\u0131. Her bir vaka e\u015fsizdir, bu nedenle, bu soruyla ilgili olarak bizimle ileti\u015fime ge\u00e7menizi tavsiye ederiz. Sizin ihtiya\u00e7lar\u0131n\u0131z\u0131n neler oldu\u011funu bilirsek tedavi s\u00fcresini size belirtebiliriz.<\/span><\/p><p><span style=\"color: #808080\">Tahmini s\u00fcreler:<\/span><\/p><ul><li><span style=\"color: #808080\">Di\u015f implant\u0131 ameliyat\u0131: 1-5 g\u00fcn<\/span><\/li><li><span style=\"color: #808080\">Di\u015f kuronlar\u0131: 5-10 g\u00fcn<\/span><\/li><li><span style=\"color: #808080\">K\u00f6pr\u00fcler: 5-10 g\u00fcn<\/span><\/li><\/ul><\/div><\/div><\/div><div class=\"ea-card sp-ea-single\"><h3 class=\"ea-header\"><a class=\"collapsed\" id=\"ea-header-69113\" role=\"button\" data-sptoggle=\"spcollapse\" data-sptarget=\"#collapse69113\" aria-controls=\"collapse69113\" href=\"#\" aria-expanded=\"false\" tabindex=\"0\"><i aria-hidden=\"true\" role=\"presentation\" class=\"ea-expand-icon eap-icon-ea-expand-plus\"><\/i> Var\u0131\u015f\u0131mdan sonra ne olacak?<\/a><\/h3><div class=\"sp-collapse spcollapse spcollapse\" id=\"collapse69113\" data-parent=\"#sp-ea-6911\" role=\"region\" aria-labelledby=\"ea-header-69113\"> <div class=\"ea-body\"><p><span style=\"color: #808080\">Randevunuzu kabul ettikten sonra sizi havaliman\u0131ndan al\u0131r\u0131z. Var\u0131\u015f tarihinize ve saatinize ba\u011fl\u0131 olarak sizi otele ya da klini\u011fe g\u00f6t\u00fcr\u00fcz.<\/span><br \/><span style=\"color: #808080\">Tedavi hemen ba\u015flar. Genellikle ilk yolculu\u011funuz i\u00e7in 4 veya 5 g\u00fcn kalman\u0131z gerekir.<\/span><br \/><span style=\"color: #808080\">A\u015fa\u011f\u0131daki tedavi s\u00fcreci a\u015famalar\u0131 sizinle g\u00f6r\u00fc\u015f\u00fcl\u00fcp planlan\u0131r.<\/span><\/p><\/div><\/div><\/div><div class=\"ea-card sp-ea-single\"><h3 class=\"ea-header\"><a class=\"collapsed\" id=\"ea-header-69114\" role=\"button\" data-sptoggle=\"spcollapse\" data-sptarget=\"#collapse69114\" aria-controls=\"collapse69114\" href=\"#\" aria-expanded=\"false\" tabindex=\"0\"><i aria-hidden=\"true\" role=\"presentation\" class=\"ea-expand-icon eap-icon-ea-expand-plus\"><\/i> \u0130mplantlar\/di\u015fler hangi malzemelerden yap\u0131l\u0131yor?<\/a><\/h3><div class=\"sp-collapse spcollapse spcollapse\" id=\"collapse69114\" data-parent=\"#sp-ea-6911\" role=\"region\" aria-labelledby=\"ea-header-69114\"> <div class=\"ea-body\"><p><span style=\"color: #808080\">Di\u015f implant\u0131 titanyumdan yap\u0131l\u0131r. \u0130mplantlar\u0131n \u00fczerindeki di\u015f i\u00e7in hastalar\u0131n isteklerine g\u00f6re farkl\u0131 estetik malzemeleri kullan\u0131l\u0131r.<\/span><\/p><\/div><\/div><\/div><div class=\"ea-card sp-ea-single\"><h3 class=\"ea-header\"><a class=\"collapsed\" id=\"ea-header-69115\" role=\"button\" data-sptoggle=\"spcollapse\" data-sptarget=\"#collapse69115\" aria-controls=\"collapse69115\" href=\"#\" aria-expanded=\"false\" tabindex=\"0\"><i aria-hidden=\"true\" role=\"presentation\" class=\"ea-expand-icon eap-icon-ea-expand-plus\"><\/i> Di\u015fin \u015fekli ve rengi ile ilgili olarak hangi se\u00e7eneklerim var?<\/a><\/h3><div class=\"sp-collapse spcollapse spcollapse\" id=\"collapse69115\" data-parent=\"#sp-ea-6911\" role=\"region\" aria-labelledby=\"ea-header-69115\"> <div class=\"ea-body\"><p><span style=\"color: #808080\">CAD i\u00e7in en iyi yaz\u0131l\u0131m olan Exocad'\u0131 kullan\u0131r\u0131z ve bu genellikle boyut ve \u015fekil konusunda en iyi se\u00e7ene\u011fi otomatik olarak \u00f6nerir. Ama son s\u00f6z size ait oldu\u011fu i\u00e7in bize eski resimlerinizi sunabilir veya do\u011frudan kendi beklentilerinizi s\u00f6yleyebilirsiniz ve biz de bunu di\u015f teknisyenlerine iletiriz.<\/span><\/p><\/div><\/div><\/div><div class=\"ea-card sp-ea-single\"><h3 class=\"ea-header\"><a class=\"collapsed\" id=\"ea-header-69116\" role=\"button\" data-sptoggle=\"spcollapse\" data-sptarget=\"#collapse69116\" aria-controls=\"collapse69116\" href=\"#\" aria-expanded=\"false\" tabindex=\"0\"><i aria-hidden=\"true\" role=\"presentation\" class=\"ea-expand-icon eap-icon-ea-expand-plus\"><\/i> All-on-4 ve all-on-6 implantlar\u0131n\u0131n aras\u0131ndaki fark nedir?<\/a><\/h3><div class=\"sp-collapse spcollapse spcollapse\" id=\"collapse69116\" data-parent=\"#sp-ea-6911\" role=\"region\" aria-labelledby=\"ea-header-69116\"> <div class=\"ea-body\"><p><span style=\"color: #808080\">Bunlar \u00e7enelere yerle\u015ftirilecek olan implantlar\u0131n say\u0131s\u0131n\u0131 ifade eder. Genellikle alt \u00e7ene kemi\u011finde all-on-4, \u00fcst \u00e7ene kemi\u011finde all-on-6 kullan\u0131l\u0131r.<\/span><\/p><\/div><\/div><\/div><div class=\"ea-card sp-ea-single\"><h3 class=\"ea-header\"><a class=\"collapsed\" id=\"ea-header-69117\" role=\"button\" data-sptoggle=\"spcollapse\" data-sptarget=\"#collapse69117\" aria-controls=\"collapse69117\" href=\"#\" aria-expanded=\"false\" tabindex=\"0\"><i aria-hidden=\"true\" role=\"presentation\" class=\"ea-expand-icon eap-icon-ea-expand-plus\"><\/i> Di\u015f implant\u0131 ameliyat\u0131 a\u011fr\u0131l\u0131 m\u0131d\u0131r ve nas\u0131l bir anestezi kullan\u0131yorsunuz?<\/a><\/h3><div class=\"sp-collapse spcollapse spcollapse\" id=\"collapse69117\" data-parent=\"#sp-ea-6911\" role=\"region\" aria-labelledby=\"ea-header-69117\"> <div class=\"ea-body\"><p><span style=\"color: #808080\">\u0130mplant ameliyat\u0131 a\u011fr\u0131s\u0131z olup lokal anestezi alt\u0131nda yap\u0131l\u0131r. Gerekti\u011finde genel anestezi de yap\u0131labilir. Ameliyat sonras\u0131nda a\u011fr\u0131 hissedilebilir ve \u015fi\u015flik meydana gelebilir. Pek \u00e7ok hastada birka\u00e7 g\u00fcn boyunca tek ihtiyac\u0131n\u0131z olan ba\u015f a\u011fr\u0131s\u0131 i\u00e7in alabilece\u011finiz a\u011fr\u0131 kesicilerden herhangi biri olacakt\u0131r. Bundan daha fazla rahats\u0131zl\u0131k ya\u015farsan\u0131z daha g\u00fc\u00e7l\u00fc ila\u00e7lar yaz\u0131labilir.<\/span><\/p><\/div><\/div><\/div><div class=\"ea-card sp-ea-single\"><h3 class=\"ea-header\"><a class=\"collapsed\" id=\"ea-header-69118\" role=\"button\" data-sptoggle=\"spcollapse\" data-sptarget=\"#collapse69118\" aria-controls=\"collapse69118\" href=\"#\" aria-expanded=\"false\" tabindex=\"0\"><i aria-hidden=\"true\" role=\"presentation\" class=\"ea-expand-icon eap-icon-ea-expand-plus\"><\/i> Ameliyattan sonra neler yenir\/ne yap\u0131l\u0131r?<\/a><\/h3><div class=\"sp-collapse spcollapse spcollapse\" id=\"collapse69118\" data-parent=\"#sp-ea-6911\" role=\"region\" aria-labelledby=\"ea-header-69118\"> <div class=\"ea-body\"><p>Size ameliyat sonras\u0131 tedaviye y\u00f6nelik ayr\u0131nt\u0131l\u0131 talimatlar\u0131 i\u00e7eren bir bro\u015f\u00fcr verilir.<br \/>Genellikle, implant ameliyat\u0131ndan sonra daha fazla s\u0131v\u0131 almal\u0131 ve yumu\u015fak ve p\u00fcre \u015feklinde g\u0131dalar t\u00fcketmelisinz. \u0130yile\u015fme s\u00fcrecinde \u00e7ok fazla \u00e7i\u011fneme gerektirmeyen yemekler yemek uygundur.<br \/>Sigara i\u00e7ilmesi \u00f6nerilmez.<\/p><\/div><\/div><\/div><div class=\"ea-card sp-ea-single\"><h3 class=\"ea-header\"><a class=\"collapsed\" id=\"ea-header-69119\" role=\"button\" data-sptoggle=\"spcollapse\" data-sptarget=\"#collapse69119\" aria-controls=\"collapse69119\" href=\"#\" aria-expanded=\"false\" tabindex=\"0\"><i aria-hidden=\"true\" role=\"presentation\" class=\"ea-expand-icon eap-icon-ea-expand-plus\"><\/i> Di\u015f implantlar\u0131 ve kuronlar\/k\u00f6pr\u00fcler nas\u0131l korunur?<\/a><\/h3><div class=\"sp-collapse spcollapse spcollapse\" id=\"collapse69119\" data-parent=\"#sp-ea-6911\" role=\"region\" aria-labelledby=\"ea-header-69119\"> <div class=\"ea-body\"><p>Do\u011fal di\u015fte oldu\u011fu gibi, implantlar\u0131n da \u00f6mr\u00fcn\u00fc uzatmak i\u00e7in iyi bak\u0131lmas\u0131 gerekir ve d\u00fczenli kontroller \u00f6nemlidir. \u0130mplantlara do\u011fal di\u015fe bakt\u0131\u011f\u0131n\u0131z kadar iyi bakmal\u0131s\u0131n\u0131z ancak implant alanlar\u0131na \u00f6zellikle \u00f6zen g\u00f6stermelisiniz. G\u00fcnde iki kez f\u0131r\u00e7alamak, di\u015f ipi kullan\u0131m\u0131 ve d\u00fczenli temizleme randevular\u0131 onlar\u0131 sa\u011fl\u0131kl\u0131 tutacakt\u0131r. \u0130mplant b\u00f6lggesinin etraf\u0131ndaki kemik ve di\u015feti sa\u011fl\u0131\u011f\u0131n\u0131n kalitesini incelemek amac\u0131yla y\u0131ll\u0131k implant de\u011ferlendirmesi \u00f6nemlidir.<br \/>Dayan\u0131kl\u0131l\u0131klar\u0131 i\u00e7in bilin\u00e7li ev bak\u0131m\u0131 ve d\u00fczenli profesyonel muayeneler gerekir.<\/p><\/div><\/div><\/div><div class=\"ea-card sp-ea-single\"><h3 class=\"ea-header\"><a class=\"collapsed\" id=\"ea-header-691110\" role=\"button\" data-sptoggle=\"spcollapse\" data-sptarget=\"#collapse691110\" aria-controls=\"collapse691110\" href=\"#\" aria-expanded=\"false\" tabindex=\"0\"><i aria-hidden=\"true\" role=\"presentation\" class=\"ea-expand-icon eap-icon-ea-expand-plus\"><\/i> Ne kadar s\u0131kl\u0131kla implant ve kuron\/k\u00f6pr\u00fc kontrol\u00fcne gitmeliyim?<\/a><\/h3><div class=\"sp-collapse spcollapse spcollapse\" id=\"collapse691110\" data-parent=\"#sp-ea-6911\" role=\"region\" aria-labelledby=\"ea-header-691110\"> <div class=\"ea-body\"><p>Y\u0131lda en az iki kez profesyonel bir muayene olmak gerekmektedir.<\/p><\/div><\/div><\/div><div class=\"ea-card sp-ea-single\"><h3 class=\"ea-header\"><a class=\"collapsed\" id=\"ea-header-691111\" role=\"button\" data-sptoggle=\"spcollapse\" data-sptarget=\"#collapse691111\" aria-controls=\"collapse691111\" href=\"#\" aria-expanded=\"false\" tabindex=\"0\"><i aria-hidden=\"true\" role=\"presentation\" class=\"ea-expand-icon eap-icon-ea-expand-plus\"><\/i> Sorun ya\u015farsam ne yapmal\u0131y\u0131m?<\/a><\/h3><div class=\"sp-collapse spcollapse spcollapse\" id=\"collapse691111\" data-parent=\"#sp-ea-6911\" role=\"region\" aria-labelledby=\"ea-header-691111\"> <div class=\"ea-body\"><p>Sorun ya\u015farsan\u0131z derhal bizimle ileti\u015fime ge\u00e7meniz konusunda sizi te\u015fvik ediyoruz; b\u00f6ylece, durumunuz i\u00e7in en etkili \u00e7\u00f6z\u00fcm\u00fc bulman\u0131za yard\u0131mc\u0131 oluruz.<\/p><\/div><\/div><\/div><div class=\"ea-card sp-ea-single\"><h3 class=\"ea-header\"><a class=\"collapsed\" id=\"ea-header-691112\" role=\"button\" data-sptoggle=\"spcollapse\" data-sptarget=\"#collapse691112\" aria-controls=\"collapse691112\" href=\"#\" aria-expanded=\"false\" tabindex=\"0\"><i aria-hidden=\"true\" role=\"presentation\" class=\"ea-expand-icon eap-icon-ea-expand-plus\"><\/i> \u0130mplantlar\u0131n ne gibi bir garantisi var?<\/a><\/h3><div class=\"sp-collapse spcollapse spcollapse\" id=\"collapse691112\" data-parent=\"#sp-ea-6911\" role=\"region\" aria-labelledby=\"ea-header-691112\"> <div class=\"ea-body\"><p>Yap\u0131lar\u0131n garantisi - belirli ko\u015fullar alt\u0131nda 5 y\u0131l.<\/p><p><span style=\"color: #808080\">\u0130mplantlar do\u011fal di\u015fe benzedi\u011fi i\u00e7in iyi bak\u0131ld\u0131klar\u0131 takdirde uzun y\u0131llar kullan\u0131labilir. \u0130mplant\u0131n osseointegrasyon ger\u00e7ekle\u015ftirememesi, yani kemi\u011fe yap\u0131\u015fmamas\u0131 gibi k\u00fc\u00e7\u00fck bir olas\u0131l\u0131k vard\u0131r. Normalde iyile\u015fme a\u015famas\u0131nda, implant yerle\u015ftirme i\u015flemi sonras\u0131nda bunun fark\u0131na var\u0131r\u0131z ve b\u00f6yle bir durum oldu\u011funda implant\u0131 \u00e7\u0131kar\u0131p birka\u00e7 hafta sonra yenisini yerle\u015ftiririz. Entegre olup i\u015flev g\u00f6sterdi\u011finde her bir implant\u0131n 25 y\u0131l sonra bile hala iyi durumda olma olas\u0131l\u0131\u011f\u0131 %90'dan fazla olacakt\u0131r. Dolay\u0131s\u0131yla, implantlar uzun vadeli ve \u00f6ng\u00f6r\u00fclebilir bir tedavi se\u00e7ene\u011fidir.<\/span><\/p><\/div><\/div><\/div><div class=\"ea-card sp-ea-single\"><h3 class=\"ea-header\"><a class=\"collapsed\" id=\"ea-header-691113\" role=\"button\" data-sptoggle=\"spcollapse\" data-sptarget=\"#collapse691113\" aria-controls=\"collapse691113\" href=\"#\" aria-expanded=\"false\" tabindex=\"0\"><i aria-hidden=\"true\" role=\"presentation\" class=\"ea-expand-icon eap-icon-ea-expand-plus\"><\/i> Hangi \u00f6deme y\u00f6ntemlerini kabul ediyorsunuz?<\/a><\/h3><div class=\"sp-collapse spcollapse spcollapse\" id=\"collapse691113\" data-parent=\"#sp-ea-6911\" role=\"region\" aria-labelledby=\"ea-header-691113\"> <div class=\"ea-body\"><p>Nakit, banka kart\u0131\/kredi kart\u0131, banka transferi (ameliyat \u00f6ncesinde), do\u011frudan internetten \u00f6deme y\u00f6ntemlerini kabul ediyoruz.<\/p><\/div><\/div><\/div><\/div><\/div>\n","protected":false},"excerpt":{"rendered":"Belirtilen fiyata neler dahil? Hastadan panoramik X \u0131\u015f\u0131n\u0131 ile \u00fccretsiz ba\u015flang\u0131\u00e7 \u00e7evrimi\u00e7i muayeneOtelden havaliman\u0131na transfer ve onayl\u0131 bir covid test laboratuvar\u0131na sonraki klinik ziyaretleri ve gerekirse di\u011ferleriKlinikte a\u011f\u0131z i\u00e7i muayene. Tedavi plan\u0131Tedavi s\u00fcrecine dahil olan her \u015feyAntibiyotik ve a\u011fr\u0131 kesiciler de dahil olmak \u00fczere postoperatif ila\u00e7larA\u011f\u0131z hijyen kitiSonraki t\u00fcm kontroller Neden fiyat\u0131 bu kadar uygun? <div class=\"btn-more-wrapper\"><a href=\"https:\/\/sofiaimplantcentre.com\/tr\/sikca-sorulan-sorular-2\/\" class=\"btn btn-sm btn-hover-fill\"><svg class=\"icon icon-right-arrow\" version=\"1.1\" xmlns=\"http:\/\/www.w3.org\/2000\/svg\" width=\"32\" height=\"32\" viewBox=\"0 0 32 32\"><path d=\"M21.548 5.088c-0.436-0.451-1.162-0.451-1.613 0-0.436 0.436-0.436 1.162 0 1.596l8.177 8.177h-26.984c-0.629 0.001-1.129 0.501-1.129 1.13s0.5 1.145 1.129 1.145h26.984l-8.177 8.162c-0.436 0.451-0.436 1.178 0 1.613 0.451 0.451 1.178 0.451 1.613 0l10.113-10.113c0.451-0.436 0.451-1.162 0-1.596l-10.113-10.114z\"><\/path><\/svg>Read More<span class=\"screen-reader-text\"> \"S\u0131k\u00e7a Sorulan Sorular\"<\/span><svg class=\"icon icon-right-arrow\" version=\"1.1\" xmlns=\"http:\/\/www.w3.org\/2000\/svg\" width=\"32\" height=\"32\" viewBox=\"0 0 32 32\"><path d=\"M21.548 5.088c-0.436-0.451-1.162-0.451-1.613 0-0.436 0.436-0.436 1.162 0 1.596l8.177 8.177h-26.984c-0.629 0.001-1.129 0.501-1.129 1.13s0.5 1.145 1.129 1.145h26.984l-8.177 8.162c-0.436 0.451-0.436 1.178 0 1.613 0.451 0.451 1.178 0.451 1.613 0l10.113-10.113c0.451-0.436 0.451-1.162 0-1.596l-10.113-10.114z\"><\/path><\/svg><\/a><\/div>","protected":false},"author":1,"featured_media":0,"parent":0,"menu_order":0,"comment_status":"closed","ping_status":"closed","template":"","meta":{"footnotes":""},"class_list":["post-6919","page","type-page","status-publish","hentry"],"_links":{"self":[{"href":"https:\/\/sofiaimplantcentre.com\/tr\/wp-json\/wp\/v2\/pages\/6919","targetHints":{"allow":["GET"]}}],"collection":[{"href":"https:\/\/sofiaimplantcentre.com\/tr\/wp-json\/wp\/v2\/pages"}],"about":[{"href":"https:\/\/sofiaimplantcentre.com\/tr\/wp-json\/wp\/v2\/types\/page"}],"author":[{"embeddable":true,"href":"https:\/\/sofiaimplantcentre.com\/tr\/wp-json\/wp\/v2\/users\/1"}],"replies":[{"embeddable":true,"href":"https:\/\/sofiaimplantcentre.com\/tr\/wp-json\/wp\/v2\/comments?post=6919"}],"version-history":[{"count":1,"href":"https:\/\/sofiaimplantcentre.com\/tr\/wp-json\/wp\/v2\/pages\/6919\/revisions"}],"predecessor-version":[{"id":6920,"href":"https:\/\/sofiaimplantcentre.com\/tr\/wp-json\/wp\/v2\/pages\/6919\/revisions\/6920"}],"wp:attachment":[{"href":"https:\/\/sofiaimplantcentre.com\/tr\/wp-json\/wp\/v2\/media?parent=6919"}],"curies":[{"name":"wp","href":"https:\/\/api.w.org\/{rel}","templated":true}]}}